{"id":5112,"date":"2026-04-22T10:31:40","date_gmt":"2026-04-22T08:31:40","guid":{"rendered":"https:\/\/olivierfelixisselin.com\/?page_id=5112"},"modified":"2026-04-22T11:09:30","modified_gmt":"2026-04-22T09:09:30","slug":"iconic-designs-yararli-olanin-icindeki-sanat","status":"publish","type":"page","link":"https:\/\/olivierfelixisselin.com\/index.php\/tr\/iconic-designs-yararli-olanin-icindeki-sanat\/","title":{"rendered":"ICONIC DESIGN[S] \u2013 Yararl\u0131 olan\u0131n i\u00e7indeki sanat"},"content":{"rendered":"\n<h2 class=\"wp-block-heading\"><strong>Tasar\u0131m\u0131n simgesel nesnelerine adanm\u0131\u015f g\u00f6rsel-i\u015fitsel bir seri<\/strong><\/h2>\n\n\n\n<p><strong>ICONIC DESIGN[S]<\/strong>,&nbsp;<strong>Olivier Felix Isselin<\/strong>&nbsp;ve&nbsp;<strong>Maxime Golay<\/strong>&nbsp;taraf\u0131ndan&nbsp;<strong>MGOFI Production<\/strong>&nbsp;etiketi alt\u0131nda yarat\u0131lan ve geli\u015ftirilen k\u0131sa bir g\u00f6rsel-i\u015fitsel seridir.<\/p>\n\n\n\n<p>G\u00fc\u00e7l\u00fc bir g\u00f6rsel kimli\u011fe sahip k\u00fclt\u00fcrel bir format olarak tasarlanan seri, maddi k\u00fclt\u00fcr\u00fcm\u00fcz\u00fcn kal\u0131c\u0131 referanslar\u0131na d\u00f6n\u00fc\u015fm\u00fc\u015f nesneler arac\u0131l\u0131\u011f\u0131yla bi\u00e7imin zek\u00e2s\u0131n\u0131 ara\u015ft\u0131r\u0131r. Tasar\u0131m, g\u00f6rsel k\u00fclt\u00fcr ve anlat\u0131n\u0131n kesi\u015fiminde yer alan her b\u00f6l\u00fcm, simgesel bir nesneyi yaln\u0131zca basit bir \u00fcr\u00fcn olarak de\u011fil, kullan\u0131m, tarih, hayal g\u00fcc\u00fc ve d\u00fc\u015f\u00fcnceyle y\u00fckl\u00fc bir form olarak ele alarak a\u00e7\u0131k, yo\u011fun ve titiz bir okuma sunar.<\/p>\n\n\n\n<div style=\"height:20px\" aria-hidden=\"true\" class=\"wp-block-spacer\"><\/div>\n\n\n\n<hr class=\"wp-block-separator has-alpha-channel-opacity\"\/>\n\n\n\n<h2 class=\"wp-block-heading\"><strong>Proje<\/strong><\/h2>\n\n\n\n<p>Baz\u0131 nesneler, apa\u00e7\u0131kl\u0131klar\u0131n\u0131 kaybetmeden \u00e7a\u011flar\u0131 a\u015far. \u0130\u00e7 mek\u00e2nlar\u0131m\u0131zda, kamusal alanlarda ve ortak belle\u011fimizde varl\u0131klar\u0131n\u0131 s\u00fcrd\u00fcr\u00fcrler. S\u00fcrekli g\u00f6r\u00fcld\u00fckleri i\u00e7in, bazen ger\u00e7ekten bak\u0131lmadan ge\u00e7ilirler.<\/p>\n\n\n\n<p><strong>ICONIC DESIGN[S]<\/strong>&nbsp;bu a\u015final\u0131ktan hareket ederek as\u0131l olana geri d\u00f6ner: Bu nesneler neden h\u00e2l\u00e2 \u00f6nemlidir? Neyi icat etmi\u015flerdir? Bize bir d\u00f6nem, bir ya\u015fam bi\u00e7imi, ilerleme, konfor, g\u00fczellik ya da sanayiyle kurulan ili\u015fki hakk\u0131nda ne s\u00f6ylerler?<\/p>\n\n\n\n<p>Seri, tasar\u0131m\u0131 dekoratif bir alan ya da yaln\u0131zca uzmanlara ait bir b\u00f6lge olarak g\u00f6rmez. Onu bir dil bi\u00e7imi olarak ele al\u0131r: hizmet etmek, dayanmak, \u00e7ekmek, sadele\u015ftirmek ya da kullan\u0131m bi\u00e7imlerimizi d\u00f6n\u00fc\u015ft\u00fcrmek i\u00e7in tasarlanm\u0131\u015f nesneler arac\u0131l\u0131\u011f\u0131yla d\u00fcnyay\u0131 d\u00fc\u015f\u00fcnmenin bir yolu olarak.<\/p>\n\n\n\n<p>Her b\u00f6l\u00fcm, bir nesnede ayn\u0131 anda hem gereklili\u011fe, hem forma, hem de kolektif haf\u0131zaya ait olan \u015feyi g\u00f6r\u00fcn\u00fcr k\u0131lmaya \u00e7al\u0131\u015f\u0131r.<\/p>\n\n\n\n<hr class=\"wp-block-separator has-alpha-channel-opacity\"\/>\n\n\n\n<div style=\"height:20px\" aria-hidden=\"true\" class=\"wp-block-spacer\"><\/div>\n\n\n\n<h2 class=\"wp-block-heading\"><strong>K\u0131sa, g\u00f6rsel ve titiz bir anlat\u0131m bi\u00e7imi<\/strong><\/h2>\n\n\n\n<p><strong>ICONIC DESIGN[S]<\/strong>&nbsp;k\u0131sa bir seri olarak tasarlanm\u0131\u015ft\u0131r, ancak \u00f6nemsiz bir seri de\u011fildir. Burada k\u0131sa format bir kestirme yol de\u011fil, bir disiplindir.<\/p>\n\n\n\n<p>Her b\u00f6l\u00fcm,&nbsp;<strong>2 dakika 30 saniye<\/strong>&nbsp;i\u00e7inde bir nesne etraf\u0131nda yo\u011funla\u015fm\u0131\u015f bir anlat\u0131 kurar. Ama\u00e7 bilgi y\u0131\u011fmak de\u011fil; esas olan\u0131, yani bir ba\u011flam\u0131, bir icad\u0131, bir \u00e7izgiyi, bir jesti, bir miras\u0131 aktarmak i\u00e7in do\u011fru bi\u00e7imi bulmakt\u0131r.<\/p>\n\n\n\n<p>Seri \u015fu unsurlara dayan\u0131r:<\/p>\n\n\n\n<ul class=\"wp-block-list\">\n<li>sade ve yap\u0131land\u0131r\u0131lm\u0131\u015f bir yaz\u0131m,<\/li>\n\n\n\n<li>g\u00f6r\u00fcnt\u00fcye g\u00f6sterilen g\u00fc\u00e7l\u00fc bir dikkat,<\/li>\n\n\n\n<li>nesnenin titiz bir bi\u00e7imde \u00f6ne \u00e7\u0131kar\u0131lmas\u0131,<\/li>\n\n\n\n<li>a\u00e7\u0131k bir anlat\u0131m,<\/li>\n\n\n\n<li>basitle\u015ftirmeden eri\u015filebilir kalan k\u00fclt\u00fcrel bir yakla\u015f\u0131m.<\/li>\n<\/ul>\n\n\n\n<p>Format; ekrandaki varl\u0131\u011f\u0131, \u00f6zenli kadraj\u0131, ba\u011flamsal g\u00f6r\u00fcnt\u00fcleri ve b\u00f6l\u00fcme g\u00f6re tasar\u0131mc\u0131lar\u0131n, yay\u0131nc\u0131lar\u0131n, y\u00f6neticilerin, tarih\u00e7ilerin ya da uzmanlar\u0131n k\u0131sa katk\u0131lar\u0131n\u0131 bir araya getirir.<\/p>\n\n\n\n<hr class=\"wp-block-separator has-alpha-channel-opacity\"\/>\n\n\n\n<div style=\"height:20px\" aria-hidden=\"true\" class=\"wp-block-spacer\"><\/div>\n\n\n\n<h2 class=\"wp-block-heading\"><strong>Serinin anlatt\u0131\u011f\u0131 \u015fey<\/strong><\/h2>\n\n\n\n<p>Her nesne arac\u0131l\u0131\u011f\u0131yla&nbsp;<strong>ICONIC DESIGN[S]<\/strong>, yaln\u0131zca \u00fcnl\u00fc bir bi\u00e7imin hik\u00e2yesini anlatmaz. Yarat\u0131m, teknik, toplum ve hayal g\u00fcc\u00fc aras\u0131ndaki bir kesi\u015fme noktas\u0131n\u0131 a\u00e7\u0131\u011fa \u00e7\u0131kar\u0131r.<\/p>\n\n\n\n<p>Simgesel bir nesne asla yaln\u0131zca g\u00fczel de\u011fildir. Bir d\u00f6neme, bir kullan\u0131ma, malzemelerin evrimine, g\u00fcndelik hayata dair bir bak\u0131\u015fa cevap verir. D\u00fcnyada ya\u015fama bi\u00e7iminin bir yo\u011funla\u015fmas\u0131n\u0131 i\u00e7inde ta\u015f\u0131r.<\/p>\n\n\n\n<p>Seri, formun anekdot olmaktan \u00e7\u0131k\u0131p apa\u00e7\u0131k h\u00e2le geldi\u011fi o nadir anla ilgilenir \u2014 \u00f6yle ki sonunda ortak manzaran\u0131n kal\u0131c\u0131 bir par\u00e7as\u0131 olur.<\/p>\n\n\n\n<div style=\"height:20px\" aria-hidden=\"true\" class=\"wp-block-spacer\"><\/div>\n\n\n\n<hr class=\"wp-block-separator has-alpha-channel-opacity\"\/>\n\n\n\n<h2 class=\"wp-block-heading\"><strong>Format<\/strong><\/h2>\n\n\n\n<ul class=\"wp-block-list\">\n<li>Premium k\u0131sa seri<\/li>\n\n\n\n<li><strong>10 b\u00f6l\u00fcm \u00d7 2 dk 30 sn<\/strong><\/li>\n\n\n\n<li>Ekranda v\u00fccut bulan sunum<\/li>\n\n\n\n<li>G\u00fc\u00e7l\u00fc g\u00f6rsel kimli\u011fe sahip k\u00fclt\u00fcrel seri<\/li>\n\n\n\n<li>Uluslararas\u0131 uyarlama imk\u00e2n\u0131<\/li>\n<\/ul>\n\n\n\n<hr class=\"wp-block-separator has-alpha-channel-opacity\"\/>\n\n\n\n<div style=\"height:20px\" aria-hidden=\"true\" class=\"wp-block-spacer\"><\/div>\n\n\n\n<h2 class=\"wp-block-heading\"><strong>Pilot<\/strong><\/h2>\n\n\n\n<p>Pilot b\u00f6l\u00fcm, 1934 y\u0131l\u0131nda&nbsp;<strong>Xavier Pauchard<\/strong>&nbsp;taraf\u0131ndan yarat\u0131lan&nbsp;<strong>Tolix A Chair<\/strong>\u2019e adanm\u0131\u015ft\u0131r.<\/p>\n\n\n\n<p>Frans\u0131z end\u00fcstriyel tasar\u0131m\u0131n\u0131n simgesel nesnelerinden biri olan Tolix sandalye, serinin ruhunu kusursuz bi\u00e7imde \u00f6zetler: ilk bak\u0131\u015fta sade g\u00f6r\u00fcnen, ancak \u00fcretim, kullan\u0131m ve modernlik mant\u0131\u011f\u0131ndan do\u011fmu\u015f, zaman i\u00e7inde evrensel bir referansa d\u00f6n\u00fc\u015fm\u00fc\u015f bir form.<\/p>\n\n\n\n<p>Pilot b\u00f6l\u00fcm Fransa\u2019da, projenin genel iddias\u0131yla tam uyumlu, \u00f6zellikle \u00f6zenli bir bi\u00e7imsel yakla\u015f\u0131mla \u00e7ekilmi\u015ftir.<\/p>\n\n\n\n<hr class=\"wp-block-separator has-alpha-channel-opacity\"\/>\n\n\n\n<div style=\"height:20px\" aria-hidden=\"true\" class=\"wp-block-spacer\"><\/div>\n\n\n\n<h2 class=\"wp-block-heading\"><strong>Konumland\u0131rma<\/strong><\/h2>\n\n\n\n<p><strong>ICONIC DESIGN[S]<\/strong>, nesnelere, bi\u00e7imlere, g\u00f6r\u00fcnt\u00fclere ve bunlar\u0131n \u00e7a\u011fda\u015f d\u00fcnya hakk\u0131nda anlatt\u0131klar\u0131na duyarl\u0131, geni\u015f ve merakl\u0131 bir izleyici kitlesine y\u00f6neliktir.<\/p>\n\n\n\n<p>Format\u0131 ve konumland\u0131rmas\u0131 sayesinde seri \u015fu alanlarda yer bulabilir:<\/p>\n\n\n\n<ul class=\"wp-block-list\">\n<li>k\u00fclt\u00fcr kanallar\u0131 ya da genel yay\u0131n yapan kanallar,<\/li>\n\n\n\n<li>dijital platformlar,<\/li>\n\n\n\n<li>premium editoryal ortamlar,<\/li>\n\n\n\n<li>hem Frankofon alanda hem de uluslararas\u0131 da\u011f\u0131t\u0131mda.<\/li>\n<\/ul>\n\n\n\n<p>Seri, basit ve ay\u0131rt edilebilir bir vaade dayan\u0131r:<br><strong>tasar\u0131m\u0131, ne uzman yoruma ne de salt e\u011flenceye indirgemeden, eri\u015filebilir, g\u00f6rsel ve bedenle\u015fmi\u015f bir anlat\u0131ya d\u00f6n\u00fc\u015ft\u00fcrmek.<\/strong><\/p>\n\n\n\n<hr class=\"wp-block-separator has-alpha-channel-opacity\"\/>\n\n\n\n<div style=\"height:20px\" aria-hidden=\"true\" class=\"wp-block-spacer\"><\/div>\n\n\n\n<h2 class=\"wp-block-heading\"><strong>Geli\u015fim ve profesyonel dola\u015f\u0131m<\/strong><\/h2>\n\n\n\n<p>Proje \u015fimdiden somut bir ilk geli\u015fim a\u015famas\u0131na girmi\u015f ve uluslararas\u0131 profesyonel ba\u011flamlarda dola\u015f\u0131ma ba\u015flam\u0131\u015ft\u0131r.<\/p>\n\n\n\n<p><strong>ICONIC DESIGN[S]<\/strong>&nbsp;\u00f6zellikle:<\/p>\n\n\n\n<ul class=\"wp-block-list\">\n<li><strong>MIPCOM<\/strong>\u2019da sunulmu\u015f,<\/li>\n\n\n\n<li>Bilbao\u2019daki&nbsp;<strong>Seriesland<\/strong>&nbsp;festivaline se\u00e7ilmi\u015f,<\/li>\n\n\n\n<li>ve ayr\u0131ca&nbsp;<strong>Cannes March\u00e9 du Film<\/strong>\u2019de,&nbsp;<strong>Europe \/ Creative Europe MEDIA stand\u0131<\/strong>&nbsp;i\u00e7inde yer alacakt\u0131r.<\/li>\n<\/ul>\n\n\n\n<p>Bu ad\u0131mlar, projenin da\u011f\u0131t\u0131m, pazar konumland\u0131rmas\u0131 ve uluslararas\u0131 geli\u015fim a\u00e7\u0131s\u0131ndan ta\u015f\u0131d\u0131\u011f\u0131 potansiyeli do\u011frulamaktad\u0131r.<\/p>\n\n\n\n<hr class=\"wp-block-separator has-alpha-channel-opacity\"\/>\n\n\n\n<div style=\"height:20px\" aria-hidden=\"true\" class=\"wp-block-spacer\"><\/div>\n\n\n\n<h2 class=\"wp-block-heading\"><strong>Yarat\u0131m ve yap\u0131m<\/strong><\/h2>\n\n\n\n<p><strong>ICONIC DESIGN[S]<\/strong>,&nbsp;<strong>Olivier Felix Isselin<\/strong>&nbsp;ve&nbsp;<strong>Maxime Golay<\/strong>&nbsp;taraf\u0131ndan,&nbsp;<strong>MGOFI Production<\/strong>&nbsp;etiketi alt\u0131nda bir ikili olarak yarat\u0131lmakta ve geli\u015ftirilmektedir.<\/p>\n\n\n\n<h3 class=\"wp-block-heading\"><strong>Olivier Felix Isselin<\/strong><\/h3>\n\n\n\n<p>Sanat y\u00f6netimi, yaz\u0131m, konsept geli\u015ftirme, y\u00f6netmenlik, editoryal vizyon<\/p>\n\n\n\n<h3 class=\"wp-block-heading\"><strong>Maxime Golay<\/strong><\/h3>\n\n\n\n<p>Geli\u015ftirme, yap\u0131m, ekrandaki sunum, format\u0131n v\u00fccut bulmas\u0131<\/p>\n\n\n\n<p><strong>MGOFI Production<\/strong>, onlar\u0131n g\u00f6rsel-i\u015fitsel ve k\u00fclt\u00fcrel yap\u0131m etiketidir.<\/p>\n\n\n\n<hr class=\"wp-block-separator has-alpha-channel-opacity\"\/>\n\n\n\n<div style=\"height:20px\" aria-hidden=\"true\" class=\"wp-block-spacer\"><\/div>\n\n\n\n<h2 class=\"wp-block-heading\"><strong>Yay\u0131nc\u0131lar ve ortaklar i\u00e7in<\/strong><\/h2>\n\n\n\n<p>Pilot b\u00f6l\u00fcm, sunum materyalleri ve geli\u015ftirme bilgileri; yay\u0131nc\u0131lar, yap\u0131mc\u0131lar, da\u011f\u0131t\u0131mc\u0131lar, ortaklar ve sekt\u00f6r profesyonelleri i\u00e7in talep \u00fczerine \u0909\u092a\u0932\u092c\u094d\u0927dur.<\/p>\n\n\n\n<p><strong>\u0130zleme talebi, proje sunumu ya da profesyonel ileti\u015fim i\u00e7in:<\/strong><\/p>\n\n\n\n<p><a href=\"mailto:contact@iconicdesigns.tv\">contact@iconicdesigns.tv<\/a><\/p>\n\n\n\n<div style=\"height:20px\" aria-hidden=\"true\" class=\"wp-block-spacer\"><\/div>\n\n\n\n<hr class=\"wp-block-separator has-text-color has-black-color has-alpha-channel-opacity has-black-background-color has-background is-style-wide\"\/>\n\n\n\n<figure class=\"wp-block-image size-full\"><a href=\"https:\/\/olivierfelixisselin.com\/index.php\/en\/iconic-designs-lart-dans-lutile\/\"><img loading=\"lazy\" decoding=\"async\" width=\"50\" height=\"26\" src=\"https:\/\/olivierfelixisselin.com\/wp-content\/uploads\/2023\/06\/UK.png\" alt=\"\" class=\"wp-image-3745\"\/><\/a><\/figure>\n","protected":false},"excerpt":{"rendered":"<p>Tasar\u0131m\u0131n simgesel nesnelerine adanm\u0131\u015f g\u00f6rsel-i\u015fitsel bir seri ICONIC DESIGN[S],&nbsp;Olivier Felix Isselin&nbsp;ve&nbsp;Maxime Golay&nbsp;taraf\u0131ndan&nbsp;MGOFI Production&nbsp;etiketi alt\u0131nda yarat\u0131lan [&hellip;]<\/p>\n","protected":false},"author":1,"featured_media":0,"parent":0,"menu_order":0,"comment_status":"closed","ping_status":"closed","template":"","meta":{"footnotes":""},"class_list":["post-5112","page","type-page","status-publish","hentry"],"yoast_head":"<!-- This site is optimized with the Yoast SEO plugin v27.4 - https:\/\/yoast.com\/product\/yoast-seo-wordpress\/ -->\n<title>ICONIC DESIGN[S] \u2013 Yararl\u0131 olan\u0131n i\u00e7indeki sanat - Olivier Felix Isselin<\/title>\n<meta name=\"robots\" content=\"index, follow, max-snippet:-1, max-image-preview:large, max-video-preview:-1\" \/>\n<link rel=\"canonical\" href=\"https:\/\/olivierfelixisselin.com\/index.php\/tr\/iconic-designs-yararli-olanin-icindeki-sanat\/\" \/>\n<meta property=\"og:locale\" content=\"fr_FR\" \/>\n<meta property=\"og:type\" content=\"article\" \/>\n<meta property=\"og:title\" content=\"ICONIC DESIGN[S] \u2013 Yararl\u0131 olan\u0131n i\u00e7indeki sanat - Olivier Felix Isselin\" \/>\n<meta property=\"og:description\" content=\"Tasar\u0131m\u0131n simgesel nesnelerine adanm\u0131\u015f g\u00f6rsel-i\u015fitsel bir seri ICONIC DESIGN[S],&nbsp;Olivier Felix Isselin&nbsp;ve&nbsp;Maxime Golay&nbsp;taraf\u0131ndan&nbsp;MGOFI Production&nbsp;etiketi alt\u0131nda yarat\u0131lan [&hellip;]\" \/>\n<meta property=\"og:url\" content=\"https:\/\/olivierfelixisselin.com\/index.php\/tr\/iconic-designs-yararli-olanin-icindeki-sanat\/\" \/>\n<meta property=\"og:site_name\" content=\"Olivier Felix Isselin\" \/>\n<meta property=\"article:publisher\" content=\"https:\/\/www.facebook.com\/FelixIsselin\" \/>\n<meta property=\"article:modified_time\" content=\"2026-04-22T09:09:30+00:00\" \/>\n<meta property=\"og:image\" content=\"https:\/\/olivierfelixisselin.com\/wp-content\/uploads\/2023\/06\/UK.png\" \/>\n\t<meta property=\"og:image:width\" content=\"50\" \/>\n\t<meta property=\"og:image:height\" content=\"26\" \/>\n\t<meta property=\"og:image:type\" content=\"image\/png\" \/>\n<meta name=\"twitter:card\" content=\"summary_large_image\" \/>\n<meta name=\"twitter:site\" content=\"@FelixISSELIN\" \/>\n<meta name=\"twitter:label1\" content=\"Dur\u00e9e de lecture estim\u00e9e\" \/>\n\t<meta name=\"twitter:data1\" content=\"4 minutes\" \/>\n<script type=\"application\/ld+json\" class=\"yoast-schema-graph\">{\"@context\":\"https:\\\/\\\/schema.org\",\"@graph\":[{\"@type\":\"WebPage\",\"@id\":\"https:\\\/\\\/olivierfelixisselin.com\\\/index.php\\\/tr\\\/iconic-designs-yararli-olanin-icindeki-sanat\\\/\",\"url\":\"https:\\\/\\\/olivierfelixisselin.com\\\/index.php\\\/tr\\\/iconic-designs-yararli-olanin-icindeki-sanat\\\/\",\"name\":\"ICONIC DESIGN[S] \u2013 Yararl\u0131 olan\u0131n i\u00e7indeki sanat - Olivier Felix Isselin\",\"isPartOf\":{\"@id\":\"https:\\\/\\\/olivierfelixisselin.com\\\/#website\"},\"primaryImageOfPage\":{\"@id\":\"https:\\\/\\\/olivierfelixisselin.com\\\/index.php\\\/tr\\\/iconic-designs-yararli-olanin-icindeki-sanat\\\/#primaryimage\"},\"image\":{\"@id\":\"https:\\\/\\\/olivierfelixisselin.com\\\/index.php\\\/tr\\\/iconic-designs-yararli-olanin-icindeki-sanat\\\/#primaryimage\"},\"thumbnailUrl\":\"https:\\\/\\\/olivierfelixisselin.com\\\/wp-content\\\/uploads\\\/2023\\\/06\\\/UK.png\",\"datePublished\":\"2026-04-22T08:31:40+00:00\",\"dateModified\":\"2026-04-22T09:09:30+00:00\",\"breadcrumb\":{\"@id\":\"https:\\\/\\\/olivierfelixisselin.com\\\/index.php\\\/tr\\\/iconic-designs-yararli-olanin-icindeki-sanat\\\/#breadcrumb\"},\"inLanguage\":\"fr-FR\",\"potentialAction\":[{\"@type\":\"ReadAction\",\"target\":[\"https:\\\/\\\/olivierfelixisselin.com\\\/index.php\\\/tr\\\/iconic-designs-yararli-olanin-icindeki-sanat\\\/\"]}]},{\"@type\":\"ImageObject\",\"inLanguage\":\"fr-FR\",\"@id\":\"https:\\\/\\\/olivierfelixisselin.com\\\/index.php\\\/tr\\\/iconic-designs-yararli-olanin-icindeki-sanat\\\/#primaryimage\",\"url\":\"https:\\\/\\\/olivierfelixisselin.com\\\/wp-content\\\/uploads\\\/2023\\\/06\\\/UK.png\",\"contentUrl\":\"https:\\\/\\\/olivierfelixisselin.com\\\/wp-content\\\/uploads\\\/2023\\\/06\\\/UK.png\",\"width\":50,\"height\":26},{\"@type\":\"BreadcrumbList\",\"@id\":\"https:\\\/\\\/olivierfelixisselin.com\\\/index.php\\\/tr\\\/iconic-designs-yararli-olanin-icindeki-sanat\\\/#breadcrumb\",\"itemListElement\":[{\"@type\":\"ListItem\",\"position\":1,\"name\":\"Accueil\",\"item\":\"https:\\\/\\\/olivierfelixisselin.com\\\/\"},{\"@type\":\"ListItem\",\"position\":2,\"name\":\"ICONIC DESIGN[S] \u2013 Yararl\u0131 olan\u0131n i\u00e7indeki sanat\"}]},{\"@type\":\"WebSite\",\"@id\":\"https:\\\/\\\/olivierfelixisselin.com\\\/#website\",\"url\":\"https:\\\/\\\/olivierfelixisselin.com\\\/\",\"name\":\"Olivier Felix Isselin\",\"description\":\"- - -\",\"publisher\":{\"@id\":\"https:\\\/\\\/olivierfelixisselin.com\\\/#organization\"},\"alternateName\":\"OFI\",\"potentialAction\":[{\"@type\":\"SearchAction\",\"target\":{\"@type\":\"EntryPoint\",\"urlTemplate\":\"https:\\\/\\\/olivierfelixisselin.com\\\/?s={search_term_string}\"},\"query-input\":{\"@type\":\"PropertyValueSpecification\",\"valueRequired\":true,\"valueName\":\"search_term_string\"}}],\"inLanguage\":\"fr-FR\"},{\"@type\":\"Organization\",\"@id\":\"https:\\\/\\\/olivierfelixisselin.com\\\/#organization\",\"name\":\"Olivier Felix Isselin\",\"alternateName\":\"OFI\",\"url\":\"https:\\\/\\\/olivierfelixisselin.com\\\/\",\"logo\":{\"@type\":\"ImageObject\",\"inLanguage\":\"fr-FR\",\"@id\":\"https:\\\/\\\/olivierfelixisselin.com\\\/#\\\/schema\\\/logo\\\/image\\\/\",\"url\":\"https:\\\/\\\/olivierfelixisselin.com\\\/wp-content\\\/uploads\\\/2023\\\/05\\\/cropped-cropped-logo-fourmiliere-ikb.png\",\"contentUrl\":\"https:\\\/\\\/olivierfelixisselin.com\\\/wp-content\\\/uploads\\\/2023\\\/05\\\/cropped-cropped-logo-fourmiliere-ikb.png\",\"width\":512,\"height\":512,\"caption\":\"Olivier Felix Isselin\"},\"image\":{\"@id\":\"https:\\\/\\\/olivierfelixisselin.com\\\/#\\\/schema\\\/logo\\\/image\\\/\"},\"sameAs\":[\"https:\\\/\\\/www.facebook.com\\\/FelixIsselin\",\"https:\\\/\\\/x.com\\\/FelixISSELIN\",\"https:\\\/\\\/www.instagram.com\\\/felix.isselin\\\/\",\"https:\\\/\\\/www.linkedin.com\\\/in\\\/olivier-felix-isselin-31915b84\\\/\"]}]}<\/script>\n<!-- \/ Yoast SEO plugin. -->","yoast_head_json":{"title":"ICONIC DESIGN[S] \u2013 Yararl\u0131 olan\u0131n i\u00e7indeki sanat - Olivier Felix Isselin","robots":{"index":"index","follow":"follow","max-snippet":"max-snippet:-1","max-image-preview":"max-image-preview:large","max-video-preview":"max-video-preview:-1"},"canonical":"https:\/\/olivierfelixisselin.com\/index.php\/tr\/iconic-designs-yararli-olanin-icindeki-sanat\/","og_locale":"fr_FR","og_type":"article","og_title":"ICONIC DESIGN[S] \u2013 Yararl\u0131 olan\u0131n i\u00e7indeki sanat - Olivier Felix Isselin","og_description":"Tasar\u0131m\u0131n simgesel nesnelerine adanm\u0131\u015f g\u00f6rsel-i\u015fitsel bir seri ICONIC DESIGN[S],&nbsp;Olivier Felix Isselin&nbsp;ve&nbsp;Maxime Golay&nbsp;taraf\u0131ndan&nbsp;MGOFI Production&nbsp;etiketi alt\u0131nda yarat\u0131lan [&hellip;]","og_url":"https:\/\/olivierfelixisselin.com\/index.php\/tr\/iconic-designs-yararli-olanin-icindeki-sanat\/","og_site_name":"Olivier Felix Isselin","article_publisher":"https:\/\/www.facebook.com\/FelixIsselin","article_modified_time":"2026-04-22T09:09:30+00:00","og_image":[{"width":50,"height":26,"url":"https:\/\/olivierfelixisselin.com\/wp-content\/uploads\/2023\/06\/UK.png","type":"image\/png"}],"twitter_card":"summary_large_image","twitter_site":"@FelixISSELIN","twitter_misc":{"Dur\u00e9e de lecture estim\u00e9e":"4 minutes"},"schema":{"@context":"https:\/\/schema.org","@graph":[{"@type":"WebPage","@id":"https:\/\/olivierfelixisselin.com\/index.php\/tr\/iconic-designs-yararli-olanin-icindeki-sanat\/","url":"https:\/\/olivierfelixisselin.com\/index.php\/tr\/iconic-designs-yararli-olanin-icindeki-sanat\/","name":"ICONIC DESIGN[S] \u2013 Yararl\u0131 olan\u0131n i\u00e7indeki sanat - Olivier Felix Isselin","isPartOf":{"@id":"https:\/\/olivierfelixisselin.com\/#website"},"primaryImageOfPage":{"@id":"https:\/\/olivierfelixisselin.com\/index.php\/tr\/iconic-designs-yararli-olanin-icindeki-sanat\/#primaryimage"},"image":{"@id":"https:\/\/olivierfelixisselin.com\/index.php\/tr\/iconic-designs-yararli-olanin-icindeki-sanat\/#primaryimage"},"thumbnailUrl":"https:\/\/olivierfelixisselin.com\/wp-content\/uploads\/2023\/06\/UK.png","datePublished":"2026-04-22T08:31:40+00:00","dateModified":"2026-04-22T09:09:30+00:00","breadcrumb":{"@id":"https:\/\/olivierfelixisselin.com\/index.php\/tr\/iconic-designs-yararli-olanin-icindeki-sanat\/#breadcrumb"},"inLanguage":"fr-FR","potentialAction":[{"@type":"ReadAction","target":["https:\/\/olivierfelixisselin.com\/index.php\/tr\/iconic-designs-yararli-olanin-icindeki-sanat\/"]}]},{"@type":"ImageObject","inLanguage":"fr-FR","@id":"https:\/\/olivierfelixisselin.com\/index.php\/tr\/iconic-designs-yararli-olanin-icindeki-sanat\/#primaryimage","url":"https:\/\/olivierfelixisselin.com\/wp-content\/uploads\/2023\/06\/UK.png","contentUrl":"https:\/\/olivierfelixisselin.com\/wp-content\/uploads\/2023\/06\/UK.png","width":50,"height":26},{"@type":"BreadcrumbList","@id":"https:\/\/olivierfelixisselin.com\/index.php\/tr\/iconic-designs-yararli-olanin-icindeki-sanat\/#breadcrumb","itemListElement":[{"@type":"ListItem","position":1,"name":"Accueil","item":"https:\/\/olivierfelixisselin.com\/"},{"@type":"ListItem","position":2,"name":"ICONIC DESIGN[S] \u2013 Yararl\u0131 olan\u0131n i\u00e7indeki sanat"}]},{"@type":"WebSite","@id":"https:\/\/olivierfelixisselin.com\/#website","url":"https:\/\/olivierfelixisselin.com\/","name":"Olivier Felix Isselin","description":"- - -","publisher":{"@id":"https:\/\/olivierfelixisselin.com\/#organization"},"alternateName":"OFI","potentialAction":[{"@type":"SearchAction","target":{"@type":"EntryPoint","urlTemplate":"https:\/\/olivierfelixisselin.com\/?s={search_term_string}"},"query-input":{"@type":"PropertyValueSpecification","valueRequired":true,"valueName":"search_term_string"}}],"inLanguage":"fr-FR"},{"@type":"Organization","@id":"https:\/\/olivierfelixisselin.com\/#organization","name":"Olivier Felix Isselin","alternateName":"OFI","url":"https:\/\/olivierfelixisselin.com\/","logo":{"@type":"ImageObject","inLanguage":"fr-FR","@id":"https:\/\/olivierfelixisselin.com\/#\/schema\/logo\/image\/","url":"https:\/\/olivierfelixisselin.com\/wp-content\/uploads\/2023\/05\/cropped-cropped-logo-fourmiliere-ikb.png","contentUrl":"https:\/\/olivierfelixisselin.com\/wp-content\/uploads\/2023\/05\/cropped-cropped-logo-fourmiliere-ikb.png","width":512,"height":512,"caption":"Olivier Felix Isselin"},"image":{"@id":"https:\/\/olivierfelixisselin.com\/#\/schema\/logo\/image\/"},"sameAs":["https:\/\/www.facebook.com\/FelixIsselin","https:\/\/x.com\/FelixISSELIN","https:\/\/www.instagram.com\/felix.isselin\/","https:\/\/www.linkedin.com\/in\/olivier-felix-isselin-31915b84\/"]}]}},"_links":{"self":[{"href":"https:\/\/olivierfelixisselin.com\/index.php\/wp-json\/wp\/v2\/pages\/5112","targetHints":{"allow":["GET"]}}],"collection":[{"href":"https:\/\/olivierfelixisselin.com\/index.php\/wp-json\/wp\/v2\/pages"}],"about":[{"href":"https:\/\/olivierfelixisselin.com\/index.php\/wp-json\/wp\/v2\/types\/page"}],"author":[{"embeddable":true,"href":"https:\/\/olivierfelixisselin.com\/index.php\/wp-json\/wp\/v2\/users\/1"}],"replies":[{"embeddable":true,"href":"https:\/\/olivierfelixisselin.com\/index.php\/wp-json\/wp\/v2\/comments?post=5112"}],"version-history":[{"count":5,"href":"https:\/\/olivierfelixisselin.com\/index.php\/wp-json\/wp\/v2\/pages\/5112\/revisions"}],"predecessor-version":[{"id":5161,"href":"https:\/\/olivierfelixisselin.com\/index.php\/wp-json\/wp\/v2\/pages\/5112\/revisions\/5161"}],"wp:attachment":[{"href":"https:\/\/olivierfelixisselin.com\/index.php\/wp-json\/wp\/v2\/media?parent=5112"}],"curies":[{"name":"wp","href":"https:\/\/api.w.org\/{rel}","templated":true}]}}