{"id":5033,"date":"2026-04-20T05:05:38","date_gmt":"2026-04-20T03:05:38","guid":{"rendered":"https:\/\/olivierfelixisselin.com\/?page_id=5033"},"modified":"2026-04-20T05:05:38","modified_gmt":"2026-04-20T03:05:38","slug":"mgofi-production-9","status":"publish","type":"page","link":"https:\/\/olivierfelixisselin.com\/index.php\/tr\/mgofi-production-9\/","title":{"rendered":"MGOFI Production"},"content":{"rendered":"\n<p><strong>MGOFI Production, Olivier Felix Isselin Ltd b\u00fcnyesinde Olivier Felix Isselin ile Maxime Golay taraf\u0131ndan birlikte geli\u015ftirilen g\u00f6rsel-i\u015fitsel ve k\u00fclt\u00fcrel yap\u0131m markas\u0131d\u0131r.<\/strong><\/p>\n\n\n\n<p><strong>Tasar\u0131m, mimarl\u0131k, sanat ve anlat\u0131n\u0131n kesi\u015fiminde, a\u00e7\u0131kl\u0131k, titizlik ve bi\u00e7imsel hassasiyet y\u00f6n\u00fcndeki ortak bir anlay\u0131\u015fla \u015fekillenen g\u00f6rsel ve editoryal formatlar geli\u015ftirir.<\/strong><\/p>\n\n\n\n<p><strong>Her proje, i\u00e7erik, kadraj, ritim, \u0131\u015f\u0131k ve anlat\u0131n\u0131n tek bir niyete hizmet etti\u011fi, \u00f6zenle in\u015fa edilmi\u015f bir nesne olarak d\u00fc\u015f\u00fcn\u00fcl\u00fcr. Ama\u00e7 etki eklemek de\u011fil, do\u011fru, okunakl\u0131 ve kal\u0131c\u0131 bi\u00e7imler \u00fcretmektir.<\/strong><\/p>\n\n\n\n<p><strong>Bu marka alt\u0131nda \u015fu anda geli\u015ftirilen projeler aras\u0131nda, tasar\u0131m\u0131n simgesel nesnelerine adanm\u0131\u015f g\u00f6rsel-i\u015fitsel seri ICONIC DESIGN[S] yer almaktad\u0131r. G\u00fc\u00e7l\u00fc bir g\u00f6rsel kimli\u011fe sahip k\u0131sa format olarak tasarlanan bu seri, maddi k\u00fclt\u00fcr\u00fcm\u00fcz\u00fcn kal\u0131c\u0131 referanslar\u0131 h\u00e2line gelmi\u015f nesneler arac\u0131l\u0131\u011f\u0131yla bi\u00e7imin zek\u00e2s\u0131n\u0131 ara\u015ft\u0131r\u0131r.<\/strong><\/p>\n\n\n\n<p><strong>MGOFI Production b\u00fcnyesinde Olivier Felix Isselin projelerin sanat y\u00f6netimini, yaz\u0131m\u0131n\u0131, kavramsal \u00e7er\u00e7evesini ve editoryal vizyonunu \u00fcstlenir. Maxime Golay ise projelerin geli\u015ftirilmesi, yap\u0131m\u0131 ve ekrandaki temsiline katk\u0131da bulunur.<\/strong><\/p>\n","protected":false},"excerpt":{"rendered":"<p>MGOFI Production, Olivier Felix Isselin Ltd b\u00fcnyesinde Olivier Felix Isselin ile Maxime Golay taraf\u0131ndan birlikte [&hellip;]<\/p>\n","protected":false},"author":1,"featured_media":0,"parent":0,"menu_order":0,"comment_status":"closed","ping_status":"closed","template":"","meta":{"footnotes":""},"class_list":["post-5033","page","type-page","status-publish","hentry"],"yoast_head":"<!-- This site is optimized with the Yoast SEO plugin v27.4 - https:\/\/yoast.com\/product\/yoast-seo-wordpress\/ -->\n<title>MGOFI Production - Olivier Felix Isselin<\/title>\n<meta name=\"robots\" content=\"index, follow, max-snippet:-1, max-image-preview:large, max-video-preview:-1\" \/>\n<link rel=\"canonical\" href=\"https:\/\/olivierfelixisselin.com\/index.php\/tr\/mgofi-production-9\/\" \/>\n<meta property=\"og:locale\" content=\"fr_FR\" \/>\n<meta property=\"og:type\" content=\"article\" \/>\n<meta property=\"og:title\" content=\"MGOFI Production - Olivier Felix Isselin\" \/>\n<meta property=\"og:description\" content=\"MGOFI Production, Olivier Felix Isselin Ltd b\u00fcnyesinde Olivier Felix Isselin ile Maxime Golay taraf\u0131ndan birlikte [&hellip;]\" \/>\n<meta property=\"og:url\" content=\"https:\/\/olivierfelixisselin.com\/index.php\/tr\/mgofi-production-9\/\" \/>\n<meta property=\"og:site_name\" content=\"Olivier Felix Isselin\" \/>\n<meta property=\"article:publisher\" content=\"https:\/\/www.facebook.com\/FelixIsselin\" \/>\n<meta property=\"og:image\" content=\"https:\/\/olivierfelixisselin.com\/wp-content\/uploads\/2023\/06\/Olivier-Felix-Isselin.jpg\" \/>\n\t<meta property=\"og:image:width\" content=\"1200\" \/>\n\t<meta property=\"og:image:height\" content=\"665\" \/>\n\t<meta property=\"og:image:type\" content=\"image\/jpeg\" \/>\n<meta name=\"twitter:card\" content=\"summary_large_image\" \/>\n<meta name=\"twitter:site\" content=\"@FelixISSELIN\" \/>\n<meta name=\"twitter:label1\" content=\"Dur\u00e9e de lecture estim\u00e9e\" \/>\n\t<meta name=\"twitter:data1\" content=\"1 minute\" \/>\n<script type=\"application\/ld+json\" class=\"yoast-schema-graph\">{\"@context\":\"https:\\\/\\\/schema.org\",\"@graph\":[{\"@type\":\"WebPage\",\"@id\":\"https:\\\/\\\/olivierfelixisselin.com\\\/index.php\\\/tr\\\/mgofi-production-9\\\/\",\"url\":\"https:\\\/\\\/olivierfelixisselin.com\\\/index.php\\\/tr\\\/mgofi-production-9\\\/\",\"name\":\"MGOFI Production - Olivier Felix Isselin\",\"isPartOf\":{\"@id\":\"https:\\\/\\\/olivierfelixisselin.com\\\/#website\"},\"datePublished\":\"2026-04-20T03:05:38+00:00\",\"breadcrumb\":{\"@id\":\"https:\\\/\\\/olivierfelixisselin.com\\\/index.php\\\/tr\\\/mgofi-production-9\\\/#breadcrumb\"},\"inLanguage\":\"fr-FR\",\"potentialAction\":[{\"@type\":\"ReadAction\",\"target\":[\"https:\\\/\\\/olivierfelixisselin.com\\\/index.php\\\/tr\\\/mgofi-production-9\\\/\"]}]},{\"@type\":\"BreadcrumbList\",\"@id\":\"https:\\\/\\\/olivierfelixisselin.com\\\/index.php\\\/tr\\\/mgofi-production-9\\\/#breadcrumb\",\"itemListElement\":[{\"@type\":\"ListItem\",\"position\":1,\"name\":\"Accueil\",\"item\":\"https:\\\/\\\/olivierfelixisselin.com\\\/\"},{\"@type\":\"ListItem\",\"position\":2,\"name\":\"MGOFI Production\"}]},{\"@type\":\"WebSite\",\"@id\":\"https:\\\/\\\/olivierfelixisselin.com\\\/#website\",\"url\":\"https:\\\/\\\/olivierfelixisselin.com\\\/\",\"name\":\"Olivier Felix Isselin\",\"description\":\"- - -\",\"publisher\":{\"@id\":\"https:\\\/\\\/olivierfelixisselin.com\\\/#organization\"},\"alternateName\":\"OFI\",\"potentialAction\":[{\"@type\":\"SearchAction\",\"target\":{\"@type\":\"EntryPoint\",\"urlTemplate\":\"https:\\\/\\\/olivierfelixisselin.com\\\/?s={search_term_string}\"},\"query-input\":{\"@type\":\"PropertyValueSpecification\",\"valueRequired\":true,\"valueName\":\"search_term_string\"}}],\"inLanguage\":\"fr-FR\"},{\"@type\":\"Organization\",\"@id\":\"https:\\\/\\\/olivierfelixisselin.com\\\/#organization\",\"name\":\"Olivier Felix Isselin\",\"alternateName\":\"OFI\",\"url\":\"https:\\\/\\\/olivierfelixisselin.com\\\/\",\"logo\":{\"@type\":\"ImageObject\",\"inLanguage\":\"fr-FR\",\"@id\":\"https:\\\/\\\/olivierfelixisselin.com\\\/#\\\/schema\\\/logo\\\/image\\\/\",\"url\":\"https:\\\/\\\/olivierfelixisselin.com\\\/wp-content\\\/uploads\\\/2023\\\/05\\\/cropped-cropped-logo-fourmiliere-ikb.png\",\"contentUrl\":\"https:\\\/\\\/olivierfelixisselin.com\\\/wp-content\\\/uploads\\\/2023\\\/05\\\/cropped-cropped-logo-fourmiliere-ikb.png\",\"width\":512,\"height\":512,\"caption\":\"Olivier Felix Isselin\"},\"image\":{\"@id\":\"https:\\\/\\\/olivierfelixisselin.com\\\/#\\\/schema\\\/logo\\\/image\\\/\"},\"sameAs\":[\"https:\\\/\\\/www.facebook.com\\\/FelixIsselin\",\"https:\\\/\\\/x.com\\\/FelixISSELIN\",\"https:\\\/\\\/www.instagram.com\\\/felix.isselin\\\/\",\"https:\\\/\\\/www.linkedin.com\\\/in\\\/olivier-felix-isselin-31915b84\\\/\"]}]}<\/script>\n<!-- \/ Yoast SEO plugin. -->","yoast_head_json":{"title":"MGOFI Production - Olivier Felix Isselin","robots":{"index":"index","follow":"follow","max-snippet":"max-snippet:-1","max-image-preview":"max-image-preview:large","max-video-preview":"max-video-preview:-1"},"canonical":"https:\/\/olivierfelixisselin.com\/index.php\/tr\/mgofi-production-9\/","og_locale":"fr_FR","og_type":"article","og_title":"MGOFI Production - Olivier Felix Isselin","og_description":"MGOFI Production, Olivier Felix Isselin Ltd b\u00fcnyesinde Olivier Felix Isselin ile Maxime Golay taraf\u0131ndan birlikte [&hellip;]","og_url":"https:\/\/olivierfelixisselin.com\/index.php\/tr\/mgofi-production-9\/","og_site_name":"Olivier Felix Isselin","article_publisher":"https:\/\/www.facebook.com\/FelixIsselin","og_image":[{"width":1200,"height":665,"url":"https:\/\/olivierfelixisselin.com\/wp-content\/uploads\/2023\/06\/Olivier-Felix-Isselin.jpg","type":"image\/jpeg"}],"twitter_card":"summary_large_image","twitter_site":"@FelixISSELIN","twitter_misc":{"Dur\u00e9e de lecture estim\u00e9e":"1 minute"},"schema":{"@context":"https:\/\/schema.org","@graph":[{"@type":"WebPage","@id":"https:\/\/olivierfelixisselin.com\/index.php\/tr\/mgofi-production-9\/","url":"https:\/\/olivierfelixisselin.com\/index.php\/tr\/mgofi-production-9\/","name":"MGOFI Production - Olivier Felix Isselin","isPartOf":{"@id":"https:\/\/olivierfelixisselin.com\/#website"},"datePublished":"2026-04-20T03:05:38+00:00","breadcrumb":{"@id":"https:\/\/olivierfelixisselin.com\/index.php\/tr\/mgofi-production-9\/#breadcrumb"},"inLanguage":"fr-FR","potentialAction":[{"@type":"ReadAction","target":["https:\/\/olivierfelixisselin.com\/index.php\/tr\/mgofi-production-9\/"]}]},{"@type":"BreadcrumbList","@id":"https:\/\/olivierfelixisselin.com\/index.php\/tr\/mgofi-production-9\/#breadcrumb","itemListElement":[{"@type":"ListItem","position":1,"name":"Accueil","item":"https:\/\/olivierfelixisselin.com\/"},{"@type":"ListItem","position":2,"name":"MGOFI Production"}]},{"@type":"WebSite","@id":"https:\/\/olivierfelixisselin.com\/#website","url":"https:\/\/olivierfelixisselin.com\/","name":"Olivier Felix Isselin","description":"- - -","publisher":{"@id":"https:\/\/olivierfelixisselin.com\/#organization"},"alternateName":"OFI","potentialAction":[{"@type":"SearchAction","target":{"@type":"EntryPoint","urlTemplate":"https:\/\/olivierfelixisselin.com\/?s={search_term_string}"},"query-input":{"@type":"PropertyValueSpecification","valueRequired":true,"valueName":"search_term_string"}}],"inLanguage":"fr-FR"},{"@type":"Organization","@id":"https:\/\/olivierfelixisselin.com\/#organization","name":"Olivier Felix Isselin","alternateName":"OFI","url":"https:\/\/olivierfelixisselin.com\/","logo":{"@type":"ImageObject","inLanguage":"fr-FR","@id":"https:\/\/olivierfelixisselin.com\/#\/schema\/logo\/image\/","url":"https:\/\/olivierfelixisselin.com\/wp-content\/uploads\/2023\/05\/cropped-cropped-logo-fourmiliere-ikb.png","contentUrl":"https:\/\/olivierfelixisselin.com\/wp-content\/uploads\/2023\/05\/cropped-cropped-logo-fourmiliere-ikb.png","width":512,"height":512,"caption":"Olivier Felix Isselin"},"image":{"@id":"https:\/\/olivierfelixisselin.com\/#\/schema\/logo\/image\/"},"sameAs":["https:\/\/www.facebook.com\/FelixIsselin","https:\/\/x.com\/FelixISSELIN","https:\/\/www.instagram.com\/felix.isselin\/","https:\/\/www.linkedin.com\/in\/olivier-felix-isselin-31915b84\/"]}]}},"_links":{"self":[{"href":"https:\/\/olivierfelixisselin.com\/index.php\/wp-json\/wp\/v2\/pages\/5033","targetHints":{"allow":["GET"]}}],"collection":[{"href":"https:\/\/olivierfelixisselin.com\/index.php\/wp-json\/wp\/v2\/pages"}],"about":[{"href":"https:\/\/olivierfelixisselin.com\/index.php\/wp-json\/wp\/v2\/types\/page"}],"author":[{"embeddable":true,"href":"https:\/\/olivierfelixisselin.com\/index.php\/wp-json\/wp\/v2\/users\/1"}],"replies":[{"embeddable":true,"href":"https:\/\/olivierfelixisselin.com\/index.php\/wp-json\/wp\/v2\/comments?post=5033"}],"version-history":[{"count":1,"href":"https:\/\/olivierfelixisselin.com\/index.php\/wp-json\/wp\/v2\/pages\/5033\/revisions"}],"predecessor-version":[{"id":5034,"href":"https:\/\/olivierfelixisselin.com\/index.php\/wp-json\/wp\/v2\/pages\/5033\/revisions\/5034"}],"wp:attachment":[{"href":"https:\/\/olivierfelixisselin.com\/index.php\/wp-json\/wp\/v2\/media?parent=5033"}],"curies":[{"name":"wp","href":"https:\/\/api.w.org\/{rel}","templated":true}]}}