{"id":5031,"date":"2026-04-20T05:04:22","date_gmt":"2026-04-20T03:04:22","guid":{"rendered":"https:\/\/olivierfelixisselin.com\/?page_id=5031"},"modified":"2026-04-21T11:14:38","modified_gmt":"2026-04-21T09:14:38","slug":"mgofi-production-8","status":"publish","type":"page","link":"https:\/\/olivierfelixisselin.com\/index.php\/sv\/mgofi-production-8\/","title":{"rendered":"MGOFI Production"},"content":{"rendered":"\n<p><strong>MGOFI Production \u00e4r det audiovisuella och kulturella produktionslabel som utvecklas inom Olivier Felix Isselin Ltd av Olivier Felix Isselin tillsammans med Maxime Golay.<\/strong><\/p>\n\n\n\n<p><strong>I sk\u00e4rningspunkten mellan design, arkitektur, konst och ber\u00e4ttande utvecklar det visuella och redaktionella format som pr\u00e4glas av samma krav p\u00e5 klarhet, stringens och formell precision.<\/strong><\/p>\n\n\n\n<p><strong>Varje projekt uppfattas som ett noggrant konstruerat objekt d\u00e4r inneh\u00e5ll, bildutsnitt, rytm, ljus och ber\u00e4ttande tj\u00e4nar en och samma intention. M\u00e5let \u00e4r inte att l\u00e4gga till effekter, utan att skapa former som \u00e4r precisa, l\u00e4sbara och best\u00e4ndiga.<\/strong><\/p>\n\n\n\n<p><strong>Bland de projekt som f\u00f6r n\u00e4rvarande utvecklas under detta label finns ICONIC DESIGN[S], en audiovisuell serie \u00e4gnad \u00e5t designens ikoniska objekt. Serien \u00e4r utformad som ett kortformat med stark visuell identitet och utforskar formens intelligens genom objekt som blivit best\u00e5ende referenspunkter i v\u00e5r materiella kultur.<\/strong><\/p>\n\n\n\n<p><strong>Inom MGOFI Production ansvarar Olivier Felix Isselin f\u00f6r den konstn\u00e4rliga ledningen, skrivandet, konceptutvecklingen och den redaktionella visionen. Maxime Golay medverkar i utvecklingen, produktionen och den visuella n\u00e4rvaron framf\u00f6r kameran.<\/strong><\/p>\n\n\n\n<figure class=\"wp-block-image size-large\"><img loading=\"lazy\" decoding=\"async\" width=\"1024\" height=\"614\" src=\"https:\/\/olivierfelixisselin.com\/wp-content\/uploads\/2026\/04\/iconic-designs-seriesland-selctionserie-1024x614.jpeg\" alt=\"\" class=\"wp-image-5069\" srcset=\"https:\/\/olivierfelixisselin.com\/wp-content\/uploads\/2026\/04\/iconic-designs-seriesland-selctionserie-1024x614.jpeg 1024w, https:\/\/olivierfelixisselin.com\/wp-content\/uploads\/2026\/04\/iconic-designs-seriesland-selctionserie-300x180.jpeg 300w, https:\/\/olivierfelixisselin.com\/wp-content\/uploads\/2026\/04\/iconic-designs-seriesland-selctionserie-768x461.jpeg 768w, https:\/\/olivierfelixisselin.com\/wp-content\/uploads\/2026\/04\/iconic-designs-seriesland-selctionserie.jpeg 1185w\" sizes=\"auto, (max-width: 1024px) 100vw, 1024px\" \/><\/figure>\n","protected":false},"excerpt":{"rendered":"<p>MGOFI Production \u00e4r det audiovisuella och kulturella produktionslabel som utvecklas inom Olivier Felix Isselin Ltd [&hellip;]<\/p>\n","protected":false},"author":1,"featured_media":0,"parent":0,"menu_order":0,"comment_status":"closed","ping_status":"closed","template":"","meta":{"footnotes":""},"class_list":["post-5031","page","type-page","status-publish","hentry"],"yoast_head":"<!-- This site is optimized with the Yoast SEO plugin v27.4 - https:\/\/yoast.com\/product\/yoast-seo-wordpress\/ -->\n<title>MGOFI Production - Olivier Felix Isselin<\/title>\n<meta name=\"robots\" content=\"index, follow, max-snippet:-1, max-image-preview:large, max-video-preview:-1\" \/>\n<link rel=\"canonical\" href=\"https:\/\/olivierfelixisselin.com\/index.php\/sv\/mgofi-production-8\/\" \/>\n<meta property=\"og:locale\" content=\"fr_FR\" \/>\n<meta property=\"og:type\" content=\"article\" \/>\n<meta property=\"og:title\" content=\"MGOFI Production - Olivier Felix Isselin\" \/>\n<meta property=\"og:description\" content=\"MGOFI Production \u00e4r det audiovisuella och kulturella produktionslabel som utvecklas inom Olivier Felix Isselin Ltd [&hellip;]\" \/>\n<meta property=\"og:url\" content=\"https:\/\/olivierfelixisselin.com\/index.php\/sv\/mgofi-production-8\/\" \/>\n<meta property=\"og:site_name\" content=\"Olivier Felix Isselin\" \/>\n<meta property=\"article:publisher\" content=\"https:\/\/www.facebook.com\/FelixIsselin\" \/>\n<meta property=\"article:modified_time\" content=\"2026-04-21T09:14:38+00:00\" \/>\n<meta property=\"og:image\" content=\"https:\/\/olivierfelixisselin.com\/wp-content\/uploads\/2026\/04\/iconic-designs-seriesland-selctionserie.jpeg\" \/>\n\t<meta property=\"og:image:width\" content=\"1185\" \/>\n\t<meta property=\"og:image:height\" content=\"711\" \/>\n\t<meta property=\"og:image:type\" content=\"image\/jpeg\" \/>\n<meta name=\"twitter:card\" content=\"summary_large_image\" \/>\n<meta name=\"twitter:site\" content=\"@FelixISSELIN\" \/>\n<meta name=\"twitter:label1\" content=\"Dur\u00e9e de lecture estim\u00e9e\" \/>\n\t<meta name=\"twitter:data1\" content=\"2 minutes\" \/>\n<script type=\"application\/ld+json\" class=\"yoast-schema-graph\">{\"@context\":\"https:\\\/\\\/schema.org\",\"@graph\":[{\"@type\":\"WebPage\",\"@id\":\"https:\\\/\\\/olivierfelixisselin.com\\\/index.php\\\/sv\\\/mgofi-production-8\\\/\",\"url\":\"https:\\\/\\\/olivierfelixisselin.com\\\/index.php\\\/sv\\\/mgofi-production-8\\\/\",\"name\":\"MGOFI Production - Olivier Felix Isselin\",\"isPartOf\":{\"@id\":\"https:\\\/\\\/olivierfelixisselin.com\\\/#website\"},\"primaryImageOfPage\":{\"@id\":\"https:\\\/\\\/olivierfelixisselin.com\\\/index.php\\\/sv\\\/mgofi-production-8\\\/#primaryimage\"},\"image\":{\"@id\":\"https:\\\/\\\/olivierfelixisselin.com\\\/index.php\\\/sv\\\/mgofi-production-8\\\/#primaryimage\"},\"thumbnailUrl\":\"https:\\\/\\\/olivierfelixisselin.com\\\/wp-content\\\/uploads\\\/2026\\\/04\\\/iconic-designs-seriesland-selctionserie-1024x614.jpeg\",\"datePublished\":\"2026-04-20T03:04:22+00:00\",\"dateModified\":\"2026-04-21T09:14:38+00:00\",\"breadcrumb\":{\"@id\":\"https:\\\/\\\/olivierfelixisselin.com\\\/index.php\\\/sv\\\/mgofi-production-8\\\/#breadcrumb\"},\"inLanguage\":\"fr-FR\",\"potentialAction\":[{\"@type\":\"ReadAction\",\"target\":[\"https:\\\/\\\/olivierfelixisselin.com\\\/index.php\\\/sv\\\/mgofi-production-8\\\/\"]}]},{\"@type\":\"ImageObject\",\"inLanguage\":\"fr-FR\",\"@id\":\"https:\\\/\\\/olivierfelixisselin.com\\\/index.php\\\/sv\\\/mgofi-production-8\\\/#primaryimage\",\"url\":\"https:\\\/\\\/olivierfelixisselin.com\\\/wp-content\\\/uploads\\\/2026\\\/04\\\/iconic-designs-seriesland-selctionserie.jpeg\",\"contentUrl\":\"https:\\\/\\\/olivierfelixisselin.com\\\/wp-content\\\/uploads\\\/2026\\\/04\\\/iconic-designs-seriesland-selctionserie.jpeg\",\"width\":1185,\"height\":711},{\"@type\":\"BreadcrumbList\",\"@id\":\"https:\\\/\\\/olivierfelixisselin.com\\\/index.php\\\/sv\\\/mgofi-production-8\\\/#breadcrumb\",\"itemListElement\":[{\"@type\":\"ListItem\",\"position\":1,\"name\":\"Accueil\",\"item\":\"https:\\\/\\\/olivierfelixisselin.com\\\/\"},{\"@type\":\"ListItem\",\"position\":2,\"name\":\"MGOFI Production\"}]},{\"@type\":\"WebSite\",\"@id\":\"https:\\\/\\\/olivierfelixisselin.com\\\/#website\",\"url\":\"https:\\\/\\\/olivierfelixisselin.com\\\/\",\"name\":\"Olivier Felix Isselin\",\"description\":\"- - -\",\"publisher\":{\"@id\":\"https:\\\/\\\/olivierfelixisselin.com\\\/#organization\"},\"alternateName\":\"OFI\",\"potentialAction\":[{\"@type\":\"SearchAction\",\"target\":{\"@type\":\"EntryPoint\",\"urlTemplate\":\"https:\\\/\\\/olivierfelixisselin.com\\\/?s={search_term_string}\"},\"query-input\":{\"@type\":\"PropertyValueSpecification\",\"valueRequired\":true,\"valueName\":\"search_term_string\"}}],\"inLanguage\":\"fr-FR\"},{\"@type\":\"Organization\",\"@id\":\"https:\\\/\\\/olivierfelixisselin.com\\\/#organization\",\"name\":\"Olivier Felix Isselin\",\"alternateName\":\"OFI\",\"url\":\"https:\\\/\\\/olivierfelixisselin.com\\\/\",\"logo\":{\"@type\":\"ImageObject\",\"inLanguage\":\"fr-FR\",\"@id\":\"https:\\\/\\\/olivierfelixisselin.com\\\/#\\\/schema\\\/logo\\\/image\\\/\",\"url\":\"https:\\\/\\\/olivierfelixisselin.com\\\/wp-content\\\/uploads\\\/2023\\\/05\\\/cropped-cropped-logo-fourmiliere-ikb.png\",\"contentUrl\":\"https:\\\/\\\/olivierfelixisselin.com\\\/wp-content\\\/uploads\\\/2023\\\/05\\\/cropped-cropped-logo-fourmiliere-ikb.png\",\"width\":512,\"height\":512,\"caption\":\"Olivier Felix Isselin\"},\"image\":{\"@id\":\"https:\\\/\\\/olivierfelixisselin.com\\\/#\\\/schema\\\/logo\\\/image\\\/\"},\"sameAs\":[\"https:\\\/\\\/www.facebook.com\\\/FelixIsselin\",\"https:\\\/\\\/x.com\\\/FelixISSELIN\",\"https:\\\/\\\/www.instagram.com\\\/felix.isselin\\\/\",\"https:\\\/\\\/www.linkedin.com\\\/in\\\/olivier-felix-isselin-31915b84\\\/\"]}]}<\/script>\n<!-- \/ Yoast SEO plugin. -->","yoast_head_json":{"title":"MGOFI Production - Olivier Felix Isselin","robots":{"index":"index","follow":"follow","max-snippet":"max-snippet:-1","max-image-preview":"max-image-preview:large","max-video-preview":"max-video-preview:-1"},"canonical":"https:\/\/olivierfelixisselin.com\/index.php\/sv\/mgofi-production-8\/","og_locale":"fr_FR","og_type":"article","og_title":"MGOFI Production - Olivier Felix Isselin","og_description":"MGOFI Production \u00e4r det audiovisuella och kulturella produktionslabel som utvecklas inom Olivier Felix Isselin Ltd [&hellip;]","og_url":"https:\/\/olivierfelixisselin.com\/index.php\/sv\/mgofi-production-8\/","og_site_name":"Olivier Felix Isselin","article_publisher":"https:\/\/www.facebook.com\/FelixIsselin","article_modified_time":"2026-04-21T09:14:38+00:00","og_image":[{"width":1185,"height":711,"url":"https:\/\/olivierfelixisselin.com\/wp-content\/uploads\/2026\/04\/iconic-designs-seriesland-selctionserie.jpeg","type":"image\/jpeg"}],"twitter_card":"summary_large_image","twitter_site":"@FelixISSELIN","twitter_misc":{"Dur\u00e9e de lecture estim\u00e9e":"2 minutes"},"schema":{"@context":"https:\/\/schema.org","@graph":[{"@type":"WebPage","@id":"https:\/\/olivierfelixisselin.com\/index.php\/sv\/mgofi-production-8\/","url":"https:\/\/olivierfelixisselin.com\/index.php\/sv\/mgofi-production-8\/","name":"MGOFI Production - Olivier Felix Isselin","isPartOf":{"@id":"https:\/\/olivierfelixisselin.com\/#website"},"primaryImageOfPage":{"@id":"https:\/\/olivierfelixisselin.com\/index.php\/sv\/mgofi-production-8\/#primaryimage"},"image":{"@id":"https:\/\/olivierfelixisselin.com\/index.php\/sv\/mgofi-production-8\/#primaryimage"},"thumbnailUrl":"https:\/\/olivierfelixisselin.com\/wp-content\/uploads\/2026\/04\/iconic-designs-seriesland-selctionserie-1024x614.jpeg","datePublished":"2026-04-20T03:04:22+00:00","dateModified":"2026-04-21T09:14:38+00:00","breadcrumb":{"@id":"https:\/\/olivierfelixisselin.com\/index.php\/sv\/mgofi-production-8\/#breadcrumb"},"inLanguage":"fr-FR","potentialAction":[{"@type":"ReadAction","target":["https:\/\/olivierfelixisselin.com\/index.php\/sv\/mgofi-production-8\/"]}]},{"@type":"ImageObject","inLanguage":"fr-FR","@id":"https:\/\/olivierfelixisselin.com\/index.php\/sv\/mgofi-production-8\/#primaryimage","url":"https:\/\/olivierfelixisselin.com\/wp-content\/uploads\/2026\/04\/iconic-designs-seriesland-selctionserie.jpeg","contentUrl":"https:\/\/olivierfelixisselin.com\/wp-content\/uploads\/2026\/04\/iconic-designs-seriesland-selctionserie.jpeg","width":1185,"height":711},{"@type":"BreadcrumbList","@id":"https:\/\/olivierfelixisselin.com\/index.php\/sv\/mgofi-production-8\/#breadcrumb","itemListElement":[{"@type":"ListItem","position":1,"name":"Accueil","item":"https:\/\/olivierfelixisselin.com\/"},{"@type":"ListItem","position":2,"name":"MGOFI Production"}]},{"@type":"WebSite","@id":"https:\/\/olivierfelixisselin.com\/#website","url":"https:\/\/olivierfelixisselin.com\/","name":"Olivier Felix Isselin","description":"- - -","publisher":{"@id":"https:\/\/olivierfelixisselin.com\/#organization"},"alternateName":"OFI","potentialAction":[{"@type":"SearchAction","target":{"@type":"EntryPoint","urlTemplate":"https:\/\/olivierfelixisselin.com\/?s={search_term_string}"},"query-input":{"@type":"PropertyValueSpecification","valueRequired":true,"valueName":"search_term_string"}}],"inLanguage":"fr-FR"},{"@type":"Organization","@id":"https:\/\/olivierfelixisselin.com\/#organization","name":"Olivier Felix Isselin","alternateName":"OFI","url":"https:\/\/olivierfelixisselin.com\/","logo":{"@type":"ImageObject","inLanguage":"fr-FR","@id":"https:\/\/olivierfelixisselin.com\/#\/schema\/logo\/image\/","url":"https:\/\/olivierfelixisselin.com\/wp-content\/uploads\/2023\/05\/cropped-cropped-logo-fourmiliere-ikb.png","contentUrl":"https:\/\/olivierfelixisselin.com\/wp-content\/uploads\/2023\/05\/cropped-cropped-logo-fourmiliere-ikb.png","width":512,"height":512,"caption":"Olivier Felix Isselin"},"image":{"@id":"https:\/\/olivierfelixisselin.com\/#\/schema\/logo\/image\/"},"sameAs":["https:\/\/www.facebook.com\/FelixIsselin","https:\/\/x.com\/FelixISSELIN","https:\/\/www.instagram.com\/felix.isselin\/","https:\/\/www.linkedin.com\/in\/olivier-felix-isselin-31915b84\/"]}]}},"_links":{"self":[{"href":"https:\/\/olivierfelixisselin.com\/index.php\/wp-json\/wp\/v2\/pages\/5031","targetHints":{"allow":["GET"]}}],"collection":[{"href":"https:\/\/olivierfelixisselin.com\/index.php\/wp-json\/wp\/v2\/pages"}],"about":[{"href":"https:\/\/olivierfelixisselin.com\/index.php\/wp-json\/wp\/v2\/types\/page"}],"author":[{"embeddable":true,"href":"https:\/\/olivierfelixisselin.com\/index.php\/wp-json\/wp\/v2\/users\/1"}],"replies":[{"embeddable":true,"href":"https:\/\/olivierfelixisselin.com\/index.php\/wp-json\/wp\/v2\/comments?post=5031"}],"version-history":[{"count":2,"href":"https:\/\/olivierfelixisselin.com\/index.php\/wp-json\/wp\/v2\/pages\/5031\/revisions"}],"predecessor-version":[{"id":5084,"href":"https:\/\/olivierfelixisselin.com\/index.php\/wp-json\/wp\/v2\/pages\/5031\/revisions\/5084"}],"wp:attachment":[{"href":"https:\/\/olivierfelixisselin.com\/index.php\/wp-json\/wp\/v2\/media?parent=5031"}],"curies":[{"name":"wp","href":"https:\/\/api.w.org\/{rel}","templated":true}]}}