{"id":5029,"date":"2026-04-20T05:01:52","date_gmt":"2026-04-20T03:01:52","guid":{"rendered":"https:\/\/olivierfelixisselin.com\/?page_id=5029"},"modified":"2026-04-22T10:43:30","modified_gmt":"2026-04-22T08:43:30","slug":"mgofi-production-7","status":"publish","type":"page","link":"https:\/\/olivierfelixisselin.com\/index.php\/nl\/mgofi-production-7\/","title":{"rendered":"MGOFI Production"},"content":{"rendered":"\n<p><strong>MGOFI Production is het audiovisuele en culturele productielabel dat binnen Olivier Felix Isselin Ltd wordt ontwikkeld door Olivier Felix Isselin samen met Maxime Golay.<\/strong><\/p>\n\n\n\n<p><strong>Op het snijvlak van design, architectuur, kunst en narratief ontwikkelt het visuele en redactionele formats die worden gedragen door dezelfde eis van helderheid, nauwkeurigheid en formele precisie.<\/strong><\/p>\n\n\n\n<p><strong>Elk project wordt opgevat als een zorgvuldig geconstrueerd object, waarin inhoud, kadrering, ritme, licht en vertelling \u00e9\u00e9n enkele intentie volgen. Het doel is niet om effecten toe te voegen, maar om vormen te cre\u00ebren die juist, leesbaar en duurzaam zijn.<\/strong><\/p>\n\n\n\n<p><strong>Tot de projecten die momenteel onder dit label worden ontwikkeld behoort <a href=\"https:\/\/olivierfelixisselin.com\/index.php\/nl\/iconic-designs-de-kunst-in-het-nuttige\/\">ICONIC DESIGN[S]<\/a>, een audiovisuele reeks gewijd aan emblematische designobjecten. Opgezet als een kort format met een sterke visuele identiteit, onderzoekt het de intelligentie van vorm via objecten die blijvende referentiepunten zijn geworden binnen onze materi\u00eble cultuur.<\/strong><\/p>\n\n\n\n<p><strong>Binnen MGOFI Production staat Olivier Felix Isselin in voor de artistieke leiding, het schrijfwerk, de conceptontwikkeling en de redactionele visie van de projecten. Maxime Golay is betrokken bij hun ontwikkeling, productie en aanwezigheid op het scherm.<\/strong><\/p>\n\n\n\n<figure class=\"wp-block-image size-large\"><img loading=\"lazy\" decoding=\"async\" width=\"1024\" height=\"614\" src=\"https:\/\/olivierfelixisselin.com\/wp-content\/uploads\/2026\/04\/iconic-designs-seriesland-selctionserie-1024x614.jpeg\" alt=\"\" class=\"wp-image-5068\" srcset=\"https:\/\/olivierfelixisselin.com\/wp-content\/uploads\/2026\/04\/iconic-designs-seriesland-selctionserie-1024x614.jpeg 1024w, https:\/\/olivierfelixisselin.com\/wp-content\/uploads\/2026\/04\/iconic-designs-seriesland-selctionserie-300x180.jpeg 300w, https:\/\/olivierfelixisselin.com\/wp-content\/uploads\/2026\/04\/iconic-designs-seriesland-selctionserie-768x461.jpeg 768w, https:\/\/olivierfelixisselin.com\/wp-content\/uploads\/2026\/04\/iconic-designs-seriesland-selctionserie.jpeg 1185w\" sizes=\"auto, (max-width: 1024px) 100vw, 1024px\" \/><\/figure>\n","protected":false},"excerpt":{"rendered":"<p>MGOFI Production is het audiovisuele en culturele productielabel dat binnen Olivier Felix Isselin Ltd wordt [&hellip;]<\/p>\n","protected":false},"author":1,"featured_media":0,"parent":0,"menu_order":0,"comment_status":"closed","ping_status":"closed","template":"","meta":{"footnotes":""},"class_list":["post-5029","page","type-page","status-publish","hentry"],"yoast_head":"<!-- This site is optimized with the Yoast SEO plugin v27.4 - https:\/\/yoast.com\/product\/yoast-seo-wordpress\/ -->\n<title>MGOFI Production - Olivier Felix Isselin<\/title>\n<meta name=\"robots\" content=\"index, follow, max-snippet:-1, max-image-preview:large, max-video-preview:-1\" \/>\n<link rel=\"canonical\" href=\"https:\/\/olivierfelixisselin.com\/index.php\/nl\/mgofi-production-7\/\" \/>\n<meta property=\"og:locale\" content=\"fr_FR\" \/>\n<meta property=\"og:type\" content=\"article\" \/>\n<meta property=\"og:title\" content=\"MGOFI Production - Olivier Felix Isselin\" \/>\n<meta property=\"og:description\" content=\"MGOFI Production is het audiovisuele en culturele productielabel dat binnen Olivier Felix Isselin Ltd wordt [&hellip;]\" \/>\n<meta property=\"og:url\" content=\"https:\/\/olivierfelixisselin.com\/index.php\/nl\/mgofi-production-7\/\" \/>\n<meta property=\"og:site_name\" content=\"Olivier Felix Isselin\" \/>\n<meta property=\"article:publisher\" content=\"https:\/\/www.facebook.com\/FelixIsselin\" \/>\n<meta property=\"article:modified_time\" content=\"2026-04-22T08:43:30+00:00\" \/>\n<meta property=\"og:image\" content=\"https:\/\/olivierfelixisselin.com\/wp-content\/uploads\/2026\/04\/iconic-designs-seriesland-selctionserie.jpeg\" \/>\n\t<meta property=\"og:image:width\" content=\"1185\" \/>\n\t<meta property=\"og:image:height\" content=\"711\" \/>\n\t<meta property=\"og:image:type\" content=\"image\/jpeg\" \/>\n<meta name=\"twitter:card\" content=\"summary_large_image\" \/>\n<meta name=\"twitter:site\" content=\"@FelixISSELIN\" \/>\n<meta name=\"twitter:label1\" content=\"Dur\u00e9e de lecture estim\u00e9e\" \/>\n\t<meta name=\"twitter:data1\" content=\"2 minutes\" \/>\n<script type=\"application\/ld+json\" class=\"yoast-schema-graph\">{\"@context\":\"https:\\\/\\\/schema.org\",\"@graph\":[{\"@type\":\"WebPage\",\"@id\":\"https:\\\/\\\/olivierfelixisselin.com\\\/index.php\\\/nl\\\/mgofi-production-7\\\/\",\"url\":\"https:\\\/\\\/olivierfelixisselin.com\\\/index.php\\\/nl\\\/mgofi-production-7\\\/\",\"name\":\"MGOFI Production - Olivier Felix Isselin\",\"isPartOf\":{\"@id\":\"https:\\\/\\\/olivierfelixisselin.com\\\/#website\"},\"primaryImageOfPage\":{\"@id\":\"https:\\\/\\\/olivierfelixisselin.com\\\/index.php\\\/nl\\\/mgofi-production-7\\\/#primaryimage\"},\"image\":{\"@id\":\"https:\\\/\\\/olivierfelixisselin.com\\\/index.php\\\/nl\\\/mgofi-production-7\\\/#primaryimage\"},\"thumbnailUrl\":\"https:\\\/\\\/olivierfelixisselin.com\\\/wp-content\\\/uploads\\\/2026\\\/04\\\/iconic-designs-seriesland-selctionserie-1024x614.jpeg\",\"datePublished\":\"2026-04-20T03:01:52+00:00\",\"dateModified\":\"2026-04-22T08:43:30+00:00\",\"breadcrumb\":{\"@id\":\"https:\\\/\\\/olivierfelixisselin.com\\\/index.php\\\/nl\\\/mgofi-production-7\\\/#breadcrumb\"},\"inLanguage\":\"fr-FR\",\"potentialAction\":[{\"@type\":\"ReadAction\",\"target\":[\"https:\\\/\\\/olivierfelixisselin.com\\\/index.php\\\/nl\\\/mgofi-production-7\\\/\"]}]},{\"@type\":\"ImageObject\",\"inLanguage\":\"fr-FR\",\"@id\":\"https:\\\/\\\/olivierfelixisselin.com\\\/index.php\\\/nl\\\/mgofi-production-7\\\/#primaryimage\",\"url\":\"https:\\\/\\\/olivierfelixisselin.com\\\/wp-content\\\/uploads\\\/2026\\\/04\\\/iconic-designs-seriesland-selctionserie.jpeg\",\"contentUrl\":\"https:\\\/\\\/olivierfelixisselin.com\\\/wp-content\\\/uploads\\\/2026\\\/04\\\/iconic-designs-seriesland-selctionserie.jpeg\",\"width\":1185,\"height\":711},{\"@type\":\"BreadcrumbList\",\"@id\":\"https:\\\/\\\/olivierfelixisselin.com\\\/index.php\\\/nl\\\/mgofi-production-7\\\/#breadcrumb\",\"itemListElement\":[{\"@type\":\"ListItem\",\"position\":1,\"name\":\"Accueil\",\"item\":\"https:\\\/\\\/olivierfelixisselin.com\\\/\"},{\"@type\":\"ListItem\",\"position\":2,\"name\":\"MGOFI Production\"}]},{\"@type\":\"WebSite\",\"@id\":\"https:\\\/\\\/olivierfelixisselin.com\\\/#website\",\"url\":\"https:\\\/\\\/olivierfelixisselin.com\\\/\",\"name\":\"Olivier Felix Isselin\",\"description\":\"- - -\",\"publisher\":{\"@id\":\"https:\\\/\\\/olivierfelixisselin.com\\\/#organization\"},\"alternateName\":\"OFI\",\"potentialAction\":[{\"@type\":\"SearchAction\",\"target\":{\"@type\":\"EntryPoint\",\"urlTemplate\":\"https:\\\/\\\/olivierfelixisselin.com\\\/?s={search_term_string}\"},\"query-input\":{\"@type\":\"PropertyValueSpecification\",\"valueRequired\":true,\"valueName\":\"search_term_string\"}}],\"inLanguage\":\"fr-FR\"},{\"@type\":\"Organization\",\"@id\":\"https:\\\/\\\/olivierfelixisselin.com\\\/#organization\",\"name\":\"Olivier Felix Isselin\",\"alternateName\":\"OFI\",\"url\":\"https:\\\/\\\/olivierfelixisselin.com\\\/\",\"logo\":{\"@type\":\"ImageObject\",\"inLanguage\":\"fr-FR\",\"@id\":\"https:\\\/\\\/olivierfelixisselin.com\\\/#\\\/schema\\\/logo\\\/image\\\/\",\"url\":\"https:\\\/\\\/olivierfelixisselin.com\\\/wp-content\\\/uploads\\\/2023\\\/05\\\/cropped-cropped-logo-fourmiliere-ikb.png\",\"contentUrl\":\"https:\\\/\\\/olivierfelixisselin.com\\\/wp-content\\\/uploads\\\/2023\\\/05\\\/cropped-cropped-logo-fourmiliere-ikb.png\",\"width\":512,\"height\":512,\"caption\":\"Olivier Felix Isselin\"},\"image\":{\"@id\":\"https:\\\/\\\/olivierfelixisselin.com\\\/#\\\/schema\\\/logo\\\/image\\\/\"},\"sameAs\":[\"https:\\\/\\\/www.facebook.com\\\/FelixIsselin\",\"https:\\\/\\\/x.com\\\/FelixISSELIN\",\"https:\\\/\\\/www.instagram.com\\\/felix.isselin\\\/\",\"https:\\\/\\\/www.linkedin.com\\\/in\\\/olivier-felix-isselin-31915b84\\\/\"]}]}<\/script>\n<!-- \/ Yoast SEO plugin. -->","yoast_head_json":{"title":"MGOFI Production - Olivier Felix Isselin","robots":{"index":"index","follow":"follow","max-snippet":"max-snippet:-1","max-image-preview":"max-image-preview:large","max-video-preview":"max-video-preview:-1"},"canonical":"https:\/\/olivierfelixisselin.com\/index.php\/nl\/mgofi-production-7\/","og_locale":"fr_FR","og_type":"article","og_title":"MGOFI Production - Olivier Felix Isselin","og_description":"MGOFI Production is het audiovisuele en culturele productielabel dat binnen Olivier Felix Isselin Ltd wordt [&hellip;]","og_url":"https:\/\/olivierfelixisselin.com\/index.php\/nl\/mgofi-production-7\/","og_site_name":"Olivier Felix Isselin","article_publisher":"https:\/\/www.facebook.com\/FelixIsselin","article_modified_time":"2026-04-22T08:43:30+00:00","og_image":[{"width":1185,"height":711,"url":"https:\/\/olivierfelixisselin.com\/wp-content\/uploads\/2026\/04\/iconic-designs-seriesland-selctionserie.jpeg","type":"image\/jpeg"}],"twitter_card":"summary_large_image","twitter_site":"@FelixISSELIN","twitter_misc":{"Dur\u00e9e de lecture estim\u00e9e":"2 minutes"},"schema":{"@context":"https:\/\/schema.org","@graph":[{"@type":"WebPage","@id":"https:\/\/olivierfelixisselin.com\/index.php\/nl\/mgofi-production-7\/","url":"https:\/\/olivierfelixisselin.com\/index.php\/nl\/mgofi-production-7\/","name":"MGOFI Production - Olivier Felix Isselin","isPartOf":{"@id":"https:\/\/olivierfelixisselin.com\/#website"},"primaryImageOfPage":{"@id":"https:\/\/olivierfelixisselin.com\/index.php\/nl\/mgofi-production-7\/#primaryimage"},"image":{"@id":"https:\/\/olivierfelixisselin.com\/index.php\/nl\/mgofi-production-7\/#primaryimage"},"thumbnailUrl":"https:\/\/olivierfelixisselin.com\/wp-content\/uploads\/2026\/04\/iconic-designs-seriesland-selctionserie-1024x614.jpeg","datePublished":"2026-04-20T03:01:52+00:00","dateModified":"2026-04-22T08:43:30+00:00","breadcrumb":{"@id":"https:\/\/olivierfelixisselin.com\/index.php\/nl\/mgofi-production-7\/#breadcrumb"},"inLanguage":"fr-FR","potentialAction":[{"@type":"ReadAction","target":["https:\/\/olivierfelixisselin.com\/index.php\/nl\/mgofi-production-7\/"]}]},{"@type":"ImageObject","inLanguage":"fr-FR","@id":"https:\/\/olivierfelixisselin.com\/index.php\/nl\/mgofi-production-7\/#primaryimage","url":"https:\/\/olivierfelixisselin.com\/wp-content\/uploads\/2026\/04\/iconic-designs-seriesland-selctionserie.jpeg","contentUrl":"https:\/\/olivierfelixisselin.com\/wp-content\/uploads\/2026\/04\/iconic-designs-seriesland-selctionserie.jpeg","width":1185,"height":711},{"@type":"BreadcrumbList","@id":"https:\/\/olivierfelixisselin.com\/index.php\/nl\/mgofi-production-7\/#breadcrumb","itemListElement":[{"@type":"ListItem","position":1,"name":"Accueil","item":"https:\/\/olivierfelixisselin.com\/"},{"@type":"ListItem","position":2,"name":"MGOFI Production"}]},{"@type":"WebSite","@id":"https:\/\/olivierfelixisselin.com\/#website","url":"https:\/\/olivierfelixisselin.com\/","name":"Olivier Felix Isselin","description":"- - -","publisher":{"@id":"https:\/\/olivierfelixisselin.com\/#organization"},"alternateName":"OFI","potentialAction":[{"@type":"SearchAction","target":{"@type":"EntryPoint","urlTemplate":"https:\/\/olivierfelixisselin.com\/?s={search_term_string}"},"query-input":{"@type":"PropertyValueSpecification","valueRequired":true,"valueName":"search_term_string"}}],"inLanguage":"fr-FR"},{"@type":"Organization","@id":"https:\/\/olivierfelixisselin.com\/#organization","name":"Olivier Felix Isselin","alternateName":"OFI","url":"https:\/\/olivierfelixisselin.com\/","logo":{"@type":"ImageObject","inLanguage":"fr-FR","@id":"https:\/\/olivierfelixisselin.com\/#\/schema\/logo\/image\/","url":"https:\/\/olivierfelixisselin.com\/wp-content\/uploads\/2023\/05\/cropped-cropped-logo-fourmiliere-ikb.png","contentUrl":"https:\/\/olivierfelixisselin.com\/wp-content\/uploads\/2023\/05\/cropped-cropped-logo-fourmiliere-ikb.png","width":512,"height":512,"caption":"Olivier Felix Isselin"},"image":{"@id":"https:\/\/olivierfelixisselin.com\/#\/schema\/logo\/image\/"},"sameAs":["https:\/\/www.facebook.com\/FelixIsselin","https:\/\/x.com\/FelixISSELIN","https:\/\/www.instagram.com\/felix.isselin\/","https:\/\/www.linkedin.com\/in\/olivier-felix-isselin-31915b84\/"]}]}},"_links":{"self":[{"href":"https:\/\/olivierfelixisselin.com\/index.php\/wp-json\/wp\/v2\/pages\/5029","targetHints":{"allow":["GET"]}}],"collection":[{"href":"https:\/\/olivierfelixisselin.com\/index.php\/wp-json\/wp\/v2\/pages"}],"about":[{"href":"https:\/\/olivierfelixisselin.com\/index.php\/wp-json\/wp\/v2\/types\/page"}],"author":[{"embeddable":true,"href":"https:\/\/olivierfelixisselin.com\/index.php\/wp-json\/wp\/v2\/users\/1"}],"replies":[{"embeddable":true,"href":"https:\/\/olivierfelixisselin.com\/index.php\/wp-json\/wp\/v2\/comments?post=5029"}],"version-history":[{"count":3,"href":"https:\/\/olivierfelixisselin.com\/index.php\/wp-json\/wp\/v2\/pages\/5029\/revisions"}],"predecessor-version":[{"id":5126,"href":"https:\/\/olivierfelixisselin.com\/index.php\/wp-json\/wp\/v2\/pages\/5029\/revisions\/5126"}],"wp:attachment":[{"href":"https:\/\/olivierfelixisselin.com\/index.php\/wp-json\/wp\/v2\/media?parent=5029"}],"curies":[{"name":"wp","href":"https:\/\/api.w.org\/{rel}","templated":true}]}}