{"id":5027,"date":"2026-04-20T05:01:02","date_gmt":"2026-04-20T03:01:02","guid":{"rendered":"https:\/\/olivierfelixisselin.com\/?page_id=5027"},"modified":"2026-04-20T05:01:03","modified_gmt":"2026-04-20T03:01:03","slug":"mgofi-production-6","status":"publish","type":"page","link":"https:\/\/olivierfelixisselin.com\/index.php\/pt\/mgofi-production-6\/","title":{"rendered":"MGOFI Production"},"content":{"rendered":"\n<p><strong>MGOFI Production \u00e9 o selo de produ\u00e7\u00e3o audiovisual e cultural desenvolvido no \u00e2mbito da Olivier Felix Isselin Ltd por Olivier Felix Isselin em conjunto com Maxime Golay.<\/strong><\/p>\n\n\n\n<p><strong>Na interse\u00e7\u00e3o entre design, arquitetura, arte e narrativa, desenvolve formatos visuais e editoriais guiados por uma mesma exig\u00eancia de clareza, rigor e precis\u00e3o formal.<\/strong><\/p>\n\n\n\n<p><strong>Cada projeto \u00e9 concebido como um objeto constru\u00eddo com precis\u00e3o, no qual conte\u00fado, enquadramento, ritmo, luz e narra\u00e7\u00e3o respondem a uma \u00fanica inten\u00e7\u00e3o. O objetivo n\u00e3o \u00e9 acrescentar efeitos, mas produzir formas justas, leg\u00edveis e duradouras.<\/strong><\/p>\n\n\n\n<p><strong>Entre os projetos atualmente desenvolvidos sob este selo encontra-se ICONIC DESIGN[S], uma s\u00e9rie audiovisual dedicada a objetos emblem\u00e1ticos do design. Concebida como um formato curto com forte identidade visual, explora a intelig\u00eancia da forma atrav\u00e9s de objetos que se tornaram refer\u00eancias duradouras da nossa cultura material.<\/strong><\/p>\n\n\n\n<p><strong>No \u00e2mbito da MGOFI Production, Olivier Felix Isselin assume a dire\u00e7\u00e3o art\u00edstica, a escrita, a conce\u00e7\u00e3o e a vis\u00e3o editorial dos projetos. Maxime Golay interv\u00e9m no seu desenvolvimento, produ\u00e7\u00e3o e presen\u00e7a em ecr\u00e3.<\/strong><\/p>\n","protected":false},"excerpt":{"rendered":"<p>MGOFI Production \u00e9 o selo de produ\u00e7\u00e3o audiovisual e cultural desenvolvido no \u00e2mbito da Olivier [&hellip;]<\/p>\n","protected":false},"author":1,"featured_media":0,"parent":0,"menu_order":0,"comment_status":"closed","ping_status":"closed","template":"","meta":{"footnotes":""},"class_list":["post-5027","page","type-page","status-publish","hentry"],"yoast_head":"<!-- This site is optimized with the Yoast SEO plugin v27.4 - https:\/\/yoast.com\/product\/yoast-seo-wordpress\/ -->\n<title>MGOFI Production - Olivier Felix Isselin<\/title>\n<meta name=\"robots\" content=\"index, follow, max-snippet:-1, max-image-preview:large, max-video-preview:-1\" \/>\n<link rel=\"canonical\" href=\"https:\/\/olivierfelixisselin.com\/index.php\/pt\/mgofi-production-6\/\" \/>\n<meta property=\"og:locale\" content=\"fr_FR\" \/>\n<meta property=\"og:type\" content=\"article\" \/>\n<meta property=\"og:title\" content=\"MGOFI Production - Olivier Felix Isselin\" \/>\n<meta property=\"og:description\" content=\"MGOFI Production \u00e9 o selo de produ\u00e7\u00e3o audiovisual e cultural desenvolvido no \u00e2mbito da Olivier [&hellip;]\" \/>\n<meta property=\"og:url\" content=\"https:\/\/olivierfelixisselin.com\/index.php\/pt\/mgofi-production-6\/\" \/>\n<meta property=\"og:site_name\" content=\"Olivier Felix Isselin\" \/>\n<meta property=\"article:publisher\" content=\"https:\/\/www.facebook.com\/FelixIsselin\" \/>\n<meta property=\"article:modified_time\" content=\"2026-04-20T03:01:03+00:00\" \/>\n<meta property=\"og:image\" content=\"https:\/\/olivierfelixisselin.com\/wp-content\/uploads\/2023\/06\/Olivier-Felix-Isselin.jpg\" \/>\n\t<meta property=\"og:image:width\" content=\"1200\" \/>\n\t<meta property=\"og:image:height\" content=\"665\" \/>\n\t<meta property=\"og:image:type\" content=\"image\/jpeg\" \/>\n<meta name=\"twitter:card\" content=\"summary_large_image\" \/>\n<meta name=\"twitter:site\" content=\"@FelixISSELIN\" \/>\n<meta name=\"twitter:label1\" content=\"Dur\u00e9e de lecture estim\u00e9e\" \/>\n\t<meta name=\"twitter:data1\" content=\"1 minute\" \/>\n<script type=\"application\/ld+json\" class=\"yoast-schema-graph\">{\"@context\":\"https:\\\/\\\/schema.org\",\"@graph\":[{\"@type\":\"WebPage\",\"@id\":\"https:\\\/\\\/olivierfelixisselin.com\\\/index.php\\\/pt\\\/mgofi-production-6\\\/\",\"url\":\"https:\\\/\\\/olivierfelixisselin.com\\\/index.php\\\/pt\\\/mgofi-production-6\\\/\",\"name\":\"MGOFI Production - Olivier Felix Isselin\",\"isPartOf\":{\"@id\":\"https:\\\/\\\/olivierfelixisselin.com\\\/#website\"},\"datePublished\":\"2026-04-20T03:01:02+00:00\",\"dateModified\":\"2026-04-20T03:01:03+00:00\",\"breadcrumb\":{\"@id\":\"https:\\\/\\\/olivierfelixisselin.com\\\/index.php\\\/pt\\\/mgofi-production-6\\\/#breadcrumb\"},\"inLanguage\":\"fr-FR\",\"potentialAction\":[{\"@type\":\"ReadAction\",\"target\":[\"https:\\\/\\\/olivierfelixisselin.com\\\/index.php\\\/pt\\\/mgofi-production-6\\\/\"]}]},{\"@type\":\"BreadcrumbList\",\"@id\":\"https:\\\/\\\/olivierfelixisselin.com\\\/index.php\\\/pt\\\/mgofi-production-6\\\/#breadcrumb\",\"itemListElement\":[{\"@type\":\"ListItem\",\"position\":1,\"name\":\"Accueil\",\"item\":\"https:\\\/\\\/olivierfelixisselin.com\\\/\"},{\"@type\":\"ListItem\",\"position\":2,\"name\":\"MGOFI Production\"}]},{\"@type\":\"WebSite\",\"@id\":\"https:\\\/\\\/olivierfelixisselin.com\\\/#website\",\"url\":\"https:\\\/\\\/olivierfelixisselin.com\\\/\",\"name\":\"Olivier Felix Isselin\",\"description\":\"- - -\",\"publisher\":{\"@id\":\"https:\\\/\\\/olivierfelixisselin.com\\\/#organization\"},\"alternateName\":\"OFI\",\"potentialAction\":[{\"@type\":\"SearchAction\",\"target\":{\"@type\":\"EntryPoint\",\"urlTemplate\":\"https:\\\/\\\/olivierfelixisselin.com\\\/?s={search_term_string}\"},\"query-input\":{\"@type\":\"PropertyValueSpecification\",\"valueRequired\":true,\"valueName\":\"search_term_string\"}}],\"inLanguage\":\"fr-FR\"},{\"@type\":\"Organization\",\"@id\":\"https:\\\/\\\/olivierfelixisselin.com\\\/#organization\",\"name\":\"Olivier Felix Isselin\",\"alternateName\":\"OFI\",\"url\":\"https:\\\/\\\/olivierfelixisselin.com\\\/\",\"logo\":{\"@type\":\"ImageObject\",\"inLanguage\":\"fr-FR\",\"@id\":\"https:\\\/\\\/olivierfelixisselin.com\\\/#\\\/schema\\\/logo\\\/image\\\/\",\"url\":\"https:\\\/\\\/olivierfelixisselin.com\\\/wp-content\\\/uploads\\\/2023\\\/05\\\/cropped-cropped-logo-fourmiliere-ikb.png\",\"contentUrl\":\"https:\\\/\\\/olivierfelixisselin.com\\\/wp-content\\\/uploads\\\/2023\\\/05\\\/cropped-cropped-logo-fourmiliere-ikb.png\",\"width\":512,\"height\":512,\"caption\":\"Olivier Felix Isselin\"},\"image\":{\"@id\":\"https:\\\/\\\/olivierfelixisselin.com\\\/#\\\/schema\\\/logo\\\/image\\\/\"},\"sameAs\":[\"https:\\\/\\\/www.facebook.com\\\/FelixIsselin\",\"https:\\\/\\\/x.com\\\/FelixISSELIN\",\"https:\\\/\\\/www.instagram.com\\\/felix.isselin\\\/\",\"https:\\\/\\\/www.linkedin.com\\\/in\\\/olivier-felix-isselin-31915b84\\\/\"]}]}<\/script>\n<!-- \/ Yoast SEO plugin. -->","yoast_head_json":{"title":"MGOFI Production - Olivier Felix Isselin","robots":{"index":"index","follow":"follow","max-snippet":"max-snippet:-1","max-image-preview":"max-image-preview:large","max-video-preview":"max-video-preview:-1"},"canonical":"https:\/\/olivierfelixisselin.com\/index.php\/pt\/mgofi-production-6\/","og_locale":"fr_FR","og_type":"article","og_title":"MGOFI Production - Olivier Felix Isselin","og_description":"MGOFI Production \u00e9 o selo de produ\u00e7\u00e3o audiovisual e cultural desenvolvido no \u00e2mbito da Olivier [&hellip;]","og_url":"https:\/\/olivierfelixisselin.com\/index.php\/pt\/mgofi-production-6\/","og_site_name":"Olivier Felix Isselin","article_publisher":"https:\/\/www.facebook.com\/FelixIsselin","article_modified_time":"2026-04-20T03:01:03+00:00","og_image":[{"width":1200,"height":665,"url":"https:\/\/olivierfelixisselin.com\/wp-content\/uploads\/2023\/06\/Olivier-Felix-Isselin.jpg","type":"image\/jpeg"}],"twitter_card":"summary_large_image","twitter_site":"@FelixISSELIN","twitter_misc":{"Dur\u00e9e de lecture estim\u00e9e":"1 minute"},"schema":{"@context":"https:\/\/schema.org","@graph":[{"@type":"WebPage","@id":"https:\/\/olivierfelixisselin.com\/index.php\/pt\/mgofi-production-6\/","url":"https:\/\/olivierfelixisselin.com\/index.php\/pt\/mgofi-production-6\/","name":"MGOFI Production - Olivier Felix Isselin","isPartOf":{"@id":"https:\/\/olivierfelixisselin.com\/#website"},"datePublished":"2026-04-20T03:01:02+00:00","dateModified":"2026-04-20T03:01:03+00:00","breadcrumb":{"@id":"https:\/\/olivierfelixisselin.com\/index.php\/pt\/mgofi-production-6\/#breadcrumb"},"inLanguage":"fr-FR","potentialAction":[{"@type":"ReadAction","target":["https:\/\/olivierfelixisselin.com\/index.php\/pt\/mgofi-production-6\/"]}]},{"@type":"BreadcrumbList","@id":"https:\/\/olivierfelixisselin.com\/index.php\/pt\/mgofi-production-6\/#breadcrumb","itemListElement":[{"@type":"ListItem","position":1,"name":"Accueil","item":"https:\/\/olivierfelixisselin.com\/"},{"@type":"ListItem","position":2,"name":"MGOFI Production"}]},{"@type":"WebSite","@id":"https:\/\/olivierfelixisselin.com\/#website","url":"https:\/\/olivierfelixisselin.com\/","name":"Olivier Felix Isselin","description":"- - -","publisher":{"@id":"https:\/\/olivierfelixisselin.com\/#organization"},"alternateName":"OFI","potentialAction":[{"@type":"SearchAction","target":{"@type":"EntryPoint","urlTemplate":"https:\/\/olivierfelixisselin.com\/?s={search_term_string}"},"query-input":{"@type":"PropertyValueSpecification","valueRequired":true,"valueName":"search_term_string"}}],"inLanguage":"fr-FR"},{"@type":"Organization","@id":"https:\/\/olivierfelixisselin.com\/#organization","name":"Olivier Felix Isselin","alternateName":"OFI","url":"https:\/\/olivierfelixisselin.com\/","logo":{"@type":"ImageObject","inLanguage":"fr-FR","@id":"https:\/\/olivierfelixisselin.com\/#\/schema\/logo\/image\/","url":"https:\/\/olivierfelixisselin.com\/wp-content\/uploads\/2023\/05\/cropped-cropped-logo-fourmiliere-ikb.png","contentUrl":"https:\/\/olivierfelixisselin.com\/wp-content\/uploads\/2023\/05\/cropped-cropped-logo-fourmiliere-ikb.png","width":512,"height":512,"caption":"Olivier Felix Isselin"},"image":{"@id":"https:\/\/olivierfelixisselin.com\/#\/schema\/logo\/image\/"},"sameAs":["https:\/\/www.facebook.com\/FelixIsselin","https:\/\/x.com\/FelixISSELIN","https:\/\/www.instagram.com\/felix.isselin\/","https:\/\/www.linkedin.com\/in\/olivier-felix-isselin-31915b84\/"]}]}},"_links":{"self":[{"href":"https:\/\/olivierfelixisselin.com\/index.php\/wp-json\/wp\/v2\/pages\/5027","targetHints":{"allow":["GET"]}}],"collection":[{"href":"https:\/\/olivierfelixisselin.com\/index.php\/wp-json\/wp\/v2\/pages"}],"about":[{"href":"https:\/\/olivierfelixisselin.com\/index.php\/wp-json\/wp\/v2\/types\/page"}],"author":[{"embeddable":true,"href":"https:\/\/olivierfelixisselin.com\/index.php\/wp-json\/wp\/v2\/users\/1"}],"replies":[{"embeddable":true,"href":"https:\/\/olivierfelixisselin.com\/index.php\/wp-json\/wp\/v2\/comments?post=5027"}],"version-history":[{"count":1,"href":"https:\/\/olivierfelixisselin.com\/index.php\/wp-json\/wp\/v2\/pages\/5027\/revisions"}],"predecessor-version":[{"id":5028,"href":"https:\/\/olivierfelixisselin.com\/index.php\/wp-json\/wp\/v2\/pages\/5027\/revisions\/5028"}],"wp:attachment":[{"href":"https:\/\/olivierfelixisselin.com\/index.php\/wp-json\/wp\/v2\/media?parent=5027"}],"curies":[{"name":"wp","href":"https:\/\/api.w.org\/{rel}","templated":true}]}}