{"id":5014,"date":"2026-04-20T04:49:26","date_gmt":"2026-04-20T02:49:26","guid":{"rendered":"https:\/\/olivierfelixisselin.com\/?page_id=5014"},"modified":"2026-04-20T04:49:26","modified_gmt":"2026-04-20T02:49:26","slug":"mgofi-production","status":"publish","type":"page","link":"https:\/\/olivierfelixisselin.com\/index.php\/mgofi-production\/","title":{"rendered":"MGOFI Production"},"content":{"rendered":"\n<p><strong>MGOFI Production est le label de production audiovisuelle et culturelle d\u2019Olivier Felix Isselin Ltd,d\u00e9velopp\u00e9 par Olivier Felix Isselin avec Maxime Golay.<\/strong><\/p>\n\n\n\n<p>\u00c0 la crois\u00e9e du design, de l\u2019architecture, de l\u2019art et du r\u00e9cit, elle d\u00e9veloppe des formats visuels et \u00e9ditoriaux con\u00e7us avec une m\u00eame exigence de clart\u00e9, de rigueur et de coh\u00e9rence formelle.<\/p>\n\n\n\n<p>Chaque projet est envisag\u00e9 comme un objet pr\u00e9cis : une construction o\u00f9 le fond, le cadre, le rythme, la lumi\u00e8re et la narration participent d\u2019une m\u00eame intention. L\u2019enjeu n\u2019est pas d\u2019ajouter de l\u2019effet, mais de produire des formes justes, lisibles et durables.<\/p>\n\n\n\n<p>MGOFI Production s\u2019int\u00e9resse en particulier aux sujets li\u00e9s \u00e0 la culture visuelle, \u00e0 l\u2019objet, au design, \u00e0 l\u2019espace et aux formes contemporaines de transmission. Sa ligne privil\u00e9gie des formats resserr\u00e9s, une forte identit\u00e9 visuelle et une approche \u00e9ditoriale capable d\u2019allier exigence culturelle et accessibilit\u00e9.<\/p>\n\n\n\n<p>Parmi les projets d\u00e9velopp\u00e9s par la structure figure notamment&nbsp;<strong>ICONIC DESIGN[S]<\/strong>, s\u00e9rie audiovisuelle consacr\u00e9e aux objets embl\u00e9matiques du design. Pens\u00e9e comme un format court \u00e0 forte identit\u00e9 visuelle, elle explore l\u2019intelligence des formes \u00e0 travers des objets devenus des rep\u00e8res durables dans notre culture mat\u00e9rielle.<\/p>\n\n\n\n<p>Au sein de MGOFI Production,&nbsp;<strong>Olivier Felix Isselin<\/strong>&nbsp;porte la direction artistique, l\u2019\u00e9criture, la conception et la vision \u00e9ditoriale des projets.&nbsp;<strong>Maxime Golay<\/strong>&nbsp;intervient dans le d\u00e9veloppement, la production et l\u2019incarnation des formats audiovisuels.<\/p>\n\n\n\n<p>MGOFI Production d\u00e9veloppe des projets destin\u00e9s \u00e0 une diffusion nationale et internationale, avec une attention particuli\u00e8re port\u00e9e \u00e0 la pr\u00e9cision du regard, \u00e0 la qualit\u00e9 d\u2019ex\u00e9cution et \u00e0 la capacit\u00e9 des formes audiovisuelles \u00e0 transmettre, sans simplifier, des contenus culturels exigeants.<\/p>\n\n\n\n<p><\/p>\n","protected":false},"excerpt":{"rendered":"<p>MGOFI Production est le label de production audiovisuelle et culturelle d\u2019Olivier Felix Isselin Ltd,d\u00e9velopp\u00e9 par [&hellip;]<\/p>\n","protected":false},"author":1,"featured_media":0,"parent":0,"menu_order":0,"comment_status":"closed","ping_status":"closed","template":"","meta":{"footnotes":""},"class_list":["post-5014","page","type-page","status-publish","hentry"],"yoast_head":"<!-- This site is optimized with the Yoast SEO plugin v27.4 - https:\/\/yoast.com\/product\/yoast-seo-wordpress\/ -->\n<title>MGOFI Production - Olivier Felix Isselin<\/title>\n<meta name=\"robots\" content=\"index, follow, max-snippet:-1, max-image-preview:large, max-video-preview:-1\" \/>\n<link rel=\"canonical\" href=\"https:\/\/olivierfelixisselin.com\/index.php\/mgofi-production\/\" \/>\n<meta property=\"og:locale\" content=\"fr_FR\" \/>\n<meta property=\"og:type\" content=\"article\" \/>\n<meta property=\"og:title\" content=\"MGOFI Production - Olivier Felix Isselin\" \/>\n<meta property=\"og:description\" content=\"MGOFI Production est le label de production audiovisuelle et culturelle d\u2019Olivier Felix Isselin Ltd,d\u00e9velopp\u00e9 par [&hellip;]\" \/>\n<meta property=\"og:url\" content=\"https:\/\/olivierfelixisselin.com\/index.php\/mgofi-production\/\" \/>\n<meta property=\"og:site_name\" content=\"Olivier Felix Isselin\" \/>\n<meta property=\"article:publisher\" content=\"https:\/\/www.facebook.com\/FelixIsselin\" \/>\n<meta property=\"og:image\" content=\"https:\/\/olivierfelixisselin.com\/wp-content\/uploads\/2023\/06\/Olivier-Felix-Isselin.jpg\" \/>\n\t<meta property=\"og:image:width\" content=\"1200\" \/>\n\t<meta property=\"og:image:height\" content=\"665\" \/>\n\t<meta property=\"og:image:type\" content=\"image\/jpeg\" \/>\n<meta name=\"twitter:card\" content=\"summary_large_image\" \/>\n<meta name=\"twitter:site\" content=\"@FelixISSELIN\" \/>\n<meta name=\"twitter:label1\" content=\"Dur\u00e9e de lecture estim\u00e9e\" \/>\n\t<meta name=\"twitter:data1\" content=\"2 minutes\" \/>\n<script type=\"application\/ld+json\" class=\"yoast-schema-graph\">{\"@context\":\"https:\\\/\\\/schema.org\",\"@graph\":[{\"@type\":\"WebPage\",\"@id\":\"https:\\\/\\\/olivierfelixisselin.com\\\/index.php\\\/mgofi-production\\\/\",\"url\":\"https:\\\/\\\/olivierfelixisselin.com\\\/index.php\\\/mgofi-production\\\/\",\"name\":\"MGOFI Production - Olivier Felix Isselin\",\"isPartOf\":{\"@id\":\"https:\\\/\\\/olivierfelixisselin.com\\\/#website\"},\"datePublished\":\"2026-04-20T02:49:26+00:00\",\"breadcrumb\":{\"@id\":\"https:\\\/\\\/olivierfelixisselin.com\\\/index.php\\\/mgofi-production\\\/#breadcrumb\"},\"inLanguage\":\"fr-FR\",\"potentialAction\":[{\"@type\":\"ReadAction\",\"target\":[\"https:\\\/\\\/olivierfelixisselin.com\\\/index.php\\\/mgofi-production\\\/\"]}]},{\"@type\":\"BreadcrumbList\",\"@id\":\"https:\\\/\\\/olivierfelixisselin.com\\\/index.php\\\/mgofi-production\\\/#breadcrumb\",\"itemListElement\":[{\"@type\":\"ListItem\",\"position\":1,\"name\":\"Accueil\",\"item\":\"https:\\\/\\\/olivierfelixisselin.com\\\/\"},{\"@type\":\"ListItem\",\"position\":2,\"name\":\"MGOFI Production\"}]},{\"@type\":\"WebSite\",\"@id\":\"https:\\\/\\\/olivierfelixisselin.com\\\/#website\",\"url\":\"https:\\\/\\\/olivierfelixisselin.com\\\/\",\"name\":\"Olivier Felix Isselin\",\"description\":\"- - -\",\"publisher\":{\"@id\":\"https:\\\/\\\/olivierfelixisselin.com\\\/#organization\"},\"alternateName\":\"OFI\",\"potentialAction\":[{\"@type\":\"SearchAction\",\"target\":{\"@type\":\"EntryPoint\",\"urlTemplate\":\"https:\\\/\\\/olivierfelixisselin.com\\\/?s={search_term_string}\"},\"query-input\":{\"@type\":\"PropertyValueSpecification\",\"valueRequired\":true,\"valueName\":\"search_term_string\"}}],\"inLanguage\":\"fr-FR\"},{\"@type\":\"Organization\",\"@id\":\"https:\\\/\\\/olivierfelixisselin.com\\\/#organization\",\"name\":\"Olivier Felix Isselin\",\"alternateName\":\"OFI\",\"url\":\"https:\\\/\\\/olivierfelixisselin.com\\\/\",\"logo\":{\"@type\":\"ImageObject\",\"inLanguage\":\"fr-FR\",\"@id\":\"https:\\\/\\\/olivierfelixisselin.com\\\/#\\\/schema\\\/logo\\\/image\\\/\",\"url\":\"https:\\\/\\\/olivierfelixisselin.com\\\/wp-content\\\/uploads\\\/2023\\\/05\\\/cropped-cropped-logo-fourmiliere-ikb.png\",\"contentUrl\":\"https:\\\/\\\/olivierfelixisselin.com\\\/wp-content\\\/uploads\\\/2023\\\/05\\\/cropped-cropped-logo-fourmiliere-ikb.png\",\"width\":512,\"height\":512,\"caption\":\"Olivier Felix Isselin\"},\"image\":{\"@id\":\"https:\\\/\\\/olivierfelixisselin.com\\\/#\\\/schema\\\/logo\\\/image\\\/\"},\"sameAs\":[\"https:\\\/\\\/www.facebook.com\\\/FelixIsselin\",\"https:\\\/\\\/x.com\\\/FelixISSELIN\",\"https:\\\/\\\/www.instagram.com\\\/felix.isselin\\\/\",\"https:\\\/\\\/www.linkedin.com\\\/in\\\/olivier-felix-isselin-31915b84\\\/\"]}]}<\/script>\n<!-- \/ Yoast SEO plugin. -->","yoast_head_json":{"title":"MGOFI Production - Olivier Felix Isselin","robots":{"index":"index","follow":"follow","max-snippet":"max-snippet:-1","max-image-preview":"max-image-preview:large","max-video-preview":"max-video-preview:-1"},"canonical":"https:\/\/olivierfelixisselin.com\/index.php\/mgofi-production\/","og_locale":"fr_FR","og_type":"article","og_title":"MGOFI Production - Olivier Felix Isselin","og_description":"MGOFI Production est le label de production audiovisuelle et culturelle d\u2019Olivier Felix Isselin Ltd,d\u00e9velopp\u00e9 par [&hellip;]","og_url":"https:\/\/olivierfelixisselin.com\/index.php\/mgofi-production\/","og_site_name":"Olivier Felix Isselin","article_publisher":"https:\/\/www.facebook.com\/FelixIsselin","og_image":[{"width":1200,"height":665,"url":"https:\/\/olivierfelixisselin.com\/wp-content\/uploads\/2023\/06\/Olivier-Felix-Isselin.jpg","type":"image\/jpeg"}],"twitter_card":"summary_large_image","twitter_site":"@FelixISSELIN","twitter_misc":{"Dur\u00e9e de lecture estim\u00e9e":"2 minutes"},"schema":{"@context":"https:\/\/schema.org","@graph":[{"@type":"WebPage","@id":"https:\/\/olivierfelixisselin.com\/index.php\/mgofi-production\/","url":"https:\/\/olivierfelixisselin.com\/index.php\/mgofi-production\/","name":"MGOFI Production - Olivier Felix Isselin","isPartOf":{"@id":"https:\/\/olivierfelixisselin.com\/#website"},"datePublished":"2026-04-20T02:49:26+00:00","breadcrumb":{"@id":"https:\/\/olivierfelixisselin.com\/index.php\/mgofi-production\/#breadcrumb"},"inLanguage":"fr-FR","potentialAction":[{"@type":"ReadAction","target":["https:\/\/olivierfelixisselin.com\/index.php\/mgofi-production\/"]}]},{"@type":"BreadcrumbList","@id":"https:\/\/olivierfelixisselin.com\/index.php\/mgofi-production\/#breadcrumb","itemListElement":[{"@type":"ListItem","position":1,"name":"Accueil","item":"https:\/\/olivierfelixisselin.com\/"},{"@type":"ListItem","position":2,"name":"MGOFI Production"}]},{"@type":"WebSite","@id":"https:\/\/olivierfelixisselin.com\/#website","url":"https:\/\/olivierfelixisselin.com\/","name":"Olivier Felix Isselin","description":"- - -","publisher":{"@id":"https:\/\/olivierfelixisselin.com\/#organization"},"alternateName":"OFI","potentialAction":[{"@type":"SearchAction","target":{"@type":"EntryPoint","urlTemplate":"https:\/\/olivierfelixisselin.com\/?s={search_term_string}"},"query-input":{"@type":"PropertyValueSpecification","valueRequired":true,"valueName":"search_term_string"}}],"inLanguage":"fr-FR"},{"@type":"Organization","@id":"https:\/\/olivierfelixisselin.com\/#organization","name":"Olivier Felix Isselin","alternateName":"OFI","url":"https:\/\/olivierfelixisselin.com\/","logo":{"@type":"ImageObject","inLanguage":"fr-FR","@id":"https:\/\/olivierfelixisselin.com\/#\/schema\/logo\/image\/","url":"https:\/\/olivierfelixisselin.com\/wp-content\/uploads\/2023\/05\/cropped-cropped-logo-fourmiliere-ikb.png","contentUrl":"https:\/\/olivierfelixisselin.com\/wp-content\/uploads\/2023\/05\/cropped-cropped-logo-fourmiliere-ikb.png","width":512,"height":512,"caption":"Olivier Felix Isselin"},"image":{"@id":"https:\/\/olivierfelixisselin.com\/#\/schema\/logo\/image\/"},"sameAs":["https:\/\/www.facebook.com\/FelixIsselin","https:\/\/x.com\/FelixISSELIN","https:\/\/www.instagram.com\/felix.isselin\/","https:\/\/www.linkedin.com\/in\/olivier-felix-isselin-31915b84\/"]}]}},"_links":{"self":[{"href":"https:\/\/olivierfelixisselin.com\/index.php\/wp-json\/wp\/v2\/pages\/5014","targetHints":{"allow":["GET"]}}],"collection":[{"href":"https:\/\/olivierfelixisselin.com\/index.php\/wp-json\/wp\/v2\/pages"}],"about":[{"href":"https:\/\/olivierfelixisselin.com\/index.php\/wp-json\/wp\/v2\/types\/page"}],"author":[{"embeddable":true,"href":"https:\/\/olivierfelixisselin.com\/index.php\/wp-json\/wp\/v2\/users\/1"}],"replies":[{"embeddable":true,"href":"https:\/\/olivierfelixisselin.com\/index.php\/wp-json\/wp\/v2\/comments?post=5014"}],"version-history":[{"count":1,"href":"https:\/\/olivierfelixisselin.com\/index.php\/wp-json\/wp\/v2\/pages\/5014\/revisions"}],"predecessor-version":[{"id":5016,"href":"https:\/\/olivierfelixisselin.com\/index.php\/wp-json\/wp\/v2\/pages\/5014\/revisions\/5016"}],"wp:attachment":[{"href":"https:\/\/olivierfelixisselin.com\/index.php\/wp-json\/wp\/v2\/media?parent=5014"}],"curies":[{"name":"wp","href":"https:\/\/api.w.org\/{rel}","templated":true}]}}