{"id":4655,"date":"2024-01-21T22:17:25","date_gmt":"2024-01-21T21:17:25","guid":{"rendered":"https:\/\/olivierfelixisselin.com\/?page_id=4655"},"modified":"2024-01-21T22:18:08","modified_gmt":"2024-01-21T21:18:08","slug":"space-oddity-3","status":"publish","type":"page","link":"https:\/\/olivierfelixisselin.com\/index.php\/pt\/space-oddity-3\/","title":{"rendered":"Space Oddity"},"content":{"rendered":"\n<h2 class=\"wp-block-heading\">Spa de transbordamento de a\u00e7o inoxid\u00e1vel<\/h2>\n\n\n\n<figure class=\"wp-block-image size-large\"><img loading=\"lazy\" decoding=\"async\" width=\"1024\" height=\"389\" src=\"https:\/\/olivierfelixisselin.com\/wp-content\/uploads\/2023\/05\/Capture-decran-2023-04-20-a-19.41.41-1024x389.png\" alt=\"Space Oddity - Stainless steel overflow spa - Design Oliver Felix Isselin\" class=\"wp-image-3116\" srcset=\"https:\/\/olivierfelixisselin.com\/wp-content\/uploads\/2023\/05\/Capture-decran-2023-04-20-a-19.41.41-1024x389.png 1024w, https:\/\/olivierfelixisselin.com\/wp-content\/uploads\/2023\/05\/Capture-decran-2023-04-20-a-19.41.41-300x114.png 300w, https:\/\/olivierfelixisselin.com\/wp-content\/uploads\/2023\/05\/Capture-decran-2023-04-20-a-19.41.41-768x292.png 768w, https:\/\/olivierfelixisselin.com\/wp-content\/uploads\/2023\/05\/Capture-decran-2023-04-20-a-19.41.41.png 1164w\" sizes=\"auto, (max-width: 1024px) 100vw, 1024px\" \/><\/figure>\n\n\n\n<div style=\"height:30px\" aria-hidden=\"true\" class=\"wp-block-spacer\"><\/div>\n\n\n\n<p>Space Oddity brinca com a gravidade atrav\u00e9s das suas linhas elegantes e da utiliza\u00e7\u00e3o do a\u00e7o inoxid\u00e1vel, permitindo-lhe integrar-se harmoniosamente em qualquer ambiente interior ou exterior, seja contempor\u00e2neo ou cl\u00e1ssico. Sua est\u00e9tica n\u00e3o compromete o conforto de uso, oferecendo assento ergon\u00f4mico, superf\u00edcie interna de toque macio e possibilidade de adicionar sopradores e jatos conforme necess\u00e1rio. Op\u00e7\u00f5es como escolha da grade (forma e material) e cor do tanque tornam cada Space Oddity \u00fanico. Al\u00e9m disso, este spa infinito em a\u00e7o inoxid\u00e1vel \u00e9 resistente \u00e0s intemp\u00e9ries e f\u00e1cil de manter. Finalmente, \u00e9 totalmente recicl\u00e1vel.<\/p>\n\n\n\n<div style=\"height:30px\" aria-hidden=\"true\" class=\"wp-block-spacer\"><\/div>\n\n\n\n<div class=\"wp-block-columns is-layout-flex wp-container-core-columns-is-layout-28f84493 wp-block-columns-is-layout-flex\">\n<div class=\"wp-block-column is-layout-flow wp-block-column-is-layout-flow\"><div class=\"wp-block-image\">\n<figure class=\"aligncenter size-large is-resized\"><img loading=\"lazy\" decoding=\"async\" width=\"1024\" height=\"1024\" src=\"https:\/\/olivierfelixisselin.com\/wp-content\/uploads\/2023\/05\/2023-150247-logo-badge-1024x1024.png\" alt=\"logo bathroom furniture &amp; sanitary ware A design award winner\" class=\"wp-image-2360\" style=\"width:200px\" srcset=\"https:\/\/olivierfelixisselin.com\/wp-content\/uploads\/2023\/05\/2023-150247-logo-badge-1024x1024.png 1024w, https:\/\/olivierfelixisselin.com\/wp-content\/uploads\/2023\/05\/2023-150247-logo-badge-300x300.png 300w, https:\/\/olivierfelixisselin.com\/wp-content\/uploads\/2023\/05\/2023-150247-logo-badge-150x150.png 150w, https:\/\/olivierfelixisselin.com\/wp-content\/uploads\/2023\/05\/2023-150247-logo-badge-768x768.png 768w, https:\/\/olivierfelixisselin.com\/wp-content\/uploads\/2023\/05\/2023-150247-logo-badge-1536x1536.png 1536w, https:\/\/olivierfelixisselin.com\/wp-content\/uploads\/2023\/05\/2023-150247-logo-badge-600x600.png 600w, https:\/\/olivierfelixisselin.com\/wp-content\/uploads\/2023\/05\/2023-150247-logo-badge.png 1800w\" sizes=\"auto, (max-width: 1024px) 100vw, 1024px\" \/><\/figure>\n<\/div><\/div>\n\n\n\n<div class=\"wp-block-column is-vertically-aligned-center is-layout-flow wp-block-column-is-layout-flow\"><div class=\"wp-block-image\">\n<figure class=\"aligncenter size-full is-resized\"><img loading=\"lazy\" decoding=\"async\" width=\"230\" height=\"197\" src=\"https:\/\/olivierfelixisselin.com\/wp-content\/uploads\/2024\/01\/SIGNATURE_Le-FD100-2.png\" alt=\"\" class=\"wp-image-4611\" style=\"width:auto;height:140px\"\/><\/figure>\n<\/div><\/div>\n<\/div>\n\n\n\n<div class=\"wp-block-columns is-layout-flex wp-container-core-columns-is-layout-28f84493 wp-block-columns-is-layout-flex\">\n<div class=\"wp-block-column is-layout-flow wp-block-column-is-layout-flow\"><div class=\"wp-block-image\">\n<figure class=\"aligncenter size-large is-resized\"><img loading=\"lazy\" decoding=\"async\" width=\"1024\" height=\"529\" src=\"https:\/\/olivierfelixisselin.com\/wp-content\/uploads\/2024\/01\/logo-gpdp-2024-1024x529.png\" alt=\"\" class=\"wp-image-4526\" style=\"width:auto;height:130px\" srcset=\"https:\/\/olivierfelixisselin.com\/wp-content\/uploads\/2024\/01\/logo-gpdp-2024-1024x529.png 1024w, https:\/\/olivierfelixisselin.com\/wp-content\/uploads\/2024\/01\/logo-gpdp-2024-300x155.png 300w, https:\/\/olivierfelixisselin.com\/wp-content\/uploads\/2024\/01\/logo-gpdp-2024-768x397.png 768w, https:\/\/olivierfelixisselin.com\/wp-content\/uploads\/2024\/01\/logo-gpdp-2024-1536x793.png 1536w, https:\/\/olivierfelixisselin.com\/wp-content\/uploads\/2024\/01\/logo-gpdp-2024.png 1760w\" sizes=\"auto, (max-width: 1024px) 100vw, 1024px\" \/><\/figure>\n<\/div><\/div>\n\n\n\n<div class=\"wp-block-column is-layout-flow wp-block-column-is-layout-flow\"><div class=\"wp-block-image\">\n<figure class=\"aligncenter size-large is-resized\"><img loading=\"lazy\" decoding=\"async\" width=\"830\" height=\"1024\" src=\"https:\/\/olivierfelixisselin.com\/wp-content\/uploads\/2023\/07\/BADGE-WINNER-2023-830x1024.png\" alt=\"Distintivo del vincitore del Paris Design Awards\" class=\"wp-image-2383\" style=\"width:auto;height:150px\" srcset=\"https:\/\/olivierfelixisselin.com\/wp-content\/uploads\/2023\/07\/BADGE-WINNER-2023-830x1024.png 830w, https:\/\/olivierfelixisselin.com\/wp-content\/uploads\/2023\/07\/BADGE-WINNER-2023-243x300.png 243w, https:\/\/olivierfelixisselin.com\/wp-content\/uploads\/2023\/07\/BADGE-WINNER-2023-768x948.png 768w, https:\/\/olivierfelixisselin.com\/wp-content\/uploads\/2023\/07\/BADGE-WINNER-2023-1245x1536.png 1245w, https:\/\/olivierfelixisselin.com\/wp-content\/uploads\/2023\/07\/BADGE-WINNER-2023-1660x2048.png 1660w, https:\/\/olivierfelixisselin.com\/wp-content\/uploads\/2023\/07\/BADGE-WINNER-2023.png 2048w\" sizes=\"auto, (max-width: 830px) 100vw, 830px\" \/><\/figure>\n<\/div><\/div>\n\n\n\n<div class=\"wp-block-column is-layout-flow wp-block-column-is-layout-flow\"><div class=\"wp-block-image\">\n<figure class=\"aligncenter size-large is-resized\"><img loading=\"lazy\" decoding=\"async\" width=\"1024\" height=\"496\" src=\"https:\/\/olivierfelixisselin.com\/wp-content\/uploads\/2023\/06\/logo-japan-design-award-2023-1024x496.jpeg\" alt=\"logo Japan Design Awards\" class=\"wp-image-2384\" style=\"width:auto;height:130px\" srcset=\"https:\/\/olivierfelixisselin.com\/wp-content\/uploads\/2023\/06\/logo-japan-design-award-2023-1024x496.jpeg 1024w, https:\/\/olivierfelixisselin.com\/wp-content\/uploads\/2023\/06\/logo-japan-design-award-2023-300x145.jpeg 300w, https:\/\/olivierfelixisselin.com\/wp-content\/uploads\/2023\/06\/logo-japan-design-award-2023-768x372.jpeg 768w, https:\/\/olivierfelixisselin.com\/wp-content\/uploads\/2023\/06\/logo-japan-design-award-2023.jpeg 1238w\" sizes=\"auto, (max-width: 1024px) 100vw, 1024px\" \/><\/figure>\n<\/div><\/div>\n<\/div>\n\n\n\n<div style=\"height:30px\" aria-hidden=\"true\" class=\"wp-block-spacer\"><\/div>\n\n\n\n<hr class=\"wp-block-separator has-text-color has-emperor-color has-alpha-channel-opacity has-emperor-background-color has-background is-style-wide\"\/>\n\n\n\n<div class=\"wp-block-columns is-layout-flex wp-container-core-columns-is-layout-28f84493 wp-block-columns-is-layout-flex\">\n<div class=\"wp-block-column is-layout-flow wp-block-column-is-layout-flow\"><\/div>\n\n\n\n<div class=\"wp-block-column is-layout-flow wp-block-column-is-layout-flow\">\n<div class=\"wp-block-columns is-layout-flex wp-container-core-columns-is-layout-28f84493 wp-block-columns-is-layout-flex\">\n<div class=\"wp-block-column is-layout-flow wp-block-column-is-layout-flow\">\n<figure class=\"wp-block-image size-full is-resized\"><a href=\"https:\/\/www.instagram.com\/felix.isselin\/\"><img loading=\"lazy\" decoding=\"async\" width=\"180\" height=\"180\" src=\"https:\/\/olivierfelixisselin.com\/wp-content\/uploads\/2023\/06\/insta-1.jpg\" alt=\"instagram link Olivier Felix Isselin\" class=\"wp-image-2379\" style=\"object-fit:cover;width:30px;height:30px\" srcset=\"https:\/\/olivierfelixisselin.com\/wp-content\/uploads\/2023\/06\/insta-1.jpg 180w, https:\/\/olivierfelixisselin.com\/wp-content\/uploads\/2023\/06\/insta-1-150x150.jpg 150w\" sizes=\"auto, (max-width: 180px) 100vw, 180px\" \/><\/a><\/figure>\n<\/div>\n\n\n\n<div class=\"wp-block-column is-layout-flow wp-block-column-is-layout-flow\">\n<figure class=\"wp-block-image size-full is-resized\"><a href=\"https:\/\/www.facebook.com\/FelixIsselin\/\"><img loading=\"lazy\" decoding=\"async\" width=\"180\" height=\"180\" src=\"https:\/\/olivierfelixisselin.com\/wp-content\/uploads\/2023\/06\/logo-fcbk.jpg\" alt=\"\" class=\"wp-image-2378\" style=\"object-fit:cover;width:30px;height:30px\" srcset=\"https:\/\/olivierfelixisselin.com\/wp-content\/uploads\/2023\/06\/logo-fcbk.jpg 180w, https:\/\/olivierfelixisselin.com\/wp-content\/uploads\/2023\/06\/logo-fcbk-150x150.jpg 150w\" sizes=\"auto, (max-width: 180px) 100vw, 180px\" \/><\/a><\/figure>\n<\/div>\n\n\n\n<div class=\"wp-block-column is-layout-flow wp-block-column-is-layout-flow\">\n<figure class=\"wp-block-image size-full is-resized\"><a href=\"https:\/\/www.linkedin.com\/in\/olivier-felix-isselin-31915b84\/\"><img loading=\"lazy\" decoding=\"async\" width=\"180\" height=\"180\" src=\"https:\/\/olivierfelixisselin.com\/wp-content\/uploads\/2023\/06\/lkdn.jpg\" alt=\"\" class=\"wp-image-2377\" style=\"object-fit:cover;width:30px;height:30px\" srcset=\"https:\/\/olivierfelixisselin.com\/wp-content\/uploads\/2023\/06\/lkdn.jpg 180w, https:\/\/olivierfelixisselin.com\/wp-content\/uploads\/2023\/06\/lkdn-150x150.jpg 150w\" sizes=\"auto, (max-width: 180px) 100vw, 180px\" \/><\/a><\/figure>\n<\/div>\n<\/div>\n<\/div>\n\n\n\n<div class=\"wp-block-column is-layout-flow wp-block-column-is-layout-flow\">\n<div class=\"wp-block-columns is-layout-flex wp-container-core-columns-is-layout-28f84493 wp-block-columns-is-layout-flex\">\n<div class=\"wp-block-column is-layout-flow wp-block-column-is-layout-flow\"><\/div>\n\n\n\n<div class=\"wp-block-column is-layout-flow wp-block-column-is-layout-flow\">\n<figure class=\"wp-block-image size-full is-resized\"><a href=\"https:\/\/olivierfelixisselin.com\/index.php\/space-oddity\/\"><img loading=\"lazy\" decoding=\"async\" width=\"50\" height=\"26\" src=\"https:\/\/olivierfelixisselin.com\/wp-content\/uploads\/2023\/06\/france.png\" alt=\"\" class=\"wp-image-2385\" style=\"object-fit:cover;width:38px;height:20px\"\/><\/a><\/figure>\n<\/div>\n\n\n\n<div class=\"wp-block-column is-layout-flow wp-block-column-is-layout-flow\">\n<figure class=\"wp-block-image size-full is-resized\"><a href=\"https:\/\/olivierfelixisselin.com\/index.php\/en\/space-oddity-en\/\"><img loading=\"lazy\" decoding=\"async\" width=\"50\" height=\"26\" src=\"https:\/\/olivierfelixisselin.com\/wp-content\/uploads\/2023\/06\/UK.png\" alt=\"\" class=\"wp-image-2386\" style=\"object-fit:cover;width:38px;height:20px\"\/><\/a><\/figure>\n<\/div>\n<\/div>\n<\/div>\n<\/div>\n","protected":false},"excerpt":{"rendered":"<p>Spa de transbordamento de a\u00e7o inoxid\u00e1vel Space Oddity brinca com a gravidade atrav\u00e9s das suas [&hellip;]<\/p>\n","protected":false},"author":1,"featured_media":0,"parent":0,"menu_order":0,"comment_status":"closed","ping_status":"closed","template":"","meta":{"footnotes":""},"class_list":["post-4655","page","type-page","status-publish","hentry"],"yoast_head":"<!-- This site is optimized with the Yoast SEO plugin v27.4 - https:\/\/yoast.com\/product\/yoast-seo-wordpress\/ -->\n<title>Space Oddity - Olivier Felix Isselin<\/title>\n<meta name=\"description\" content=\"Silhouette \u00e9l\u00e9gante tout en finesse, bords incurv\u00e9s et formes capsulaires conf\u00e8rent \u00e0 ce spa en inox son apparence l\u00e9g\u00e8re et joyeuse.\" \/>\n<meta name=\"robots\" content=\"index, follow, max-snippet:-1, max-image-preview:large, max-video-preview:-1\" \/>\n<link rel=\"canonical\" href=\"https:\/\/olivierfelixisselin.com\/index.php\/pt\/space-oddity-3\/\" \/>\n<meta property=\"og:locale\" content=\"fr_FR\" \/>\n<meta property=\"og:type\" content=\"article\" \/>\n<meta property=\"og:title\" content=\"Space Oddity - Olivier Felix Isselin\" \/>\n<meta property=\"og:description\" content=\"Silhouette \u00e9l\u00e9gante tout en finesse, bords incurv\u00e9s et formes capsulaires conf\u00e8rent \u00e0 ce spa en inox son apparence l\u00e9g\u00e8re et joyeuse.\" \/>\n<meta property=\"og:url\" content=\"https:\/\/olivierfelixisselin.com\/index.php\/pt\/space-oddity-3\/\" \/>\n<meta property=\"og:site_name\" content=\"Olivier Felix Isselin\" \/>\n<meta property=\"article:publisher\" content=\"https:\/\/www.facebook.com\/FelixIsselin\" \/>\n<meta property=\"article:modified_time\" content=\"2024-01-21T21:18:08+00:00\" \/>\n<meta property=\"og:image\" content=\"https:\/\/olivierfelixisselin.com\/wp-content\/uploads\/2023\/05\/Capture-decran-2023-04-20-a-19.41.41-1024x389.png\" \/>\n<meta name=\"twitter:card\" content=\"summary_large_image\" \/>\n<meta name=\"twitter:site\" content=\"@FelixISSELIN\" \/>\n<meta name=\"twitter:label1\" content=\"Dur\u00e9e de lecture estim\u00e9e\" \/>\n\t<meta name=\"twitter:data1\" content=\"3 minutes\" \/>\n<script type=\"application\/ld+json\" class=\"yoast-schema-graph\">{\"@context\":\"https:\\\/\\\/schema.org\",\"@graph\":[{\"@type\":\"WebPage\",\"@id\":\"https:\\\/\\\/olivierfelixisselin.com\\\/index.php\\\/pt\\\/space-oddity-3\\\/\",\"url\":\"https:\\\/\\\/olivierfelixisselin.com\\\/index.php\\\/pt\\\/space-oddity-3\\\/\",\"name\":\"Space Oddity - Olivier Felix Isselin\",\"isPartOf\":{\"@id\":\"https:\\\/\\\/olivierfelixisselin.com\\\/#website\"},\"primaryImageOfPage\":{\"@id\":\"https:\\\/\\\/olivierfelixisselin.com\\\/index.php\\\/pt\\\/space-oddity-3\\\/#primaryimage\"},\"image\":{\"@id\":\"https:\\\/\\\/olivierfelixisselin.com\\\/index.php\\\/pt\\\/space-oddity-3\\\/#primaryimage\"},\"thumbnailUrl\":\"https:\\\/\\\/olivierfelixisselin.com\\\/wp-content\\\/uploads\\\/2023\\\/05\\\/Capture-decran-2023-04-20-a-19.41.41-1024x389.png\",\"datePublished\":\"2024-01-21T21:17:25+00:00\",\"dateModified\":\"2024-01-21T21:18:08+00:00\",\"description\":\"Silhouette \u00e9l\u00e9gante tout en finesse, bords incurv\u00e9s et formes capsulaires conf\u00e8rent \u00e0 ce spa en inox son apparence l\u00e9g\u00e8re et joyeuse.\",\"breadcrumb\":{\"@id\":\"https:\\\/\\\/olivierfelixisselin.com\\\/index.php\\\/pt\\\/space-oddity-3\\\/#breadcrumb\"},\"inLanguage\":\"fr-FR\",\"potentialAction\":[{\"@type\":\"ReadAction\",\"target\":[\"https:\\\/\\\/olivierfelixisselin.com\\\/index.php\\\/pt\\\/space-oddity-3\\\/\"]}]},{\"@type\":\"ImageObject\",\"inLanguage\":\"fr-FR\",\"@id\":\"https:\\\/\\\/olivierfelixisselin.com\\\/index.php\\\/pt\\\/space-oddity-3\\\/#primaryimage\",\"url\":\"https:\\\/\\\/olivierfelixisselin.com\\\/wp-content\\\/uploads\\\/2023\\\/05\\\/Capture-decran-2023-04-20-a-19.41.41.png\",\"contentUrl\":\"https:\\\/\\\/olivierfelixisselin.com\\\/wp-content\\\/uploads\\\/2023\\\/05\\\/Capture-decran-2023-04-20-a-19.41.41.png\",\"width\":1164,\"height\":442,\"caption\":\"Space Oddity - Spa inox \u00e0 d\u00e9bordement - Design Oliver Felix Isselin\"},{\"@type\":\"BreadcrumbList\",\"@id\":\"https:\\\/\\\/olivierfelixisselin.com\\\/index.php\\\/pt\\\/space-oddity-3\\\/#breadcrumb\",\"itemListElement\":[{\"@type\":\"ListItem\",\"position\":1,\"name\":\"Accueil\",\"item\":\"https:\\\/\\\/olivierfelixisselin.com\\\/\"},{\"@type\":\"ListItem\",\"position\":2,\"name\":\"Space Oddity\"}]},{\"@type\":\"WebSite\",\"@id\":\"https:\\\/\\\/olivierfelixisselin.com\\\/#website\",\"url\":\"https:\\\/\\\/olivierfelixisselin.com\\\/\",\"name\":\"Olivier Felix Isselin\",\"description\":\"- - -\",\"publisher\":{\"@id\":\"https:\\\/\\\/olivierfelixisselin.com\\\/#organization\"},\"alternateName\":\"OFI\",\"potentialAction\":[{\"@type\":\"SearchAction\",\"target\":{\"@type\":\"EntryPoint\",\"urlTemplate\":\"https:\\\/\\\/olivierfelixisselin.com\\\/?s={search_term_string}\"},\"query-input\":{\"@type\":\"PropertyValueSpecification\",\"valueRequired\":true,\"valueName\":\"search_term_string\"}}],\"inLanguage\":\"fr-FR\"},{\"@type\":\"Organization\",\"@id\":\"https:\\\/\\\/olivierfelixisselin.com\\\/#organization\",\"name\":\"Olivier Felix Isselin\",\"alternateName\":\"OFI\",\"url\":\"https:\\\/\\\/olivierfelixisselin.com\\\/\",\"logo\":{\"@type\":\"ImageObject\",\"inLanguage\":\"fr-FR\",\"@id\":\"https:\\\/\\\/olivierfelixisselin.com\\\/#\\\/schema\\\/logo\\\/image\\\/\",\"url\":\"https:\\\/\\\/olivierfelixisselin.com\\\/wp-content\\\/uploads\\\/2023\\\/05\\\/cropped-cropped-logo-fourmiliere-ikb.png\",\"contentUrl\":\"https:\\\/\\\/olivierfelixisselin.com\\\/wp-content\\\/uploads\\\/2023\\\/05\\\/cropped-cropped-logo-fourmiliere-ikb.png\",\"width\":512,\"height\":512,\"caption\":\"Olivier Felix Isselin\"},\"image\":{\"@id\":\"https:\\\/\\\/olivierfelixisselin.com\\\/#\\\/schema\\\/logo\\\/image\\\/\"},\"sameAs\":[\"https:\\\/\\\/www.facebook.com\\\/FelixIsselin\",\"https:\\\/\\\/x.com\\\/FelixISSELIN\",\"https:\\\/\\\/www.instagram.com\\\/felix.isselin\\\/\",\"https:\\\/\\\/www.linkedin.com\\\/in\\\/olivier-felix-isselin-31915b84\\\/\"]}]}<\/script>\n<!-- \/ Yoast SEO plugin. -->","yoast_head_json":{"title":"Space Oddity - Olivier Felix Isselin","description":"Silhouette \u00e9l\u00e9gante tout en finesse, bords incurv\u00e9s et formes capsulaires conf\u00e8rent \u00e0 ce spa en inox son apparence l\u00e9g\u00e8re et joyeuse.","robots":{"index":"index","follow":"follow","max-snippet":"max-snippet:-1","max-image-preview":"max-image-preview:large","max-video-preview":"max-video-preview:-1"},"canonical":"https:\/\/olivierfelixisselin.com\/index.php\/pt\/space-oddity-3\/","og_locale":"fr_FR","og_type":"article","og_title":"Space Oddity - Olivier Felix Isselin","og_description":"Silhouette \u00e9l\u00e9gante tout en finesse, bords incurv\u00e9s et formes capsulaires conf\u00e8rent \u00e0 ce spa en inox son apparence l\u00e9g\u00e8re et joyeuse.","og_url":"https:\/\/olivierfelixisselin.com\/index.php\/pt\/space-oddity-3\/","og_site_name":"Olivier Felix Isselin","article_publisher":"https:\/\/www.facebook.com\/FelixIsselin","article_modified_time":"2024-01-21T21:18:08+00:00","og_image":[{"url":"https:\/\/olivierfelixisselin.com\/wp-content\/uploads\/2023\/05\/Capture-decran-2023-04-20-a-19.41.41-1024x389.png","type":"","width":"","height":""}],"twitter_card":"summary_large_image","twitter_site":"@FelixISSELIN","twitter_misc":{"Dur\u00e9e de lecture estim\u00e9e":"3 minutes"},"schema":{"@context":"https:\/\/schema.org","@graph":[{"@type":"WebPage","@id":"https:\/\/olivierfelixisselin.com\/index.php\/pt\/space-oddity-3\/","url":"https:\/\/olivierfelixisselin.com\/index.php\/pt\/space-oddity-3\/","name":"Space Oddity - Olivier Felix Isselin","isPartOf":{"@id":"https:\/\/olivierfelixisselin.com\/#website"},"primaryImageOfPage":{"@id":"https:\/\/olivierfelixisselin.com\/index.php\/pt\/space-oddity-3\/#primaryimage"},"image":{"@id":"https:\/\/olivierfelixisselin.com\/index.php\/pt\/space-oddity-3\/#primaryimage"},"thumbnailUrl":"https:\/\/olivierfelixisselin.com\/wp-content\/uploads\/2023\/05\/Capture-decran-2023-04-20-a-19.41.41-1024x389.png","datePublished":"2024-01-21T21:17:25+00:00","dateModified":"2024-01-21T21:18:08+00:00","description":"Silhouette \u00e9l\u00e9gante tout en finesse, bords incurv\u00e9s et formes capsulaires conf\u00e8rent \u00e0 ce spa en inox son apparence l\u00e9g\u00e8re et joyeuse.","breadcrumb":{"@id":"https:\/\/olivierfelixisselin.com\/index.php\/pt\/space-oddity-3\/#breadcrumb"},"inLanguage":"fr-FR","potentialAction":[{"@type":"ReadAction","target":["https:\/\/olivierfelixisselin.com\/index.php\/pt\/space-oddity-3\/"]}]},{"@type":"ImageObject","inLanguage":"fr-FR","@id":"https:\/\/olivierfelixisselin.com\/index.php\/pt\/space-oddity-3\/#primaryimage","url":"https:\/\/olivierfelixisselin.com\/wp-content\/uploads\/2023\/05\/Capture-decran-2023-04-20-a-19.41.41.png","contentUrl":"https:\/\/olivierfelixisselin.com\/wp-content\/uploads\/2023\/05\/Capture-decran-2023-04-20-a-19.41.41.png","width":1164,"height":442,"caption":"Space Oddity - Spa inox \u00e0 d\u00e9bordement - Design Oliver Felix Isselin"},{"@type":"BreadcrumbList","@id":"https:\/\/olivierfelixisselin.com\/index.php\/pt\/space-oddity-3\/#breadcrumb","itemListElement":[{"@type":"ListItem","position":1,"name":"Accueil","item":"https:\/\/olivierfelixisselin.com\/"},{"@type":"ListItem","position":2,"name":"Space Oddity"}]},{"@type":"WebSite","@id":"https:\/\/olivierfelixisselin.com\/#website","url":"https:\/\/olivierfelixisselin.com\/","name":"Olivier Felix Isselin","description":"- - -","publisher":{"@id":"https:\/\/olivierfelixisselin.com\/#organization"},"alternateName":"OFI","potentialAction":[{"@type":"SearchAction","target":{"@type":"EntryPoint","urlTemplate":"https:\/\/olivierfelixisselin.com\/?s={search_term_string}"},"query-input":{"@type":"PropertyValueSpecification","valueRequired":true,"valueName":"search_term_string"}}],"inLanguage":"fr-FR"},{"@type":"Organization","@id":"https:\/\/olivierfelixisselin.com\/#organization","name":"Olivier Felix Isselin","alternateName":"OFI","url":"https:\/\/olivierfelixisselin.com\/","logo":{"@type":"ImageObject","inLanguage":"fr-FR","@id":"https:\/\/olivierfelixisselin.com\/#\/schema\/logo\/image\/","url":"https:\/\/olivierfelixisselin.com\/wp-content\/uploads\/2023\/05\/cropped-cropped-logo-fourmiliere-ikb.png","contentUrl":"https:\/\/olivierfelixisselin.com\/wp-content\/uploads\/2023\/05\/cropped-cropped-logo-fourmiliere-ikb.png","width":512,"height":512,"caption":"Olivier Felix Isselin"},"image":{"@id":"https:\/\/olivierfelixisselin.com\/#\/schema\/logo\/image\/"},"sameAs":["https:\/\/www.facebook.com\/FelixIsselin","https:\/\/x.com\/FelixISSELIN","https:\/\/www.instagram.com\/felix.isselin\/","https:\/\/www.linkedin.com\/in\/olivier-felix-isselin-31915b84\/"]}]}},"_links":{"self":[{"href":"https:\/\/olivierfelixisselin.com\/index.php\/wp-json\/wp\/v2\/pages\/4655","targetHints":{"allow":["GET"]}}],"collection":[{"href":"https:\/\/olivierfelixisselin.com\/index.php\/wp-json\/wp\/v2\/pages"}],"about":[{"href":"https:\/\/olivierfelixisselin.com\/index.php\/wp-json\/wp\/v2\/types\/page"}],"author":[{"embeddable":true,"href":"https:\/\/olivierfelixisselin.com\/index.php\/wp-json\/wp\/v2\/users\/1"}],"replies":[{"embeddable":true,"href":"https:\/\/olivierfelixisselin.com\/index.php\/wp-json\/wp\/v2\/comments?post=4655"}],"version-history":[{"count":1,"href":"https:\/\/olivierfelixisselin.com\/index.php\/wp-json\/wp\/v2\/pages\/4655\/revisions"}],"predecessor-version":[{"id":4656,"href":"https:\/\/olivierfelixisselin.com\/index.php\/wp-json\/wp\/v2\/pages\/4655\/revisions\/4656"}],"wp:attachment":[{"href":"https:\/\/olivierfelixisselin.com\/index.php\/wp-json\/wp\/v2\/media?parent=4655"}],"curies":[{"name":"wp","href":"https:\/\/api.w.org\/{rel}","templated":true}]}}