{"id":4649,"date":"2024-01-21T18:31:20","date_gmt":"2024-01-21T17:31:20","guid":{"rendered":"https:\/\/olivierfelixisselin.com\/?page_id=4649"},"modified":"2025-09-05T08:49:43","modified_gmt":"2025-09-05T06:49:43","slug":"space-oddity-2","status":"publish","type":"page","link":"https:\/\/olivierfelixisselin.com\/index.php\/tr\/space-oddity-2\/","title":{"rendered":"Space Oddity"},"content":{"rendered":"\n<h2 class=\"wp-block-heading\">Ta\u015fma paslanmaz \u00e7elik spa<\/h2>\n\n\n\n<figure class=\"wp-block-image size-large\"><img decoding=\"async\" src=\"https:\/\/olivierfelixisselin.com\/wp-content\/uploads\/2023\/05\/Capture-decran-2023-04-20-a-19.41.41-1024x389.png\" alt=\"Space Oddity - Stainless steel overflow spa - Design Oliver Felix Isselin\" class=\"wp-image-3852\"\/><\/figure>\n\n\n\n<div style=\"height:31px\" aria-hidden=\"true\" class=\"wp-block-spacer\"><\/div>\n\n\n\n<p>Space Oddity, zarif \u00e7izgileri ve paslanmaz \u00e7elik kullan\u0131m\u0131yla yer \u00e7ekimiyle oynuyor ve ister \u00e7a\u011fda\u015f ister klasik olsun her t\u00fcrl\u00fc i\u00e7 veya d\u0131\u015f ortama uyumlu bir \u015fekilde uyum sa\u011flamas\u0131na olanak tan\u0131yor. Esteti\u011fi kullan\u0131c\u0131 konforundan \u00f6d\u00fcn vermeyen, ergonomik bir koltuk, yumu\u015fak dokunu\u015flu i\u00e7 y\u00fczey ve gerekti\u011finde fan ve jet ekleme imkan\u0131 sunuyor. Izgara se\u00e7imi (\u015fekil ve malzeme) ve tank\u0131n rengi gibi se\u00e7enekler her Space Oddity&rsquo;yi benzersiz k\u0131lar. Ayr\u0131ca, bu paslanmaz \u00e7elik ta\u015fma spas\u0131 hava ko\u015fullar\u0131na dayan\u0131kl\u0131d\u0131r ve bak\u0131m\u0131 kolayd\u0131r. Son olarak tamamen geri d\u00f6n\u00fc\u015ft\u00fcr\u00fclebilir.<\/p>\n\n\n\n<div style=\"height:30px\" aria-hidden=\"true\" class=\"wp-block-spacer\"><\/div>\n\n\n\n<blockquote class=\"wp-block-quote is-layout-flow wp-block-quote-is-layout-flow\">\n<p><em>Genellikle piyasada bulunan spalar\u0131n devasa g\u00f6r\u00fcn\u00fcm\u00fcnden uzakla\u015fmak istedim.<\/em><\/p>\n<cite>OLIVIER FELIX ISSELIN<\/cite><\/blockquote>\n\n\n\n<div style=\"height:30px\" aria-hidden=\"true\" class=\"wp-block-spacer\"><\/div>\n\n\n\n<div class=\"wp-block-columns is-layout-flex wp-container-core-columns-is-layout-28f84493 wp-block-columns-is-layout-flex\">\n<div class=\"wp-block-column is-layout-flow wp-block-column-is-layout-flow\"><div class=\"wp-block-image\">\n<figure class=\"aligncenter size-large is-resized\"><a href=\"https:\/\/competition.adesignaward.com\/gooddesign.php?ID=150247\"><img loading=\"lazy\" decoding=\"async\" width=\"1024\" height=\"1024\" src=\"https:\/\/olivierfelixisselin.com\/wp-content\/uploads\/2023\/05\/2023-150247-logo-badge-1024x1024.png\" alt=\"bathroom furniture &amp; sanitary ware A' design award winner logo\" class=\"wp-image-3856\" style=\"width:200px\" srcset=\"https:\/\/olivierfelixisselin.com\/wp-content\/uploads\/2023\/05\/2023-150247-logo-badge-1024x1024.png 1024w, https:\/\/olivierfelixisselin.com\/wp-content\/uploads\/2023\/05\/2023-150247-logo-badge-300x300.png 300w, https:\/\/olivierfelixisselin.com\/wp-content\/uploads\/2023\/05\/2023-150247-logo-badge-150x150.png 150w, https:\/\/olivierfelixisselin.com\/wp-content\/uploads\/2023\/05\/2023-150247-logo-badge-768x768.png 768w, https:\/\/olivierfelixisselin.com\/wp-content\/uploads\/2023\/05\/2023-150247-logo-badge-1536x1536.png 1536w, https:\/\/olivierfelixisselin.com\/wp-content\/uploads\/2023\/05\/2023-150247-logo-badge-600x600.png 600w, https:\/\/olivierfelixisselin.com\/wp-content\/uploads\/2023\/05\/2023-150247-logo-badge.png 1800w\" sizes=\"auto, (max-width: 1024px) 100vw, 1024px\" \/><\/a><\/figure>\n<\/div><\/div>\n\n\n\n<div class=\"wp-block-column is-vertically-aligned-center is-layout-flow wp-block-column-is-layout-flow\"><div class=\"wp-block-image\">\n<figure class=\"aligncenter size-full is-resized\"><img loading=\"lazy\" decoding=\"async\" width=\"230\" height=\"197\" src=\"https:\/\/olivierfelixisselin.com\/wp-content\/uploads\/2024\/01\/SIGNATURE_Le-FD100-2.png\" alt=\"\" class=\"wp-image-4615\" style=\"width:140px\"\/><\/figure>\n<\/div><\/div>\n<\/div>\n\n\n\n<div class=\"wp-block-columns is-layout-flex wp-container-core-columns-is-layout-28f84493 wp-block-columns-is-layout-flex\">\n<div class=\"wp-block-column is-vertically-aligned-center is-layout-flow wp-block-column-is-layout-flow\"><div class=\"wp-block-image\">\n<figure class=\"aligncenter size-large is-resized\"><a href=\"https:\/\/gpdp-award.fr\/timeless-spa\/\"><img loading=\"lazy\" decoding=\"async\" width=\"1024\" height=\"529\" src=\"https:\/\/olivierfelixisselin.com\/wp-content\/uploads\/2024\/01\/logo-gpdp-2024-1024x529.png\" alt=\"\" class=\"wp-image-4530\" style=\"width:auto;height:130px\" srcset=\"https:\/\/olivierfelixisselin.com\/wp-content\/uploads\/2024\/01\/logo-gpdp-2024-1024x529.png 1024w, https:\/\/olivierfelixisselin.com\/wp-content\/uploads\/2024\/01\/logo-gpdp-2024-300x155.png 300w, https:\/\/olivierfelixisselin.com\/wp-content\/uploads\/2024\/01\/logo-gpdp-2024-768x397.png 768w, https:\/\/olivierfelixisselin.com\/wp-content\/uploads\/2024\/01\/logo-gpdp-2024-1536x793.png 1536w, https:\/\/olivierfelixisselin.com\/wp-content\/uploads\/2024\/01\/logo-gpdp-2024.png 1760w\" sizes=\"auto, (max-width: 1024px) 100vw, 1024px\" \/><\/a><\/figure>\n<\/div><\/div>\n\n\n\n<div class=\"wp-block-column is-layout-flow wp-block-column-is-layout-flow\"><div class=\"wp-block-image\">\n<figure class=\"aligncenter size-large is-resized\"><a href=\"https:\/\/dna.paris\/winner\/zoom.php?eid=71-90764-23\"><img loading=\"lazy\" decoding=\"async\" width=\"830\" height=\"1024\" src=\"https:\/\/olivierfelixisselin.com\/wp-content\/uploads\/2023\/07\/BADGE-WINNER-2023-830x1024.png\" alt=\"logo Paris Design Awards winner 2023\" class=\"wp-image-3736\" style=\"width:auto;height:145px\" srcset=\"https:\/\/olivierfelixisselin.com\/wp-content\/uploads\/2023\/07\/BADGE-WINNER-2023-830x1024.png 830w, https:\/\/olivierfelixisselin.com\/wp-content\/uploads\/2023\/07\/BADGE-WINNER-2023-243x300.png 243w, https:\/\/olivierfelixisselin.com\/wp-content\/uploads\/2023\/07\/BADGE-WINNER-2023-768x948.png 768w, https:\/\/olivierfelixisselin.com\/wp-content\/uploads\/2023\/07\/BADGE-WINNER-2023-1245x1536.png 1245w, https:\/\/olivierfelixisselin.com\/wp-content\/uploads\/2023\/07\/BADGE-WINNER-2023-1660x2048.png 1660w, https:\/\/olivierfelixisselin.com\/wp-content\/uploads\/2023\/07\/BADGE-WINNER-2023.png 2048w\" sizes=\"auto, (max-width: 830px) 100vw, 830px\" \/><\/a><\/figure>\n<\/div><\/div>\n\n\n\n<div class=\"wp-block-column is-vertically-aligned-center is-layout-flow wp-block-column-is-layout-flow\"><div class=\"wp-block-image\">\n<figure class=\"aligncenter size-large is-resized\"><a href=\"https:\/\/idpa-japan.com\/timeless-spa\/\"><img loading=\"lazy\" decoding=\"async\" width=\"1024\" height=\"496\" src=\"https:\/\/olivierfelixisselin.com\/wp-content\/uploads\/2023\/06\/logo-japan-design-award-2023-1024x496.jpeg\" alt=\"Japan Design Awards logo\" class=\"wp-image-3738\" style=\"width:auto;height:130px\" srcset=\"https:\/\/olivierfelixisselin.com\/wp-content\/uploads\/2023\/06\/logo-japan-design-award-2023-1024x496.jpeg 1024w, https:\/\/olivierfelixisselin.com\/wp-content\/uploads\/2023\/06\/logo-japan-design-award-2023-300x145.jpeg 300w, https:\/\/olivierfelixisselin.com\/wp-content\/uploads\/2023\/06\/logo-japan-design-award-2023-768x372.jpeg 768w, https:\/\/olivierfelixisselin.com\/wp-content\/uploads\/2023\/06\/logo-japan-design-award-2023.jpeg 1238w\" sizes=\"auto, (max-width: 1024px) 100vw, 1024px\" \/><\/a><\/figure>\n<\/div><\/div>\n<\/div>\n\n\n\n<div style=\"height:30px\" aria-hidden=\"true\" class=\"wp-block-spacer\"><\/div>\n\n\n\n<div style=\"height:30px\" aria-hidden=\"true\" class=\"wp-block-spacer\"><\/div>\n\n\n\n<hr class=\"wp-block-separator has-text-color has-emperor-color has-alpha-channel-opacity has-emperor-background-color has-background is-style-wide\"\/>\n\n\n\n<div class=\"wp-block-columns is-layout-flex wp-container-core-columns-is-layout-28f84493 wp-block-columns-is-layout-flex\">\n<div class=\"wp-block-column is-layout-flow wp-block-column-is-layout-flow\"><\/div>\n\n\n\n<div class=\"wp-block-column is-layout-flow wp-block-column-is-layout-flow\">\n<div class=\"wp-block-columns is-layout-flex wp-container-core-columns-is-layout-28f84493 wp-block-columns-is-layout-flex\">\n<div class=\"wp-block-column is-layout-flow wp-block-column-is-layout-flow\">\n<figure class=\"wp-block-image size-full is-resized\"><a href=\"https:\/\/www.instagram.com\/felix.isselin\/\"><img loading=\"lazy\" decoding=\"async\" width=\"180\" height=\"180\" src=\"https:\/\/olivierfelixisselin.com\/wp-content\/uploads\/2023\/06\/insta-1.jpg\" alt=\"instagram link Olivier Felix Isselin\" class=\"wp-image-3779\" style=\"object-fit:cover;width:30px;height:30px\" srcset=\"https:\/\/olivierfelixisselin.com\/wp-content\/uploads\/2023\/06\/insta-1.jpg 180w, https:\/\/olivierfelixisselin.com\/wp-content\/uploads\/2023\/06\/insta-1-150x150.jpg 150w\" sizes=\"auto, (max-width: 180px) 100vw, 180px\" \/><\/a><\/figure>\n<\/div>\n\n\n\n<div class=\"wp-block-column is-layout-flow wp-block-column-is-layout-flow\">\n<figure class=\"wp-block-image size-full is-resized\"><a href=\"https:\/\/www.facebook.com\/FelixIsselin\/\"><img loading=\"lazy\" decoding=\"async\" width=\"180\" height=\"180\" src=\"https:\/\/olivierfelixisselin.com\/wp-content\/uploads\/2023\/06\/logo-fcbk.jpg\" alt=\"\" class=\"wp-image-3780\" style=\"object-fit:cover;width:30px;height:30px\" srcset=\"https:\/\/olivierfelixisselin.com\/wp-content\/uploads\/2023\/06\/logo-fcbk.jpg 180w, https:\/\/olivierfelixisselin.com\/wp-content\/uploads\/2023\/06\/logo-fcbk-150x150.jpg 150w\" sizes=\"auto, (max-width: 180px) 100vw, 180px\" \/><\/a><\/figure>\n<\/div>\n\n\n\n<div class=\"wp-block-column is-layout-flow wp-block-column-is-layout-flow\">\n<figure class=\"wp-block-image size-full is-resized\"><a href=\"https:\/\/www.linkedin.com\/in\/olivier-felix-isselin-31915b84\/\"><img loading=\"lazy\" decoding=\"async\" width=\"180\" height=\"180\" src=\"https:\/\/olivierfelixisselin.com\/wp-content\/uploads\/2023\/06\/lkdn.jpg\" alt=\"\" class=\"wp-image-3781\" style=\"object-fit:cover;width:30px;height:30px\" srcset=\"https:\/\/olivierfelixisselin.com\/wp-content\/uploads\/2023\/06\/lkdn.jpg 180w, https:\/\/olivierfelixisselin.com\/wp-content\/uploads\/2023\/06\/lkdn-150x150.jpg 150w\" sizes=\"auto, (max-width: 180px) 100vw, 180px\" \/><\/a><\/figure>\n<\/div>\n<\/div>\n<\/div>\n\n\n\n<div class=\"wp-block-column is-layout-flow wp-block-column-is-layout-flow\">\n<div class=\"wp-block-columns is-layout-flex wp-container-core-columns-is-layout-28f84493 wp-block-columns-is-layout-flex\">\n<div class=\"wp-block-column is-layout-flow wp-block-column-is-layout-flow\"><\/div>\n\n\n\n<div class=\"wp-block-column is-layout-flow wp-block-column-is-layout-flow\">\n<figure class=\"wp-block-image size-full is-resized\"><a href=\"https:\/\/olivierfelixisselin.com\/index.php\/space-oddity\/\"><img loading=\"lazy\" decoding=\"async\" width=\"50\" height=\"26\" src=\"https:\/\/olivierfelixisselin.com\/wp-content\/uploads\/2023\/06\/france.png\" alt=\"\" class=\"wp-image-3744\" style=\"object-fit:cover;width:38px;height:20px\"\/><\/a><\/figure>\n<\/div>\n\n\n\n<div class=\"wp-block-column is-layout-flow wp-block-column-is-layout-flow\">\n<figure class=\"wp-block-image size-full is-resized\"><a href=\"https:\/\/olivierfelixisselin.com\/index.php\/en\/space-oddity-en\/\"><img loading=\"lazy\" decoding=\"async\" width=\"50\" height=\"26\" src=\"https:\/\/olivierfelixisselin.com\/wp-content\/uploads\/2023\/06\/UK.png\" alt=\"\" class=\"wp-image-3745\" style=\"object-fit:cover;width:38px;height:20px\"\/><\/a><\/figure>\n<\/div>\n<\/div>\n<\/div>\n<\/div>\n","protected":false},"excerpt":{"rendered":"<p>Ta\u015fma paslanmaz \u00e7elik spa Space Oddity, zarif \u00e7izgileri ve paslanmaz \u00e7elik kullan\u0131m\u0131yla yer \u00e7ekimiyle oynuyor [&hellip;]<\/p>\n","protected":false},"author":1,"featured_media":0,"parent":0,"menu_order":0,"comment_status":"closed","ping_status":"closed","template":"","meta":{"footnotes":""},"class_list":["post-4649","page","type-page","status-publish","hentry"],"yoast_head":"<!-- This site is optimized with the Yoast SEO plugin v27.4 - https:\/\/yoast.com\/product\/yoast-seo-wordpress\/ -->\n<title>Space Oddity - ta\u015fma Olivier Felix Isselin&#039;in paslanmaz \u00e7elik spa&#039;s\u0131<\/title>\n<meta name=\"description\" content=\"Zarif silueti, zarif kenarlar\u0131 ve kaps\u00fcl benzeri \u015fekilleri, bu paslanmaz \u00e7elik spaya hafif ve ne\u015feli bir g\u00f6r\u00fcn\u00fcm kazand\u0131r\u0131yor.\" \/>\n<meta name=\"robots\" content=\"index, follow, max-snippet:-1, max-image-preview:large, max-video-preview:-1\" \/>\n<link rel=\"canonical\" href=\"https:\/\/olivierfelixisselin.com\/index.php\/tr\/space-oddity-2\/\" \/>\n<meta property=\"og:locale\" content=\"fr_FR\" \/>\n<meta property=\"og:type\" content=\"article\" \/>\n<meta property=\"og:title\" content=\"Space Oddity - ta\u015fma Olivier Felix Isselin&#039;in paslanmaz \u00e7elik spa&#039;s\u0131\" \/>\n<meta property=\"og:description\" content=\"Zarif silueti, zarif kenarlar\u0131 ve kaps\u00fcl benzeri \u015fekilleri, bu paslanmaz \u00e7elik spaya hafif ve ne\u015feli bir g\u00f6r\u00fcn\u00fcm kazand\u0131r\u0131yor.\" \/>\n<meta property=\"og:url\" content=\"https:\/\/olivierfelixisselin.com\/index.php\/tr\/space-oddity-2\/\" \/>\n<meta property=\"og:site_name\" content=\"Olivier Felix Isselin\" \/>\n<meta property=\"article:publisher\" content=\"https:\/\/www.facebook.com\/FelixIsselin\" \/>\n<meta property=\"article:modified_time\" content=\"2025-09-05T06:49:43+00:00\" \/>\n<meta property=\"og:image\" content=\"https:\/\/olivierfelixisselin.com\/wp-content\/uploads\/2023\/06\/Olivier-Felix-Isselin.jpg\" \/>\n\t<meta property=\"og:image:width\" content=\"1200\" \/>\n\t<meta property=\"og:image:height\" content=\"665\" \/>\n\t<meta property=\"og:image:type\" content=\"image\/jpeg\" \/>\n<meta name=\"twitter:card\" content=\"summary_large_image\" \/>\n<meta name=\"twitter:site\" content=\"@FelixISSELIN\" \/>\n<meta name=\"twitter:label1\" content=\"Dur\u00e9e de lecture estim\u00e9e\" \/>\n\t<meta name=\"twitter:data1\" content=\"3 minutes\" \/>\n<script type=\"application\/ld+json\" class=\"yoast-schema-graph\">{\"@context\":\"https:\\\/\\\/schema.org\",\"@graph\":[{\"@type\":\"WebPage\",\"@id\":\"https:\\\/\\\/olivierfelixisselin.com\\\/index.php\\\/tr\\\/space-oddity-2\\\/\",\"url\":\"https:\\\/\\\/olivierfelixisselin.com\\\/index.php\\\/tr\\\/space-oddity-2\\\/\",\"name\":\"Space Oddity - ta\u015fma Olivier Felix Isselin'in paslanmaz \u00e7elik spa's\u0131\",\"isPartOf\":{\"@id\":\"https:\\\/\\\/olivierfelixisselin.com\\\/#website\"},\"primaryImageOfPage\":{\"@id\":\"https:\\\/\\\/olivierfelixisselin.com\\\/index.php\\\/tr\\\/space-oddity-2\\\/#primaryimage\"},\"image\":{\"@id\":\"https:\\\/\\\/olivierfelixisselin.com\\\/index.php\\\/tr\\\/space-oddity-2\\\/#primaryimage\"},\"thumbnailUrl\":\"https:\\\/\\\/olivierfelixisselin.com\\\/wp-content\\\/uploads\\\/2023\\\/05\\\/Capture-decran-2023-04-20-a-19.41.41-1024x389.png\",\"datePublished\":\"2024-01-21T17:31:20+00:00\",\"dateModified\":\"2025-09-05T06:49:43+00:00\",\"description\":\"Zarif silueti, zarif kenarlar\u0131 ve kaps\u00fcl benzeri \u015fekilleri, bu paslanmaz \u00e7elik spaya hafif ve ne\u015feli bir g\u00f6r\u00fcn\u00fcm kazand\u0131r\u0131yor.\",\"breadcrumb\":{\"@id\":\"https:\\\/\\\/olivierfelixisselin.com\\\/index.php\\\/tr\\\/space-oddity-2\\\/#breadcrumb\"},\"inLanguage\":\"fr-FR\",\"potentialAction\":[{\"@type\":\"ReadAction\",\"target\":[\"https:\\\/\\\/olivierfelixisselin.com\\\/index.php\\\/tr\\\/space-oddity-2\\\/\"]}]},{\"@type\":\"ImageObject\",\"inLanguage\":\"fr-FR\",\"@id\":\"https:\\\/\\\/olivierfelixisselin.com\\\/index.php\\\/tr\\\/space-oddity-2\\\/#primaryimage\",\"url\":\"https:\\\/\\\/olivierfelixisselin.com\\\/wp-content\\\/uploads\\\/2023\\\/05\\\/Capture-decran-2023-04-20-a-19.41.41.png\",\"contentUrl\":\"https:\\\/\\\/olivierfelixisselin.com\\\/wp-content\\\/uploads\\\/2023\\\/05\\\/Capture-decran-2023-04-20-a-19.41.41.png\",\"width\":1164,\"height\":442,\"caption\":\"Space Oddity - Spa inox \u00e0 d\u00e9bordement - Design Oliver Felix Isselin\"},{\"@type\":\"BreadcrumbList\",\"@id\":\"https:\\\/\\\/olivierfelixisselin.com\\\/index.php\\\/tr\\\/space-oddity-2\\\/#breadcrumb\",\"itemListElement\":[{\"@type\":\"ListItem\",\"position\":1,\"name\":\"Accueil\",\"item\":\"https:\\\/\\\/olivierfelixisselin.com\\\/\"},{\"@type\":\"ListItem\",\"position\":2,\"name\":\"Space Oddity\"}]},{\"@type\":\"WebSite\",\"@id\":\"https:\\\/\\\/olivierfelixisselin.com\\\/#website\",\"url\":\"https:\\\/\\\/olivierfelixisselin.com\\\/\",\"name\":\"Olivier Felix Isselin\",\"description\":\"- - -\",\"publisher\":{\"@id\":\"https:\\\/\\\/olivierfelixisselin.com\\\/#organization\"},\"alternateName\":\"OFI\",\"potentialAction\":[{\"@type\":\"SearchAction\",\"target\":{\"@type\":\"EntryPoint\",\"urlTemplate\":\"https:\\\/\\\/olivierfelixisselin.com\\\/?s={search_term_string}\"},\"query-input\":{\"@type\":\"PropertyValueSpecification\",\"valueRequired\":true,\"valueName\":\"search_term_string\"}}],\"inLanguage\":\"fr-FR\"},{\"@type\":\"Organization\",\"@id\":\"https:\\\/\\\/olivierfelixisselin.com\\\/#organization\",\"name\":\"Olivier Felix Isselin\",\"alternateName\":\"OFI\",\"url\":\"https:\\\/\\\/olivierfelixisselin.com\\\/\",\"logo\":{\"@type\":\"ImageObject\",\"inLanguage\":\"fr-FR\",\"@id\":\"https:\\\/\\\/olivierfelixisselin.com\\\/#\\\/schema\\\/logo\\\/image\\\/\",\"url\":\"https:\\\/\\\/olivierfelixisselin.com\\\/wp-content\\\/uploads\\\/2023\\\/05\\\/cropped-cropped-logo-fourmiliere-ikb.png\",\"contentUrl\":\"https:\\\/\\\/olivierfelixisselin.com\\\/wp-content\\\/uploads\\\/2023\\\/05\\\/cropped-cropped-logo-fourmiliere-ikb.png\",\"width\":512,\"height\":512,\"caption\":\"Olivier Felix Isselin\"},\"image\":{\"@id\":\"https:\\\/\\\/olivierfelixisselin.com\\\/#\\\/schema\\\/logo\\\/image\\\/\"},\"sameAs\":[\"https:\\\/\\\/www.facebook.com\\\/FelixIsselin\",\"https:\\\/\\\/x.com\\\/FelixISSELIN\",\"https:\\\/\\\/www.instagram.com\\\/felix.isselin\\\/\",\"https:\\\/\\\/www.linkedin.com\\\/in\\\/olivier-felix-isselin-31915b84\\\/\"]}]}<\/script>\n<!-- \/ Yoast SEO plugin. -->","yoast_head_json":{"title":"Space Oddity - ta\u015fma Olivier Felix Isselin'in paslanmaz \u00e7elik spa's\u0131","description":"Zarif silueti, zarif kenarlar\u0131 ve kaps\u00fcl benzeri \u015fekilleri, bu paslanmaz \u00e7elik spaya hafif ve ne\u015feli bir g\u00f6r\u00fcn\u00fcm kazand\u0131r\u0131yor.","robots":{"index":"index","follow":"follow","max-snippet":"max-snippet:-1","max-image-preview":"max-image-preview:large","max-video-preview":"max-video-preview:-1"},"canonical":"https:\/\/olivierfelixisselin.com\/index.php\/tr\/space-oddity-2\/","og_locale":"fr_FR","og_type":"article","og_title":"Space Oddity - ta\u015fma Olivier Felix Isselin'in paslanmaz \u00e7elik spa's\u0131","og_description":"Zarif silueti, zarif kenarlar\u0131 ve kaps\u00fcl benzeri \u015fekilleri, bu paslanmaz \u00e7elik spaya hafif ve ne\u015feli bir g\u00f6r\u00fcn\u00fcm kazand\u0131r\u0131yor.","og_url":"https:\/\/olivierfelixisselin.com\/index.php\/tr\/space-oddity-2\/","og_site_name":"Olivier Felix Isselin","article_publisher":"https:\/\/www.facebook.com\/FelixIsselin","article_modified_time":"2025-09-05T06:49:43+00:00","og_image":[{"width":1200,"height":665,"url":"https:\/\/olivierfelixisselin.com\/wp-content\/uploads\/2023\/06\/Olivier-Felix-Isselin.jpg","type":"image\/jpeg"}],"twitter_card":"summary_large_image","twitter_site":"@FelixISSELIN","twitter_misc":{"Dur\u00e9e de lecture estim\u00e9e":"3 minutes"},"schema":{"@context":"https:\/\/schema.org","@graph":[{"@type":"WebPage","@id":"https:\/\/olivierfelixisselin.com\/index.php\/tr\/space-oddity-2\/","url":"https:\/\/olivierfelixisselin.com\/index.php\/tr\/space-oddity-2\/","name":"Space Oddity - ta\u015fma Olivier Felix Isselin'in paslanmaz \u00e7elik spa's\u0131","isPartOf":{"@id":"https:\/\/olivierfelixisselin.com\/#website"},"primaryImageOfPage":{"@id":"https:\/\/olivierfelixisselin.com\/index.php\/tr\/space-oddity-2\/#primaryimage"},"image":{"@id":"https:\/\/olivierfelixisselin.com\/index.php\/tr\/space-oddity-2\/#primaryimage"},"thumbnailUrl":"https:\/\/olivierfelixisselin.com\/wp-content\/uploads\/2023\/05\/Capture-decran-2023-04-20-a-19.41.41-1024x389.png","datePublished":"2024-01-21T17:31:20+00:00","dateModified":"2025-09-05T06:49:43+00:00","description":"Zarif silueti, zarif kenarlar\u0131 ve kaps\u00fcl benzeri \u015fekilleri, bu paslanmaz \u00e7elik spaya hafif ve ne\u015feli bir g\u00f6r\u00fcn\u00fcm kazand\u0131r\u0131yor.","breadcrumb":{"@id":"https:\/\/olivierfelixisselin.com\/index.php\/tr\/space-oddity-2\/#breadcrumb"},"inLanguage":"fr-FR","potentialAction":[{"@type":"ReadAction","target":["https:\/\/olivierfelixisselin.com\/index.php\/tr\/space-oddity-2\/"]}]},{"@type":"ImageObject","inLanguage":"fr-FR","@id":"https:\/\/olivierfelixisselin.com\/index.php\/tr\/space-oddity-2\/#primaryimage","url":"https:\/\/olivierfelixisselin.com\/wp-content\/uploads\/2023\/05\/Capture-decran-2023-04-20-a-19.41.41.png","contentUrl":"https:\/\/olivierfelixisselin.com\/wp-content\/uploads\/2023\/05\/Capture-decran-2023-04-20-a-19.41.41.png","width":1164,"height":442,"caption":"Space Oddity - Spa inox \u00e0 d\u00e9bordement - Design Oliver Felix Isselin"},{"@type":"BreadcrumbList","@id":"https:\/\/olivierfelixisselin.com\/index.php\/tr\/space-oddity-2\/#breadcrumb","itemListElement":[{"@type":"ListItem","position":1,"name":"Accueil","item":"https:\/\/olivierfelixisselin.com\/"},{"@type":"ListItem","position":2,"name":"Space Oddity"}]},{"@type":"WebSite","@id":"https:\/\/olivierfelixisselin.com\/#website","url":"https:\/\/olivierfelixisselin.com\/","name":"Olivier Felix Isselin","description":"- - -","publisher":{"@id":"https:\/\/olivierfelixisselin.com\/#organization"},"alternateName":"OFI","potentialAction":[{"@type":"SearchAction","target":{"@type":"EntryPoint","urlTemplate":"https:\/\/olivierfelixisselin.com\/?s={search_term_string}"},"query-input":{"@type":"PropertyValueSpecification","valueRequired":true,"valueName":"search_term_string"}}],"inLanguage":"fr-FR"},{"@type":"Organization","@id":"https:\/\/olivierfelixisselin.com\/#organization","name":"Olivier Felix Isselin","alternateName":"OFI","url":"https:\/\/olivierfelixisselin.com\/","logo":{"@type":"ImageObject","inLanguage":"fr-FR","@id":"https:\/\/olivierfelixisselin.com\/#\/schema\/logo\/image\/","url":"https:\/\/olivierfelixisselin.com\/wp-content\/uploads\/2023\/05\/cropped-cropped-logo-fourmiliere-ikb.png","contentUrl":"https:\/\/olivierfelixisselin.com\/wp-content\/uploads\/2023\/05\/cropped-cropped-logo-fourmiliere-ikb.png","width":512,"height":512,"caption":"Olivier Felix Isselin"},"image":{"@id":"https:\/\/olivierfelixisselin.com\/#\/schema\/logo\/image\/"},"sameAs":["https:\/\/www.facebook.com\/FelixIsselin","https:\/\/x.com\/FelixISSELIN","https:\/\/www.instagram.com\/felix.isselin\/","https:\/\/www.linkedin.com\/in\/olivier-felix-isselin-31915b84\/"]}]}},"_links":{"self":[{"href":"https:\/\/olivierfelixisselin.com\/index.php\/wp-json\/wp\/v2\/pages\/4649","targetHints":{"allow":["GET"]}}],"collection":[{"href":"https:\/\/olivierfelixisselin.com\/index.php\/wp-json\/wp\/v2\/pages"}],"about":[{"href":"https:\/\/olivierfelixisselin.com\/index.php\/wp-json\/wp\/v2\/types\/page"}],"author":[{"embeddable":true,"href":"https:\/\/olivierfelixisselin.com\/index.php\/wp-json\/wp\/v2\/users\/1"}],"replies":[{"embeddable":true,"href":"https:\/\/olivierfelixisselin.com\/index.php\/wp-json\/wp\/v2\/comments?post=4649"}],"version-history":[{"count":5,"href":"https:\/\/olivierfelixisselin.com\/index.php\/wp-json\/wp\/v2\/pages\/4649\/revisions"}],"predecessor-version":[{"id":4978,"href":"https:\/\/olivierfelixisselin.com\/index.php\/wp-json\/wp\/v2\/pages\/4649\/revisions\/4978"}],"wp:attachment":[{"href":"https:\/\/olivierfelixisselin.com\/index.php\/wp-json\/wp\/v2\/media?parent=4649"}],"curies":[{"name":"wp","href":"https:\/\/api.w.org\/{rel}","templated":true}]}}