{"id":3560,"date":"2023-12-24T19:34:19","date_gmt":"2023-12-24T18:34:19","guid":{"rendered":"https:\/\/olivierfelixisselin.com\/?page_id=3560"},"modified":"2023-12-24T19:35:33","modified_gmt":"2023-12-24T18:35:33","slug":"schwimmbecken-aus-edelstahl","status":"publish","type":"page","link":"https:\/\/olivierfelixisselin.com\/index.php\/de\/schwimmbecken-aus-edelstahl\/","title":{"rendered":"Schwimmbecken aus Edelstahl."},"content":{"rendered":"\n<figure class=\"wp-block-image size-large\"><img loading=\"lazy\" decoding=\"async\" width=\"1024\" height=\"576\" src=\"https:\/\/olivierfelixisselin.com\/wp-content\/uploads\/2023\/06\/COULOIR12b-1024x576.jpeg\" alt=\"stainless steel swim lane designed by OFI \/ Linoxydable\" class=\"wp-image-3451\" srcset=\"https:\/\/olivierfelixisselin.com\/wp-content\/uploads\/2023\/06\/COULOIR12b-1024x576.jpeg 1024w, https:\/\/olivierfelixisselin.com\/wp-content\/uploads\/2023\/06\/COULOIR12b-300x169.jpeg 300w, https:\/\/olivierfelixisselin.com\/wp-content\/uploads\/2023\/06\/COULOIR12b-768x432.jpeg 768w, https:\/\/olivierfelixisselin.com\/wp-content\/uploads\/2023\/06\/COULOIR12b-1536x864.jpeg 1536w, https:\/\/olivierfelixisselin.com\/wp-content\/uploads\/2023\/06\/COULOIR12b.jpeg 1950w\" sizes=\"auto, (max-width: 1024px) 100vw, 1024px\" \/><\/figure>\n\n\n\n<div class=\"wp-block-columns is-layout-flex wp-container-core-columns-is-layout-28f84493 wp-block-columns-is-layout-flex\">\n<div class=\"wp-block-column is-layout-flow wp-block-column-is-layout-flow\">\n<p>Diese unter der Marke Linoxydable vertriebenen Schwimmbecken bestehen zu 100 % aus 316L-Edelstahl, bekannt als Marine-Edelstahl mit reinen Formen (Design Olivier Felix Isselin). Die Herstellung erfolgt in Frankreich durch CDE, den f\u00fchrenden franz\u00f6sischen Hersteller von Lagertanks. Edelstahl und Schlichtheit sind die Garantie f\u00fcr eine perfekte Integration in jede Umgebung: Parks, kleine G\u00e4rten in der Stadt, moderne oder klassische Villen \u2026<\/p>\n\n\n\n<p>Diese Becken sind einteilig und selbsttragend. Alle Elemente (W\u00e4nde, Struktur, Skimmer, Auslassstutzen, Abfluss usw.) sind im Werk verschwei\u00dft und anschlussfertig.<\/p>\n\n\n\n<div class=\"wp-block-buttons is-layout-flex wp-block-buttons-is-layout-flex\">\n<div class=\"wp-block-button has-custom-font-size is-style-outline has-extra-small-font-size is-style-outline--1\"><a class=\"wp-block-button__link wp-element-button\" href=\"https:\/\/linoxydablespa.com\/index.php\/de\/unsere-316l-edelstahlpools\/\" style=\"border-radius:0px\" target=\"_blank\" rel=\"noreferrer noopener\">Erfahren Sie mehr \u00fcber Linoxidable Schwimmb\u00e4der.<\/a><\/div>\n<\/div>\n\n\n\n<div style=\"height:30px\" aria-hidden=\"true\" class=\"wp-block-spacer\"><\/div>\n<\/div>\n\n\n\n<div class=\"wp-block-column is-layout-flow wp-block-column-is-layout-flow\">\n<figure class=\"wp-block-image size-large\"><img loading=\"lazy\" decoding=\"async\" width=\"1024\" height=\"576\" src=\"https:\/\/olivierfelixisselin.com\/wp-content\/uploads\/2023\/06\/CARREpi-1024x576.jpeg\" alt=\"small-inbox-square-pool-OFI\" class=\"wp-image-3450\" srcset=\"https:\/\/olivierfelixisselin.com\/wp-content\/uploads\/2023\/06\/CARREpi-1024x576.jpeg 1024w, https:\/\/olivierfelixisselin.com\/wp-content\/uploads\/2023\/06\/CARREpi-300x169.jpeg 300w, https:\/\/olivierfelixisselin.com\/wp-content\/uploads\/2023\/06\/CARREpi-768x432.jpeg 768w, https:\/\/olivierfelixisselin.com\/wp-content\/uploads\/2023\/06\/CARREpi-1536x864.jpeg 1536w, https:\/\/olivierfelixisselin.com\/wp-content\/uploads\/2023\/06\/CARREpi.jpeg 1950w\" sizes=\"auto, (max-width: 1024px) 100vw, 1024px\" \/><\/figure>\n\n\n\n<div style=\"height:30px\" aria-hidden=\"true\" class=\"wp-block-spacer\"><\/div>\n\n\n\n<figure class=\"wp-block-image size-large\"><img loading=\"lazy\" decoding=\"async\" width=\"1024\" height=\"576\" src=\"https:\/\/olivierfelixisselin.com\/wp-content\/uploads\/2023\/06\/ratioSb-copie-1024x576.jpg\" alt=\"small inox pool\" class=\"wp-image-3448\" srcset=\"https:\/\/olivierfelixisselin.com\/wp-content\/uploads\/2023\/06\/ratioSb-copie-1024x576.jpg 1024w, https:\/\/olivierfelixisselin.com\/wp-content\/uploads\/2023\/06\/ratioSb-copie-300x169.jpg 300w, https:\/\/olivierfelixisselin.com\/wp-content\/uploads\/2023\/06\/ratioSb-copie-768x432.jpg 768w, https:\/\/olivierfelixisselin.com\/wp-content\/uploads\/2023\/06\/ratioSb-copie-1536x864.jpg 1536w, https:\/\/olivierfelixisselin.com\/wp-content\/uploads\/2023\/06\/ratioSb-copie.jpg 1950w\" sizes=\"auto, (max-width: 1024px) 100vw, 1024px\" \/><\/figure>\n<\/div>\n<\/div>\n\n\n\n<div style=\"height:31px\" aria-hidden=\"true\" class=\"wp-block-spacer\"><\/div>\n\n\n\n<figure class=\"wp-block-image size-large\"><img loading=\"lazy\" decoding=\"async\" width=\"1024\" height=\"577\" src=\"https:\/\/olivierfelixisselin.com\/wp-content\/uploads\/2023\/06\/DSC_0028-1024x577.jpeg\" alt=\"stainless-steel-pool-french-riviera-OFI\" class=\"wp-image-3449\" srcset=\"https:\/\/olivierfelixisselin.com\/wp-content\/uploads\/2023\/06\/DSC_0028-1024x577.jpeg 1024w, https:\/\/olivierfelixisselin.com\/wp-content\/uploads\/2023\/06\/DSC_0028-300x169.jpeg 300w, https:\/\/olivierfelixisselin.com\/wp-content\/uploads\/2023\/06\/DSC_0028-768x433.jpeg 768w, https:\/\/olivierfelixisselin.com\/wp-content\/uploads\/2023\/06\/DSC_0028-1536x866.jpeg 1536w, https:\/\/olivierfelixisselin.com\/wp-content\/uploads\/2023\/06\/DSC_0028.jpeg 1950w\" sizes=\"auto, (max-width: 1024px) 100vw, 1024px\" \/><\/figure>\n\n\n\n<div class=\"wp-block-columns is-layout-flex wp-container-core-columns-is-layout-28f84493 wp-block-columns-is-layout-flex\">\n<div class=\"wp-block-column is-layout-flow wp-block-column-is-layout-flow\">\n<figure class=\"wp-block-image size-large\"><img loading=\"lazy\" decoding=\"async\" width=\"1024\" height=\"1024\" src=\"https:\/\/olivierfelixisselin.com\/wp-content\/uploads\/2023\/06\/DSC_0023-1024x1024.jpeg\" alt=\"reflection of nature on inox pool - OFI design\" class=\"wp-image-3447\" srcset=\"https:\/\/olivierfelixisselin.com\/wp-content\/uploads\/2023\/06\/DSC_0023-1024x1024.jpeg 1024w, https:\/\/olivierfelixisselin.com\/wp-content\/uploads\/2023\/06\/DSC_0023-300x300.jpeg 300w, https:\/\/olivierfelixisselin.com\/wp-content\/uploads\/2023\/06\/DSC_0023-150x150.jpeg 150w, https:\/\/olivierfelixisselin.com\/wp-content\/uploads\/2023\/06\/DSC_0023-768x768.jpeg 768w, https:\/\/olivierfelixisselin.com\/wp-content\/uploads\/2023\/06\/DSC_0023-1536x1536.jpeg 1536w, https:\/\/olivierfelixisselin.com\/wp-content\/uploads\/2023\/06\/DSC_0023-600x600.jpeg 600w, https:\/\/olivierfelixisselin.com\/wp-content\/uploads\/2023\/06\/DSC_0023.jpeg 1950w\" sizes=\"auto, (max-width: 1024px) 100vw, 1024px\" \/><\/figure>\n<\/div>\n\n\n\n<div class=\"wp-block-column is-layout-flow wp-block-column-is-layout-flow\">\n<figure class=\"wp-block-image size-large\"><img loading=\"lazy\" decoding=\"async\" width=\"1024\" height=\"1024\" src=\"https:\/\/olivierfelixisselin.com\/wp-content\/uploads\/2023\/06\/DSC_0017-1-1024x1024.jpeg\" alt=\"stainless steel swimming pool - French Riviera - OFI design\" class=\"wp-image-3446\" srcset=\"https:\/\/olivierfelixisselin.com\/wp-content\/uploads\/2023\/06\/DSC_0017-1-1024x1024.jpeg 1024w, https:\/\/olivierfelixisselin.com\/wp-content\/uploads\/2023\/06\/DSC_0017-1-300x300.jpeg 300w, https:\/\/olivierfelixisselin.com\/wp-content\/uploads\/2023\/06\/DSC_0017-1-150x150.jpeg 150w, https:\/\/olivierfelixisselin.com\/wp-content\/uploads\/2023\/06\/DSC_0017-1-768x768.jpeg 768w, https:\/\/olivierfelixisselin.com\/wp-content\/uploads\/2023\/06\/DSC_0017-1-1536x1536.jpeg 1536w, https:\/\/olivierfelixisselin.com\/wp-content\/uploads\/2023\/06\/DSC_0017-1-600x600.jpeg 600w, https:\/\/olivierfelixisselin.com\/wp-content\/uploads\/2023\/06\/DSC_0017-1.jpeg 1950w\" sizes=\"auto, (max-width: 1024px) 100vw, 1024px\" \/><\/figure>\n<\/div>\n\n\n\n<div class=\"wp-block-column is-layout-flow wp-block-column-is-layout-flow\">\n<figure class=\"wp-block-image size-large\"><img loading=\"lazy\" decoding=\"async\" width=\"1024\" height=\"1024\" src=\"https:\/\/olivierfelixisselin.com\/wp-content\/uploads\/2023\/06\/DSC_0020-1024x1024.jpeg\" alt=\"stainless steel swimming pool and Mediterranean garden - OFI design\" class=\"wp-image-3445\" srcset=\"https:\/\/olivierfelixisselin.com\/wp-content\/uploads\/2023\/06\/DSC_0020-1024x1024.jpeg 1024w, https:\/\/olivierfelixisselin.com\/wp-content\/uploads\/2023\/06\/DSC_0020-300x300.jpeg 300w, https:\/\/olivierfelixisselin.com\/wp-content\/uploads\/2023\/06\/DSC_0020-150x150.jpeg 150w, https:\/\/olivierfelixisselin.com\/wp-content\/uploads\/2023\/06\/DSC_0020-768x768.jpeg 768w, https:\/\/olivierfelixisselin.com\/wp-content\/uploads\/2023\/06\/DSC_0020-1536x1536.jpeg 1536w, https:\/\/olivierfelixisselin.com\/wp-content\/uploads\/2023\/06\/DSC_0020-600x600.jpeg 600w, https:\/\/olivierfelixisselin.com\/wp-content\/uploads\/2023\/06\/DSC_0020.jpeg 1950w\" sizes=\"auto, (max-width: 1024px) 100vw, 1024px\" \/><\/figure>\n<\/div>\n<\/div>\n\n\n\n<div style=\"height:30px\" aria-hidden=\"true\" class=\"wp-block-spacer\"><\/div>\n\n\n\n<hr class=\"wp-block-separator has-text-color has-emperor-color has-alpha-channel-opacity has-emperor-background-color has-background is-style-wide\"\/>\n\n\n\n<div class=\"wp-block-columns is-layout-flex wp-container-core-columns-is-layout-28f84493 wp-block-columns-is-layout-flex\">\n<div class=\"wp-block-column is-layout-flow wp-block-column-is-layout-flow\"><\/div>\n\n\n\n<div class=\"wp-block-column is-layout-flow wp-block-column-is-layout-flow\">\n<div class=\"wp-block-columns is-layout-flex wp-container-core-columns-is-layout-28f84493 wp-block-columns-is-layout-flex\">\n<div class=\"wp-block-column is-layout-flow wp-block-column-is-layout-flow\">\n<figure class=\"wp-block-image size-full is-resized\"><a href=\"https:\/\/www.instagram.com\/felix.isselin\/\"><img loading=\"lazy\" decoding=\"async\" width=\"180\" height=\"180\" src=\"https:\/\/olivierfelixisselin.com\/wp-content\/uploads\/2023\/06\/insta-1.jpg\" alt=\"instagram link Olivier Felix Isselin\" class=\"wp-image-3442\" style=\"object-fit:cover;width:30px;height:30px\" srcset=\"https:\/\/olivierfelixisselin.com\/wp-content\/uploads\/2023\/06\/insta-1.jpg 180w, https:\/\/olivierfelixisselin.com\/wp-content\/uploads\/2023\/06\/insta-1-150x150.jpg 150w\" sizes=\"auto, (max-width: 180px) 100vw, 180px\" \/><\/a><\/figure>\n<\/div>\n\n\n\n<div class=\"wp-block-column is-layout-flow wp-block-column-is-layout-flow\">\n<figure class=\"wp-block-image size-full is-resized\"><a href=\"https:\/\/www.facebook.com\/FelixIsselin\/\"><img loading=\"lazy\" decoding=\"async\" width=\"180\" height=\"180\" src=\"https:\/\/olivierfelixisselin.com\/wp-content\/uploads\/2023\/06\/logo-fcbk.jpg\" alt=\"\" class=\"wp-image-3443\" style=\"object-fit:cover;width:30px;height:30px\" srcset=\"https:\/\/olivierfelixisselin.com\/wp-content\/uploads\/2023\/06\/logo-fcbk.jpg 180w, https:\/\/olivierfelixisselin.com\/wp-content\/uploads\/2023\/06\/logo-fcbk-150x150.jpg 150w\" sizes=\"auto, (max-width: 180px) 100vw, 180px\" \/><\/a><\/figure>\n<\/div>\n\n\n\n<div class=\"wp-block-column is-layout-flow wp-block-column-is-layout-flow\">\n<figure class=\"wp-block-image size-full is-resized\"><a href=\"https:\/\/www.linkedin.com\/in\/olivier-felix-isselin-31915b84\/\"><img loading=\"lazy\" decoding=\"async\" width=\"180\" height=\"180\" src=\"https:\/\/olivierfelixisselin.com\/wp-content\/uploads\/2023\/06\/lkdn.jpg\" alt=\"\" class=\"wp-image-3444\" style=\"object-fit:cover;width:30px;height:30px\" srcset=\"https:\/\/olivierfelixisselin.com\/wp-content\/uploads\/2023\/06\/lkdn.jpg 180w, https:\/\/olivierfelixisselin.com\/wp-content\/uploads\/2023\/06\/lkdn-150x150.jpg 150w\" sizes=\"auto, (max-width: 180px) 100vw, 180px\" \/><\/a><\/figure>\n<\/div>\n<\/div>\n<\/div>\n\n\n\n<div class=\"wp-block-column is-layout-flow wp-block-column-is-layout-flow\">\n<div class=\"wp-block-columns is-layout-flex wp-container-core-columns-is-layout-28f84493 wp-block-columns-is-layout-flex\">\n<div class=\"wp-block-column is-layout-flow wp-block-column-is-layout-flow\"><div class=\"wp-block-image\">\n<figure class=\"alignright size-full\"><a href=\"https:\/\/olivierfelixisselin.com\/index.php\/it\/piscine-in-acciaio-inox\/\"><img loading=\"lazy\" decoding=\"async\" width=\"50\" height=\"26\" src=\"https:\/\/olivierfelixisselin.com\/wp-content\/uploads\/2023\/06\/flag-it.png\" alt=\"\" class=\"wp-image-3403\"\/><\/a><\/figure>\n<\/div><\/div>\n\n\n\n<div class=\"wp-block-column is-layout-flow wp-block-column-is-layout-flow\"><div class=\"wp-block-image\">\n<figure class=\"alignright size-full\"><a href=\"https:\/\/olivierfelixisselin.com\/index.php\/les-piscines-inox-olivier-felix-isselin\/\"><img loading=\"lazy\" decoding=\"async\" width=\"50\" height=\"26\" src=\"https:\/\/olivierfelixisselin.com\/wp-content\/uploads\/2023\/06\/france.png\" alt=\"\" class=\"wp-image-3407\"\/><\/a><\/figure>\n<\/div><\/div>\n\n\n\n<div class=\"wp-block-column is-layout-flow wp-block-column-is-layout-flow\"><div class=\"wp-block-image\">\n<figure class=\"alignright size-full\"><a href=\"https:\/\/olivierfelixisselin.com\/index.php\/en\/stainless-steel-pools\/\"><img loading=\"lazy\" decoding=\"async\" width=\"50\" height=\"26\" src=\"https:\/\/olivierfelixisselin.com\/wp-content\/uploads\/2023\/06\/UK.png\" alt=\"\" class=\"wp-image-3408\"\/><\/a><\/figure>\n<\/div><\/div>\n<\/div>\n<\/div>\n<\/div>\n","protected":false},"excerpt":{"rendered":"<p>Diese unter der Marke Linoxydable vertriebenen Schwimmbecken bestehen zu 100 % aus 316L-Edelstahl, bekannt als [&hellip;]<\/p>\n","protected":false},"author":1,"featured_media":0,"parent":0,"menu_order":0,"comment_status":"closed","ping_status":"closed","template":"","meta":{"footnotes":""},"class_list":["post-3560","page","type-page","status-publish","hentry"],"yoast_head":"<!-- This site is optimized with the Yoast SEO plugin v27.4 - https:\/\/yoast.com\/product\/yoast-seo-wordpress\/ -->\n<title>Schwimmbecken aus Edelstahl. - Olivier Felix Isselin<\/title>\n<meta name=\"description\" content=\"Linoxidable\u00a9 - Schwimmbecken aus 100 % Edelstahl 316L \u2013 OFI-Design \u2013\" \/>\n<meta name=\"robots\" content=\"index, follow, max-snippet:-1, max-image-preview:large, max-video-preview:-1\" \/>\n<link rel=\"canonical\" href=\"https:\/\/olivierfelixisselin.com\/index.php\/de\/schwimmbecken-aus-edelstahl\/\" \/>\n<meta property=\"og:locale\" content=\"fr_FR\" \/>\n<meta property=\"og:type\" content=\"article\" \/>\n<meta property=\"og:title\" content=\"Schwimmbecken aus Edelstahl. - Olivier Felix Isselin\" \/>\n<meta property=\"og:description\" content=\"Linoxidable\u00a9 - Schwimmbecken aus 100 % Edelstahl 316L \u2013 OFI-Design \u2013\" \/>\n<meta property=\"og:url\" content=\"https:\/\/olivierfelixisselin.com\/index.php\/de\/schwimmbecken-aus-edelstahl\/\" \/>\n<meta property=\"og:site_name\" content=\"Olivier Felix Isselin\" \/>\n<meta property=\"article:publisher\" content=\"https:\/\/www.facebook.com\/FelixIsselin\" \/>\n<meta property=\"article:modified_time\" content=\"2023-12-24T18:35:33+00:00\" \/>\n<meta property=\"og:image\" content=\"https:\/\/olivierfelixisselin.com\/wp-content\/uploads\/2023\/06\/COULOIR12b-1024x576.jpeg\" \/>\n<meta name=\"twitter:card\" content=\"summary_large_image\" \/>\n<meta name=\"twitter:site\" content=\"@FelixISSELIN\" \/>\n<meta name=\"twitter:label1\" content=\"Dur\u00e9e de lecture estim\u00e9e\" \/>\n\t<meta name=\"twitter:data1\" content=\"4 minutes\" \/>\n<script type=\"application\/ld+json\" class=\"yoast-schema-graph\">{\"@context\":\"https:\\\/\\\/schema.org\",\"@graph\":[{\"@type\":\"WebPage\",\"@id\":\"https:\\\/\\\/olivierfelixisselin.com\\\/index.php\\\/de\\\/schwimmbecken-aus-edelstahl\\\/\",\"url\":\"https:\\\/\\\/olivierfelixisselin.com\\\/index.php\\\/de\\\/schwimmbecken-aus-edelstahl\\\/\",\"name\":\"Schwimmbecken aus Edelstahl. - Olivier Felix Isselin\",\"isPartOf\":{\"@id\":\"https:\\\/\\\/olivierfelixisselin.com\\\/#website\"},\"primaryImageOfPage\":{\"@id\":\"https:\\\/\\\/olivierfelixisselin.com\\\/index.php\\\/de\\\/schwimmbecken-aus-edelstahl\\\/#primaryimage\"},\"image\":{\"@id\":\"https:\\\/\\\/olivierfelixisselin.com\\\/index.php\\\/de\\\/schwimmbecken-aus-edelstahl\\\/#primaryimage\"},\"thumbnailUrl\":\"https:\\\/\\\/olivierfelixisselin.com\\\/wp-content\\\/uploads\\\/2023\\\/06\\\/COULOIR12b-1024x576.jpeg\",\"datePublished\":\"2023-12-24T18:34:19+00:00\",\"dateModified\":\"2023-12-24T18:35:33+00:00\",\"description\":\"Linoxidable\u00a9 - Schwimmbecken aus 100 % Edelstahl 316L \u2013 OFI-Design \u2013\",\"breadcrumb\":{\"@id\":\"https:\\\/\\\/olivierfelixisselin.com\\\/index.php\\\/de\\\/schwimmbecken-aus-edelstahl\\\/#breadcrumb\"},\"inLanguage\":\"fr-FR\",\"potentialAction\":[{\"@type\":\"ReadAction\",\"target\":[\"https:\\\/\\\/olivierfelixisselin.com\\\/index.php\\\/de\\\/schwimmbecken-aus-edelstahl\\\/\"]}]},{\"@type\":\"ImageObject\",\"inLanguage\":\"fr-FR\",\"@id\":\"https:\\\/\\\/olivierfelixisselin.com\\\/index.php\\\/de\\\/schwimmbecken-aus-edelstahl\\\/#primaryimage\",\"url\":\"https:\\\/\\\/olivierfelixisselin.com\\\/wp-content\\\/uploads\\\/2023\\\/06\\\/COULOIR12b-1024x576.jpeg\",\"contentUrl\":\"https:\\\/\\\/olivierfelixisselin.com\\\/wp-content\\\/uploads\\\/2023\\\/06\\\/COULOIR12b-1024x576.jpeg\"},{\"@type\":\"BreadcrumbList\",\"@id\":\"https:\\\/\\\/olivierfelixisselin.com\\\/index.php\\\/de\\\/schwimmbecken-aus-edelstahl\\\/#breadcrumb\",\"itemListElement\":[{\"@type\":\"ListItem\",\"position\":1,\"name\":\"Accueil\",\"item\":\"https:\\\/\\\/olivierfelixisselin.com\\\/\"},{\"@type\":\"ListItem\",\"position\":2,\"name\":\"Schwimmbecken aus Edelstahl.\"}]},{\"@type\":\"WebSite\",\"@id\":\"https:\\\/\\\/olivierfelixisselin.com\\\/#website\",\"url\":\"https:\\\/\\\/olivierfelixisselin.com\\\/\",\"name\":\"Olivier Felix Isselin\",\"description\":\"- - -\",\"publisher\":{\"@id\":\"https:\\\/\\\/olivierfelixisselin.com\\\/#organization\"},\"alternateName\":\"OFI\",\"potentialAction\":[{\"@type\":\"SearchAction\",\"target\":{\"@type\":\"EntryPoint\",\"urlTemplate\":\"https:\\\/\\\/olivierfelixisselin.com\\\/?s={search_term_string}\"},\"query-input\":{\"@type\":\"PropertyValueSpecification\",\"valueRequired\":true,\"valueName\":\"search_term_string\"}}],\"inLanguage\":\"fr-FR\"},{\"@type\":\"Organization\",\"@id\":\"https:\\\/\\\/olivierfelixisselin.com\\\/#organization\",\"name\":\"Olivier Felix Isselin\",\"alternateName\":\"OFI\",\"url\":\"https:\\\/\\\/olivierfelixisselin.com\\\/\",\"logo\":{\"@type\":\"ImageObject\",\"inLanguage\":\"fr-FR\",\"@id\":\"https:\\\/\\\/olivierfelixisselin.com\\\/#\\\/schema\\\/logo\\\/image\\\/\",\"url\":\"https:\\\/\\\/olivierfelixisselin.com\\\/wp-content\\\/uploads\\\/2023\\\/05\\\/cropped-cropped-logo-fourmiliere-ikb.png\",\"contentUrl\":\"https:\\\/\\\/olivierfelixisselin.com\\\/wp-content\\\/uploads\\\/2023\\\/05\\\/cropped-cropped-logo-fourmiliere-ikb.png\",\"width\":512,\"height\":512,\"caption\":\"Olivier Felix Isselin\"},\"image\":{\"@id\":\"https:\\\/\\\/olivierfelixisselin.com\\\/#\\\/schema\\\/logo\\\/image\\\/\"},\"sameAs\":[\"https:\\\/\\\/www.facebook.com\\\/FelixIsselin\",\"https:\\\/\\\/x.com\\\/FelixISSELIN\",\"https:\\\/\\\/www.instagram.com\\\/felix.isselin\\\/\",\"https:\\\/\\\/www.linkedin.com\\\/in\\\/olivier-felix-isselin-31915b84\\\/\"]}]}<\/script>\n<!-- \/ Yoast SEO plugin. -->","yoast_head_json":{"title":"Schwimmbecken aus Edelstahl. - Olivier Felix Isselin","description":"Linoxidable\u00a9 - Schwimmbecken aus 100 % Edelstahl 316L \u2013 OFI-Design \u2013","robots":{"index":"index","follow":"follow","max-snippet":"max-snippet:-1","max-image-preview":"max-image-preview:large","max-video-preview":"max-video-preview:-1"},"canonical":"https:\/\/olivierfelixisselin.com\/index.php\/de\/schwimmbecken-aus-edelstahl\/","og_locale":"fr_FR","og_type":"article","og_title":"Schwimmbecken aus Edelstahl. - Olivier Felix Isselin","og_description":"Linoxidable\u00a9 - Schwimmbecken aus 100 % Edelstahl 316L \u2013 OFI-Design \u2013","og_url":"https:\/\/olivierfelixisselin.com\/index.php\/de\/schwimmbecken-aus-edelstahl\/","og_site_name":"Olivier Felix Isselin","article_publisher":"https:\/\/www.facebook.com\/FelixIsselin","article_modified_time":"2023-12-24T18:35:33+00:00","og_image":[{"url":"https:\/\/olivierfelixisselin.com\/wp-content\/uploads\/2023\/06\/COULOIR12b-1024x576.jpeg","type":"","width":"","height":""}],"twitter_card":"summary_large_image","twitter_site":"@FelixISSELIN","twitter_misc":{"Dur\u00e9e de lecture estim\u00e9e":"4 minutes"},"schema":{"@context":"https:\/\/schema.org","@graph":[{"@type":"WebPage","@id":"https:\/\/olivierfelixisselin.com\/index.php\/de\/schwimmbecken-aus-edelstahl\/","url":"https:\/\/olivierfelixisselin.com\/index.php\/de\/schwimmbecken-aus-edelstahl\/","name":"Schwimmbecken aus Edelstahl. - Olivier Felix Isselin","isPartOf":{"@id":"https:\/\/olivierfelixisselin.com\/#website"},"primaryImageOfPage":{"@id":"https:\/\/olivierfelixisselin.com\/index.php\/de\/schwimmbecken-aus-edelstahl\/#primaryimage"},"image":{"@id":"https:\/\/olivierfelixisselin.com\/index.php\/de\/schwimmbecken-aus-edelstahl\/#primaryimage"},"thumbnailUrl":"https:\/\/olivierfelixisselin.com\/wp-content\/uploads\/2023\/06\/COULOIR12b-1024x576.jpeg","datePublished":"2023-12-24T18:34:19+00:00","dateModified":"2023-12-24T18:35:33+00:00","description":"Linoxidable\u00a9 - Schwimmbecken aus 100 % Edelstahl 316L \u2013 OFI-Design \u2013","breadcrumb":{"@id":"https:\/\/olivierfelixisselin.com\/index.php\/de\/schwimmbecken-aus-edelstahl\/#breadcrumb"},"inLanguage":"fr-FR","potentialAction":[{"@type":"ReadAction","target":["https:\/\/olivierfelixisselin.com\/index.php\/de\/schwimmbecken-aus-edelstahl\/"]}]},{"@type":"ImageObject","inLanguage":"fr-FR","@id":"https:\/\/olivierfelixisselin.com\/index.php\/de\/schwimmbecken-aus-edelstahl\/#primaryimage","url":"https:\/\/olivierfelixisselin.com\/wp-content\/uploads\/2023\/06\/COULOIR12b-1024x576.jpeg","contentUrl":"https:\/\/olivierfelixisselin.com\/wp-content\/uploads\/2023\/06\/COULOIR12b-1024x576.jpeg"},{"@type":"BreadcrumbList","@id":"https:\/\/olivierfelixisselin.com\/index.php\/de\/schwimmbecken-aus-edelstahl\/#breadcrumb","itemListElement":[{"@type":"ListItem","position":1,"name":"Accueil","item":"https:\/\/olivierfelixisselin.com\/"},{"@type":"ListItem","position":2,"name":"Schwimmbecken aus Edelstahl."}]},{"@type":"WebSite","@id":"https:\/\/olivierfelixisselin.com\/#website","url":"https:\/\/olivierfelixisselin.com\/","name":"Olivier Felix Isselin","description":"- - -","publisher":{"@id":"https:\/\/olivierfelixisselin.com\/#organization"},"alternateName":"OFI","potentialAction":[{"@type":"SearchAction","target":{"@type":"EntryPoint","urlTemplate":"https:\/\/olivierfelixisselin.com\/?s={search_term_string}"},"query-input":{"@type":"PropertyValueSpecification","valueRequired":true,"valueName":"search_term_string"}}],"inLanguage":"fr-FR"},{"@type":"Organization","@id":"https:\/\/olivierfelixisselin.com\/#organization","name":"Olivier Felix Isselin","alternateName":"OFI","url":"https:\/\/olivierfelixisselin.com\/","logo":{"@type":"ImageObject","inLanguage":"fr-FR","@id":"https:\/\/olivierfelixisselin.com\/#\/schema\/logo\/image\/","url":"https:\/\/olivierfelixisselin.com\/wp-content\/uploads\/2023\/05\/cropped-cropped-logo-fourmiliere-ikb.png","contentUrl":"https:\/\/olivierfelixisselin.com\/wp-content\/uploads\/2023\/05\/cropped-cropped-logo-fourmiliere-ikb.png","width":512,"height":512,"caption":"Olivier Felix Isselin"},"image":{"@id":"https:\/\/olivierfelixisselin.com\/#\/schema\/logo\/image\/"},"sameAs":["https:\/\/www.facebook.com\/FelixIsselin","https:\/\/x.com\/FelixISSELIN","https:\/\/www.instagram.com\/felix.isselin\/","https:\/\/www.linkedin.com\/in\/olivier-felix-isselin-31915b84\/"]}]}},"_links":{"self":[{"href":"https:\/\/olivierfelixisselin.com\/index.php\/wp-json\/wp\/v2\/pages\/3560","targetHints":{"allow":["GET"]}}],"collection":[{"href":"https:\/\/olivierfelixisselin.com\/index.php\/wp-json\/wp\/v2\/pages"}],"about":[{"href":"https:\/\/olivierfelixisselin.com\/index.php\/wp-json\/wp\/v2\/types\/page"}],"author":[{"embeddable":true,"href":"https:\/\/olivierfelixisselin.com\/index.php\/wp-json\/wp\/v2\/users\/1"}],"replies":[{"embeddable":true,"href":"https:\/\/olivierfelixisselin.com\/index.php\/wp-json\/wp\/v2\/comments?post=3560"}],"version-history":[{"count":1,"href":"https:\/\/olivierfelixisselin.com\/index.php\/wp-json\/wp\/v2\/pages\/3560\/revisions"}],"predecessor-version":[{"id":3561,"href":"https:\/\/olivierfelixisselin.com\/index.php\/wp-json\/wp\/v2\/pages\/3560\/revisions\/3561"}],"wp:attachment":[{"href":"https:\/\/olivierfelixisselin.com\/index.php\/wp-json\/wp\/v2\/media?parent=3560"}],"curies":[{"name":"wp","href":"https:\/\/api.w.org\/{rel}","templated":true}]}}