{"id":3187,"date":"2023-12-04T09:20:48","date_gmt":"2023-12-04T08:20:48","guid":{"rendered":"https:\/\/olivierfelixisselin.com\/?page_id=3187"},"modified":"2023-12-04T09:26:52","modified_gmt":"2023-12-04T08:26:52","slug":"piscinas-de-acero-inoxidable","status":"publish","type":"page","link":"https:\/\/olivierfelixisselin.com\/index.php\/es\/piscinas-de-acero-inoxidable\/","title":{"rendered":"Piscinas de acero inoxidable"},"content":{"rendered":"\n<figure class=\"wp-block-image size-large\"><img loading=\"lazy\" decoding=\"async\" width=\"1024\" height=\"576\" src=\"https:\/\/olivierfelixisselin.com\/wp-content\/uploads\/2023\/06\/COULOIR12b-1024x576.jpeg\" alt=\"stainless steel swim lane designed by OFI \/ Linoxydable\" class=\"wp-image-2182\" srcset=\"https:\/\/olivierfelixisselin.com\/wp-content\/uploads\/2023\/06\/COULOIR12b-1024x576.jpeg 1024w, https:\/\/olivierfelixisselin.com\/wp-content\/uploads\/2023\/06\/COULOIR12b-300x169.jpeg 300w, https:\/\/olivierfelixisselin.com\/wp-content\/uploads\/2023\/06\/COULOIR12b-768x432.jpeg 768w, https:\/\/olivierfelixisselin.com\/wp-content\/uploads\/2023\/06\/COULOIR12b-1536x864.jpeg 1536w, https:\/\/olivierfelixisselin.com\/wp-content\/uploads\/2023\/06\/COULOIR12b.jpeg 1950w\" sizes=\"auto, (max-width: 1024px) 100vw, 1024px\" \/><\/figure>\n\n\n\n<div class=\"wp-block-columns is-layout-flex wp-container-core-columns-is-layout-28f84493 wp-block-columns-is-layout-flex\">\n<div class=\"wp-block-column is-layout-flow wp-block-column-is-layout-flow\">\n<p>Distribuidas bajo la marca Linoxydable, estas piscinas 100% de acero inoxidable 316L, conocidas como acero inoxidable marino, presentan formas puras (dise\u00f1adas por Olivier Felix Isselin). La fabricaci\u00f3n la realiza en Francia CDE, primer fabricante franc\u00e9s de dep\u00f3sitos de almacenamiento. El acero inoxidable y la sencillez garantizan una perfecta integraci\u00f3n en cualquier entorno, ya sean parques, peque\u00f1os jardines urbanos, villas contempor\u00e1neas o cl\u00e1sicas.<\/p>\n\n\n\n<p>Estas piscinas son monol\u00edticas y autoportantes. Todos los elementos (paredes, estructura, skimmer, jets de retorno, desag\u00fce, etc.) vienen soldados de f\u00e1brica y listos para ser conectados.<\/p>\n<\/div>\n\n\n\n<div class=\"wp-block-column is-layout-flow wp-block-column-is-layout-flow\">\n<figure class=\"wp-block-image size-large\"><img loading=\"lazy\" decoding=\"async\" width=\"1024\" height=\"576\" src=\"https:\/\/olivierfelixisselin.com\/wp-content\/uploads\/2023\/06\/CARREpi-1024x576.jpeg\" alt=\"small-inbox-square-pool-OFI\" class=\"wp-image-2181\" srcset=\"https:\/\/olivierfelixisselin.com\/wp-content\/uploads\/2023\/06\/CARREpi-1024x576.jpeg 1024w, https:\/\/olivierfelixisselin.com\/wp-content\/uploads\/2023\/06\/CARREpi-300x169.jpeg 300w, https:\/\/olivierfelixisselin.com\/wp-content\/uploads\/2023\/06\/CARREpi-768x432.jpeg 768w, https:\/\/olivierfelixisselin.com\/wp-content\/uploads\/2023\/06\/CARREpi-1536x864.jpeg 1536w, https:\/\/olivierfelixisselin.com\/wp-content\/uploads\/2023\/06\/CARREpi.jpeg 1950w\" sizes=\"auto, (max-width: 1024px) 100vw, 1024px\" \/><\/figure>\n\n\n\n<div style=\"height:30px\" aria-hidden=\"true\" class=\"wp-block-spacer\"><\/div>\n\n\n\n<figure class=\"wp-block-image size-large\"><img loading=\"lazy\" decoding=\"async\" width=\"1024\" height=\"576\" src=\"https:\/\/olivierfelixisselin.com\/wp-content\/uploads\/2023\/06\/ratioSb-copie-1024x576.jpg\" alt=\"small inox pool\" class=\"wp-image-2179\" srcset=\"https:\/\/olivierfelixisselin.com\/wp-content\/uploads\/2023\/06\/ratioSb-copie-1024x576.jpg 1024w, https:\/\/olivierfelixisselin.com\/wp-content\/uploads\/2023\/06\/ratioSb-copie-300x169.jpg 300w, https:\/\/olivierfelixisselin.com\/wp-content\/uploads\/2023\/06\/ratioSb-copie-768x432.jpg 768w, https:\/\/olivierfelixisselin.com\/wp-content\/uploads\/2023\/06\/ratioSb-copie-1536x864.jpg 1536w, https:\/\/olivierfelixisselin.com\/wp-content\/uploads\/2023\/06\/ratioSb-copie.jpg 1950w\" sizes=\"auto, (max-width: 1024px) 100vw, 1024px\" \/><\/figure>\n<\/div>\n<\/div>\n\n\n\n<div style=\"height:30px\" aria-hidden=\"true\" class=\"wp-block-spacer\"><\/div>\n\n\n\n<div class=\"wp-block-buttons is-layout-flex wp-block-buttons-is-layout-flex\">\n<div class=\"wp-block-button has-custom-width wp-block-button__width-100 is-style-outline is-style-outline--1\"><a class=\"wp-block-button__link wp-element-button\" href=\"https:\/\/linoxydablespa.com\/index.php\/es\/nuestras-piscinas-de-acero-inoxidable-316l\/\" style=\"border-radius:0px\">Descubra m\u00e1s sobre las piscinas de acero inoxidable Linoxydable<\/a><\/div>\n<\/div>\n\n\n\n<div style=\"height:30px\" aria-hidden=\"true\" class=\"wp-block-spacer\"><\/div>\n\n\n\n<figure class=\"wp-block-gallery has-nested-images columns-default is-cropped wp-block-gallery-2 is-layout-flex wp-block-gallery-is-layout-flex\">\n<figure class=\"wp-block-image size-large\"><img loading=\"lazy\" decoding=\"async\" width=\"1024\" height=\"1024\" data-id=\"2177\" src=\"https:\/\/olivierfelixisselin.com\/wp-content\/uploads\/2023\/06\/DSC_0017-1-1024x1024.jpeg\" alt=\"stainless steel swimming pool - French Riviera - OFI design\" class=\"wp-image-2177\" srcset=\"https:\/\/olivierfelixisselin.com\/wp-content\/uploads\/2023\/06\/DSC_0017-1-1024x1024.jpeg 1024w, https:\/\/olivierfelixisselin.com\/wp-content\/uploads\/2023\/06\/DSC_0017-1-300x300.jpeg 300w, https:\/\/olivierfelixisselin.com\/wp-content\/uploads\/2023\/06\/DSC_0017-1-150x150.jpeg 150w, https:\/\/olivierfelixisselin.com\/wp-content\/uploads\/2023\/06\/DSC_0017-1-768x768.jpeg 768w, https:\/\/olivierfelixisselin.com\/wp-content\/uploads\/2023\/06\/DSC_0017-1-1536x1536.jpeg 1536w, https:\/\/olivierfelixisselin.com\/wp-content\/uploads\/2023\/06\/DSC_0017-1-600x600.jpeg 600w, https:\/\/olivierfelixisselin.com\/wp-content\/uploads\/2023\/06\/DSC_0017-1.jpeg 1950w\" sizes=\"auto, (max-width: 1024px) 100vw, 1024px\" \/><\/figure>\n\n\n\n<figure class=\"wp-block-image size-large\"><img loading=\"lazy\" decoding=\"async\" width=\"1024\" height=\"1024\" data-id=\"2176\" src=\"https:\/\/olivierfelixisselin.com\/wp-content\/uploads\/2023\/06\/DSC_0020-1024x1024.jpeg\" alt=\"stainless steel swimming pool and Mediterranean garden - OFI design\" class=\"wp-image-2176\" srcset=\"https:\/\/olivierfelixisselin.com\/wp-content\/uploads\/2023\/06\/DSC_0020-1024x1024.jpeg 1024w, https:\/\/olivierfelixisselin.com\/wp-content\/uploads\/2023\/06\/DSC_0020-300x300.jpeg 300w, https:\/\/olivierfelixisselin.com\/wp-content\/uploads\/2023\/06\/DSC_0020-150x150.jpeg 150w, https:\/\/olivierfelixisselin.com\/wp-content\/uploads\/2023\/06\/DSC_0020-768x768.jpeg 768w, https:\/\/olivierfelixisselin.com\/wp-content\/uploads\/2023\/06\/DSC_0020-1536x1536.jpeg 1536w, https:\/\/olivierfelixisselin.com\/wp-content\/uploads\/2023\/06\/DSC_0020-600x600.jpeg 600w, https:\/\/olivierfelixisselin.com\/wp-content\/uploads\/2023\/06\/DSC_0020.jpeg 1950w\" sizes=\"auto, (max-width: 1024px) 100vw, 1024px\" \/><\/figure>\n\n\n\n<figure class=\"wp-block-image size-large\"><img loading=\"lazy\" decoding=\"async\" width=\"1024\" height=\"577\" data-id=\"2180\" src=\"https:\/\/olivierfelixisselin.com\/wp-content\/uploads\/2023\/06\/DSC_0028-1024x577.jpeg\" alt=\"stainless-steel-pool-french-riviera-OFI\" class=\"wp-image-2180\" srcset=\"https:\/\/olivierfelixisselin.com\/wp-content\/uploads\/2023\/06\/DSC_0028-1024x577.jpeg 1024w, https:\/\/olivierfelixisselin.com\/wp-content\/uploads\/2023\/06\/DSC_0028-300x169.jpeg 300w, https:\/\/olivierfelixisselin.com\/wp-content\/uploads\/2023\/06\/DSC_0028-768x433.jpeg 768w, https:\/\/olivierfelixisselin.com\/wp-content\/uploads\/2023\/06\/DSC_0028-1536x866.jpeg 1536w, https:\/\/olivierfelixisselin.com\/wp-content\/uploads\/2023\/06\/DSC_0028.jpeg 1950w\" sizes=\"auto, (max-width: 1024px) 100vw, 1024px\" \/><\/figure>\n\n\n\n<figure class=\"wp-block-image size-large\"><img loading=\"lazy\" decoding=\"async\" width=\"1024\" height=\"1024\" data-id=\"2178\" src=\"https:\/\/olivierfelixisselin.com\/wp-content\/uploads\/2023\/06\/DSC_0023-1024x1024.jpeg\" alt=\"reflection of nature on inox pool - OFI design\" class=\"wp-image-2178\" srcset=\"https:\/\/olivierfelixisselin.com\/wp-content\/uploads\/2023\/06\/DSC_0023-1024x1024.jpeg 1024w, https:\/\/olivierfelixisselin.com\/wp-content\/uploads\/2023\/06\/DSC_0023-300x300.jpeg 300w, https:\/\/olivierfelixisselin.com\/wp-content\/uploads\/2023\/06\/DSC_0023-150x150.jpeg 150w, https:\/\/olivierfelixisselin.com\/wp-content\/uploads\/2023\/06\/DSC_0023-768x768.jpeg 768w, https:\/\/olivierfelixisselin.com\/wp-content\/uploads\/2023\/06\/DSC_0023-1536x1536.jpeg 1536w, https:\/\/olivierfelixisselin.com\/wp-content\/uploads\/2023\/06\/DSC_0023-600x600.jpeg 600w, https:\/\/olivierfelixisselin.com\/wp-content\/uploads\/2023\/06\/DSC_0023.jpeg 1950w\" sizes=\"auto, (max-width: 1024px) 100vw, 1024px\" \/><\/figure>\n<\/figure>\n\n\n\n<hr class=\"wp-block-separator has-text-color has-emperor-color has-alpha-channel-opacity has-emperor-background-color has-background is-style-wide\"\/>\n\n\n\n<div class=\"wp-block-columns is-layout-flex wp-container-core-columns-is-layout-28f84493 wp-block-columns-is-layout-flex\">\n<div class=\"wp-block-column is-layout-flow wp-block-column-is-layout-flow\">\n<p><a href=\"https:\/\/olivierfelixisselin.com\/index.php\/es\/\">&lt;&lt;&lt; INICIO<\/a><\/p>\n<\/div>\n\n\n\n<div class=\"wp-block-column is-layout-flow wp-block-column-is-layout-flow\">\n<div class=\"wp-block-columns is-layout-flex wp-container-core-columns-is-layout-28f84493 wp-block-columns-is-layout-flex\">\n<div class=\"wp-block-column is-layout-flow wp-block-column-is-layout-flow\"><div class=\"wp-block-image\">\n<figure class=\"aligncenter size-full is-resized\"><a href=\"https:\/\/www.instagram.com\/felix.isselin\/\"><img loading=\"lazy\" decoding=\"async\" width=\"180\" height=\"180\" src=\"https:\/\/olivierfelixisselin.com\/wp-content\/uploads\/2023\/06\/insta-1.jpg\" alt=\"instagram link Olivier Felix Isselin\" class=\"wp-image-2173\" style=\"object-fit:cover;width:40px;height:40px\" srcset=\"https:\/\/olivierfelixisselin.com\/wp-content\/uploads\/2023\/06\/insta-1.jpg 180w, https:\/\/olivierfelixisselin.com\/wp-content\/uploads\/2023\/06\/insta-1-150x150.jpg 150w\" sizes=\"auto, (max-width: 180px) 100vw, 180px\" \/><\/a><\/figure>\n<\/div><\/div>\n\n\n\n<div class=\"wp-block-column is-layout-flow wp-block-column-is-layout-flow\"><div class=\"wp-block-image\">\n<figure class=\"aligncenter size-full is-resized\"><a href=\"https:\/\/www.facebook.com\/FelixIsselin\/\"><img loading=\"lazy\" decoding=\"async\" width=\"180\" height=\"180\" src=\"https:\/\/olivierfelixisselin.com\/wp-content\/uploads\/2023\/06\/logo-fcbk.jpg\" alt=\"\" class=\"wp-image-2174\" style=\"object-fit:cover;width:40px;height:40px\" srcset=\"https:\/\/olivierfelixisselin.com\/wp-content\/uploads\/2023\/06\/logo-fcbk.jpg 180w, https:\/\/olivierfelixisselin.com\/wp-content\/uploads\/2023\/06\/logo-fcbk-150x150.jpg 150w\" sizes=\"auto, (max-width: 180px) 100vw, 180px\" \/><\/a><\/figure>\n<\/div><\/div>\n\n\n\n<div class=\"wp-block-column is-layout-flow wp-block-column-is-layout-flow\"><div class=\"wp-block-image\">\n<figure class=\"aligncenter size-full is-resized\"><a href=\"https:\/\/www.linkedin.com\/in\/olivier-felix-isselin-31915b84\/\"><img loading=\"lazy\" decoding=\"async\" width=\"180\" height=\"180\" src=\"https:\/\/olivierfelixisselin.com\/wp-content\/uploads\/2023\/06\/lkdn.jpg\" alt=\"\" class=\"wp-image-2175\" style=\"object-fit:cover;width:40px;height:40px\" srcset=\"https:\/\/olivierfelixisselin.com\/wp-content\/uploads\/2023\/06\/lkdn.jpg 180w, https:\/\/olivierfelixisselin.com\/wp-content\/uploads\/2023\/06\/lkdn-150x150.jpg 150w\" sizes=\"auto, (max-width: 180px) 100vw, 180px\" \/><\/a><\/figure>\n<\/div><\/div>\n<\/div>\n<\/div>\n\n\n\n<div class=\"wp-block-column is-layout-flow wp-block-column-is-layout-flow\">\n<div class=\"wp-block-columns is-layout-flex wp-container-core-columns-is-layout-28f84493 wp-block-columns-is-layout-flex\">\n<div class=\"wp-block-column is-layout-flow wp-block-column-is-layout-flow\"><\/div>\n\n\n\n<div class=\"wp-block-column is-layout-flow wp-block-column-is-layout-flow\"><div class=\"wp-block-image\">\n<figure class=\"aligncenter size-full is-resized\"><a href=\"https:\/\/olivierfelixisselin.com\/index.php\/les-piscines-inox-olivier-felix-isselin\/\"><img loading=\"lazy\" decoding=\"async\" width=\"50\" height=\"26\" src=\"https:\/\/olivierfelixisselin.com\/wp-content\/uploads\/2023\/06\/france.png\" alt=\"\" class=\"wp-image-2157\" style=\"object-fit:cover;width:38px;height:20px\"\/><\/a><\/figure>\n<\/div><\/div>\n\n\n\n<div class=\"wp-block-column is-layout-flow wp-block-column-is-layout-flow\"><div class=\"wp-block-image\">\n<figure class=\"aligncenter size-full is-resized\"><a href=\"https:\/\/olivierfelixisselin.com\/index.php\/en\/stainless-steel-pools\/\"><img loading=\"lazy\" decoding=\"async\" width=\"50\" height=\"26\" src=\"https:\/\/olivierfelixisselin.com\/wp-content\/uploads\/2023\/06\/UK.png\" alt=\"\" class=\"wp-image-2158\" style=\"object-fit:cover;width:38px;height:20px\"\/><\/a><\/figure>\n<\/div><\/div>\n<\/div>\n<\/div>\n<\/div>\n","protected":false},"excerpt":{"rendered":"<p>Distribuidas bajo la marca Linoxydable, estas piscinas 100% de acero inoxidable 316L, conocidas como acero [&hellip;]<\/p>\n","protected":false},"author":1,"featured_media":0,"parent":0,"menu_order":0,"comment_status":"closed","ping_status":"closed","template":"","meta":{"footnotes":""},"class_list":["post-3187","page","type-page","status-publish","hentry"],"yoast_head":"<!-- This site is optimized with the Yoast SEO plugin v27.4 - https:\/\/yoast.com\/product\/yoast-seo-wordpress\/ -->\n<title>Piscinas de acero inoxidable dise\u00f1adas por Olivier Felix Isselin<\/title>\n<meta name=\"description\" content=\"Linoxydable\u00a9 100% acero inoxidable AISI 316L - Distribuidas bajo la marca Linoxydable, estas piscinas presentan formas puras.\" \/>\n<meta name=\"robots\" content=\"index, follow, max-snippet:-1, max-image-preview:large, max-video-preview:-1\" \/>\n<link rel=\"canonical\" href=\"https:\/\/olivierfelixisselin.com\/index.php\/es\/piscinas-de-acero-inoxidable\/\" \/>\n<meta property=\"og:locale\" content=\"fr_FR\" \/>\n<meta property=\"og:type\" content=\"article\" \/>\n<meta property=\"og:title\" content=\"Piscinas de acero inoxidable dise\u00f1adas por Olivier Felix Isselin\" \/>\n<meta property=\"og:description\" content=\"Linoxydable\u00a9 100% acero inoxidable AISI 316L - Distribuidas bajo la marca Linoxydable, estas piscinas presentan formas puras.\" \/>\n<meta property=\"og:url\" content=\"https:\/\/olivierfelixisselin.com\/index.php\/es\/piscinas-de-acero-inoxidable\/\" \/>\n<meta property=\"og:site_name\" content=\"Olivier Felix Isselin\" \/>\n<meta property=\"article:publisher\" content=\"https:\/\/www.facebook.com\/FelixIsselin\" \/>\n<meta property=\"article:modified_time\" content=\"2023-12-04T08:26:52+00:00\" \/>\n<meta property=\"og:image\" content=\"https:\/\/olivierfelixisselin.com\/wp-content\/uploads\/2023\/06\/COULOIR12b-1024x576.jpeg\" \/>\n<meta name=\"twitter:card\" content=\"summary_large_image\" \/>\n<meta name=\"twitter:site\" content=\"@FelixISSELIN\" \/>\n<meta name=\"twitter:label1\" content=\"Dur\u00e9e de lecture estim\u00e9e\" \/>\n\t<meta name=\"twitter:data1\" content=\"3 minutes\" \/>\n<script type=\"application\/ld+json\" class=\"yoast-schema-graph\">{\"@context\":\"https:\\\/\\\/schema.org\",\"@graph\":[{\"@type\":\"WebPage\",\"@id\":\"https:\\\/\\\/olivierfelixisselin.com\\\/index.php\\\/es\\\/piscinas-de-acero-inoxidable\\\/\",\"url\":\"https:\\\/\\\/olivierfelixisselin.com\\\/index.php\\\/es\\\/piscinas-de-acero-inoxidable\\\/\",\"name\":\"Piscinas de acero inoxidable dise\u00f1adas por Olivier Felix Isselin\",\"isPartOf\":{\"@id\":\"https:\\\/\\\/olivierfelixisselin.com\\\/#website\"},\"primaryImageOfPage\":{\"@id\":\"https:\\\/\\\/olivierfelixisselin.com\\\/index.php\\\/es\\\/piscinas-de-acero-inoxidable\\\/#primaryimage\"},\"image\":{\"@id\":\"https:\\\/\\\/olivierfelixisselin.com\\\/index.php\\\/es\\\/piscinas-de-acero-inoxidable\\\/#primaryimage\"},\"thumbnailUrl\":\"https:\\\/\\\/olivierfelixisselin.com\\\/wp-content\\\/uploads\\\/2023\\\/06\\\/COULOIR12b-1024x576.jpeg\",\"datePublished\":\"2023-12-04T08:20:48+00:00\",\"dateModified\":\"2023-12-04T08:26:52+00:00\",\"description\":\"Linoxydable\u00a9 100% acero inoxidable AISI 316L - Distribuidas bajo la marca Linoxydable, estas piscinas presentan formas puras.\",\"breadcrumb\":{\"@id\":\"https:\\\/\\\/olivierfelixisselin.com\\\/index.php\\\/es\\\/piscinas-de-acero-inoxidable\\\/#breadcrumb\"},\"inLanguage\":\"fr-FR\",\"potentialAction\":[{\"@type\":\"ReadAction\",\"target\":[\"https:\\\/\\\/olivierfelixisselin.com\\\/index.php\\\/es\\\/piscinas-de-acero-inoxidable\\\/\"]}]},{\"@type\":\"ImageObject\",\"inLanguage\":\"fr-FR\",\"@id\":\"https:\\\/\\\/olivierfelixisselin.com\\\/index.php\\\/es\\\/piscinas-de-acero-inoxidable\\\/#primaryimage\",\"url\":\"https:\\\/\\\/olivierfelixisselin.com\\\/wp-content\\\/uploads\\\/2023\\\/06\\\/COULOIR12b-1024x576.jpeg\",\"contentUrl\":\"https:\\\/\\\/olivierfelixisselin.com\\\/wp-content\\\/uploads\\\/2023\\\/06\\\/COULOIR12b-1024x576.jpeg\"},{\"@type\":\"BreadcrumbList\",\"@id\":\"https:\\\/\\\/olivierfelixisselin.com\\\/index.php\\\/es\\\/piscinas-de-acero-inoxidable\\\/#breadcrumb\",\"itemListElement\":[{\"@type\":\"ListItem\",\"position\":1,\"name\":\"Accueil\",\"item\":\"https:\\\/\\\/olivierfelixisselin.com\\\/\"},{\"@type\":\"ListItem\",\"position\":2,\"name\":\"Piscinas de acero inoxidable\"}]},{\"@type\":\"WebSite\",\"@id\":\"https:\\\/\\\/olivierfelixisselin.com\\\/#website\",\"url\":\"https:\\\/\\\/olivierfelixisselin.com\\\/\",\"name\":\"Olivier Felix Isselin\",\"description\":\"- - -\",\"publisher\":{\"@id\":\"https:\\\/\\\/olivierfelixisselin.com\\\/#organization\"},\"alternateName\":\"OFI\",\"potentialAction\":[{\"@type\":\"SearchAction\",\"target\":{\"@type\":\"EntryPoint\",\"urlTemplate\":\"https:\\\/\\\/olivierfelixisselin.com\\\/?s={search_term_string}\"},\"query-input\":{\"@type\":\"PropertyValueSpecification\",\"valueRequired\":true,\"valueName\":\"search_term_string\"}}],\"inLanguage\":\"fr-FR\"},{\"@type\":\"Organization\",\"@id\":\"https:\\\/\\\/olivierfelixisselin.com\\\/#organization\",\"name\":\"Olivier Felix Isselin\",\"alternateName\":\"OFI\",\"url\":\"https:\\\/\\\/olivierfelixisselin.com\\\/\",\"logo\":{\"@type\":\"ImageObject\",\"inLanguage\":\"fr-FR\",\"@id\":\"https:\\\/\\\/olivierfelixisselin.com\\\/#\\\/schema\\\/logo\\\/image\\\/\",\"url\":\"https:\\\/\\\/olivierfelixisselin.com\\\/wp-content\\\/uploads\\\/2023\\\/05\\\/cropped-cropped-logo-fourmiliere-ikb.png\",\"contentUrl\":\"https:\\\/\\\/olivierfelixisselin.com\\\/wp-content\\\/uploads\\\/2023\\\/05\\\/cropped-cropped-logo-fourmiliere-ikb.png\",\"width\":512,\"height\":512,\"caption\":\"Olivier Felix Isselin\"},\"image\":{\"@id\":\"https:\\\/\\\/olivierfelixisselin.com\\\/#\\\/schema\\\/logo\\\/image\\\/\"},\"sameAs\":[\"https:\\\/\\\/www.facebook.com\\\/FelixIsselin\",\"https:\\\/\\\/x.com\\\/FelixISSELIN\",\"https:\\\/\\\/www.instagram.com\\\/felix.isselin\\\/\",\"https:\\\/\\\/www.linkedin.com\\\/in\\\/olivier-felix-isselin-31915b84\\\/\"]}]}<\/script>\n<!-- \/ Yoast SEO plugin. -->","yoast_head_json":{"title":"Piscinas de acero inoxidable dise\u00f1adas por Olivier Felix Isselin","description":"Linoxydable\u00a9 100% acero inoxidable AISI 316L - Distribuidas bajo la marca Linoxydable, estas piscinas presentan formas puras.","robots":{"index":"index","follow":"follow","max-snippet":"max-snippet:-1","max-image-preview":"max-image-preview:large","max-video-preview":"max-video-preview:-1"},"canonical":"https:\/\/olivierfelixisselin.com\/index.php\/es\/piscinas-de-acero-inoxidable\/","og_locale":"fr_FR","og_type":"article","og_title":"Piscinas de acero inoxidable dise\u00f1adas por Olivier Felix Isselin","og_description":"Linoxydable\u00a9 100% acero inoxidable AISI 316L - Distribuidas bajo la marca Linoxydable, estas piscinas presentan formas puras.","og_url":"https:\/\/olivierfelixisselin.com\/index.php\/es\/piscinas-de-acero-inoxidable\/","og_site_name":"Olivier Felix Isselin","article_publisher":"https:\/\/www.facebook.com\/FelixIsselin","article_modified_time":"2023-12-04T08:26:52+00:00","og_image":[{"url":"https:\/\/olivierfelixisselin.com\/wp-content\/uploads\/2023\/06\/COULOIR12b-1024x576.jpeg","type":"","width":"","height":""}],"twitter_card":"summary_large_image","twitter_site":"@FelixISSELIN","twitter_misc":{"Dur\u00e9e de lecture estim\u00e9e":"3 minutes"},"schema":{"@context":"https:\/\/schema.org","@graph":[{"@type":"WebPage","@id":"https:\/\/olivierfelixisselin.com\/index.php\/es\/piscinas-de-acero-inoxidable\/","url":"https:\/\/olivierfelixisselin.com\/index.php\/es\/piscinas-de-acero-inoxidable\/","name":"Piscinas de acero inoxidable dise\u00f1adas por Olivier Felix Isselin","isPartOf":{"@id":"https:\/\/olivierfelixisselin.com\/#website"},"primaryImageOfPage":{"@id":"https:\/\/olivierfelixisselin.com\/index.php\/es\/piscinas-de-acero-inoxidable\/#primaryimage"},"image":{"@id":"https:\/\/olivierfelixisselin.com\/index.php\/es\/piscinas-de-acero-inoxidable\/#primaryimage"},"thumbnailUrl":"https:\/\/olivierfelixisselin.com\/wp-content\/uploads\/2023\/06\/COULOIR12b-1024x576.jpeg","datePublished":"2023-12-04T08:20:48+00:00","dateModified":"2023-12-04T08:26:52+00:00","description":"Linoxydable\u00a9 100% acero inoxidable AISI 316L - Distribuidas bajo la marca Linoxydable, estas piscinas presentan formas puras.","breadcrumb":{"@id":"https:\/\/olivierfelixisselin.com\/index.php\/es\/piscinas-de-acero-inoxidable\/#breadcrumb"},"inLanguage":"fr-FR","potentialAction":[{"@type":"ReadAction","target":["https:\/\/olivierfelixisselin.com\/index.php\/es\/piscinas-de-acero-inoxidable\/"]}]},{"@type":"ImageObject","inLanguage":"fr-FR","@id":"https:\/\/olivierfelixisselin.com\/index.php\/es\/piscinas-de-acero-inoxidable\/#primaryimage","url":"https:\/\/olivierfelixisselin.com\/wp-content\/uploads\/2023\/06\/COULOIR12b-1024x576.jpeg","contentUrl":"https:\/\/olivierfelixisselin.com\/wp-content\/uploads\/2023\/06\/COULOIR12b-1024x576.jpeg"},{"@type":"BreadcrumbList","@id":"https:\/\/olivierfelixisselin.com\/index.php\/es\/piscinas-de-acero-inoxidable\/#breadcrumb","itemListElement":[{"@type":"ListItem","position":1,"name":"Accueil","item":"https:\/\/olivierfelixisselin.com\/"},{"@type":"ListItem","position":2,"name":"Piscinas de acero inoxidable"}]},{"@type":"WebSite","@id":"https:\/\/olivierfelixisselin.com\/#website","url":"https:\/\/olivierfelixisselin.com\/","name":"Olivier Felix Isselin","description":"- - -","publisher":{"@id":"https:\/\/olivierfelixisselin.com\/#organization"},"alternateName":"OFI","potentialAction":[{"@type":"SearchAction","target":{"@type":"EntryPoint","urlTemplate":"https:\/\/olivierfelixisselin.com\/?s={search_term_string}"},"query-input":{"@type":"PropertyValueSpecification","valueRequired":true,"valueName":"search_term_string"}}],"inLanguage":"fr-FR"},{"@type":"Organization","@id":"https:\/\/olivierfelixisselin.com\/#organization","name":"Olivier Felix Isselin","alternateName":"OFI","url":"https:\/\/olivierfelixisselin.com\/","logo":{"@type":"ImageObject","inLanguage":"fr-FR","@id":"https:\/\/olivierfelixisselin.com\/#\/schema\/logo\/image\/","url":"https:\/\/olivierfelixisselin.com\/wp-content\/uploads\/2023\/05\/cropped-cropped-logo-fourmiliere-ikb.png","contentUrl":"https:\/\/olivierfelixisselin.com\/wp-content\/uploads\/2023\/05\/cropped-cropped-logo-fourmiliere-ikb.png","width":512,"height":512,"caption":"Olivier Felix Isselin"},"image":{"@id":"https:\/\/olivierfelixisselin.com\/#\/schema\/logo\/image\/"},"sameAs":["https:\/\/www.facebook.com\/FelixIsselin","https:\/\/x.com\/FelixISSELIN","https:\/\/www.instagram.com\/felix.isselin\/","https:\/\/www.linkedin.com\/in\/olivier-felix-isselin-31915b84\/"]}]}},"_links":{"self":[{"href":"https:\/\/olivierfelixisselin.com\/index.php\/wp-json\/wp\/v2\/pages\/3187","targetHints":{"allow":["GET"]}}],"collection":[{"href":"https:\/\/olivierfelixisselin.com\/index.php\/wp-json\/wp\/v2\/pages"}],"about":[{"href":"https:\/\/olivierfelixisselin.com\/index.php\/wp-json\/wp\/v2\/types\/page"}],"author":[{"embeddable":true,"href":"https:\/\/olivierfelixisselin.com\/index.php\/wp-json\/wp\/v2\/users\/1"}],"replies":[{"embeddable":true,"href":"https:\/\/olivierfelixisselin.com\/index.php\/wp-json\/wp\/v2\/comments?post=3187"}],"version-history":[{"count":2,"href":"https:\/\/olivierfelixisselin.com\/index.php\/wp-json\/wp\/v2\/pages\/3187\/revisions"}],"predecessor-version":[{"id":3190,"href":"https:\/\/olivierfelixisselin.com\/index.php\/wp-json\/wp\/v2\/pages\/3187\/revisions\/3190"}],"wp:attachment":[{"href":"https:\/\/olivierfelixisselin.com\/index.php\/wp-json\/wp\/v2\/media?parent=3187"}],"curies":[{"name":"wp","href":"https:\/\/api.w.org\/{rel}","templated":true}]}}