{"id":2924,"date":"2023-11-06T20:52:54","date_gmt":"2023-11-06T19:52:54","guid":{"rendered":"https:\/\/olivierfelixisselin.com\/?page_id=2924"},"modified":"2023-11-06T20:53:58","modified_gmt":"2023-11-06T19:53:58","slug":"piscinas-em-inox","status":"publish","type":"page","link":"https:\/\/olivierfelixisselin.com\/index.php\/pt\/piscinas-em-inox\/","title":{"rendered":"Piscinas em inox."},"content":{"rendered":"\n<figure class=\"wp-block-image size-large\"><img loading=\"lazy\" decoding=\"async\" width=\"1024\" height=\"576\" src=\"https:\/\/olivierfelixisselin.com\/wp-content\/uploads\/2023\/06\/COULOIR12b-1024x576.jpeg\" alt=\"stainless steel swim lane designed by OFI \/ Linoxydable\" class=\"wp-image-2816\" srcset=\"https:\/\/olivierfelixisselin.com\/wp-content\/uploads\/2023\/06\/COULOIR12b-1024x576.jpeg 1024w, https:\/\/olivierfelixisselin.com\/wp-content\/uploads\/2023\/06\/COULOIR12b-300x169.jpeg 300w, https:\/\/olivierfelixisselin.com\/wp-content\/uploads\/2023\/06\/COULOIR12b-768x432.jpeg 768w, https:\/\/olivierfelixisselin.com\/wp-content\/uploads\/2023\/06\/COULOIR12b-1536x864.jpeg 1536w, https:\/\/olivierfelixisselin.com\/wp-content\/uploads\/2023\/06\/COULOIR12b.jpeg 1950w\" sizes=\"auto, (max-width: 1024px) 100vw, 1024px\" \/><\/figure>\n\n\n\n<div class=\"wp-block-columns is-layout-flex wp-container-core-columns-is-layout-28f84493 wp-block-columns-is-layout-flex\">\n<div class=\"wp-block-column is-layout-flow wp-block-column-is-layout-flow\">\n<p>Distribu\u00eddas sob a marca Linoxydable, estas piscinas s\u00e3o fabricadas 100% em a\u00e7o inoxid\u00e1vel 316L, conhecido como a\u00e7o inoxid\u00e1vel marinho de formas puras (design Olivier Felix Isselin). A fabrica\u00e7\u00e3o \u00e9 realizada na Fran\u00e7a pela CDE, principal fabricante franc\u00eas de tanques de armazenamento. O a\u00e7o inoxid\u00e1vel e a sobriedade s\u00e3o a garantia de uma integra\u00e7\u00e3o perfeita em qualquer ambiente: parques, pequenos jardins na cidade, moradias contempor\u00e2neas ou cl\u00e1ssicas\u2026<\/p>\n\n\n\n<p>Estas bacias s\u00e3o inteiri\u00e7as e autoportantes. Todos os elementos (paredes, estrutura, skimmer, bocais de descarga, dreno, etc.) s\u00e3o soldados de f\u00e1brica e prontos para serem conectados.<\/p>\n<\/div>\n\n\n\n<div class=\"wp-block-column is-layout-flow wp-block-column-is-layout-flow\">\n<figure class=\"wp-block-image size-large\"><img loading=\"lazy\" decoding=\"async\" width=\"1024\" height=\"576\" src=\"https:\/\/olivierfelixisselin.com\/wp-content\/uploads\/2023\/06\/CARREpi-1024x576.jpeg\" alt=\"small-inbox-square-pool-OFI\" class=\"wp-image-2818\" srcset=\"https:\/\/olivierfelixisselin.com\/wp-content\/uploads\/2023\/06\/CARREpi-1024x576.jpeg 1024w, https:\/\/olivierfelixisselin.com\/wp-content\/uploads\/2023\/06\/CARREpi-300x169.jpeg 300w, https:\/\/olivierfelixisselin.com\/wp-content\/uploads\/2023\/06\/CARREpi-768x432.jpeg 768w, https:\/\/olivierfelixisselin.com\/wp-content\/uploads\/2023\/06\/CARREpi-1536x864.jpeg 1536w, https:\/\/olivierfelixisselin.com\/wp-content\/uploads\/2023\/06\/CARREpi.jpeg 1950w\" sizes=\"auto, (max-width: 1024px) 100vw, 1024px\" \/><\/figure>\n\n\n\n<figure class=\"wp-block-image size-large\"><img loading=\"lazy\" decoding=\"async\" width=\"1024\" height=\"576\" src=\"https:\/\/olivierfelixisselin.com\/wp-content\/uploads\/2023\/06\/ratioSb-copie-1024x576.jpg\" alt=\"small inox pool\" class=\"wp-image-2822\" srcset=\"https:\/\/olivierfelixisselin.com\/wp-content\/uploads\/2023\/06\/ratioSb-copie-1024x576.jpg 1024w, https:\/\/olivierfelixisselin.com\/wp-content\/uploads\/2023\/06\/ratioSb-copie-300x169.jpg 300w, https:\/\/olivierfelixisselin.com\/wp-content\/uploads\/2023\/06\/ratioSb-copie-768x432.jpg 768w, https:\/\/olivierfelixisselin.com\/wp-content\/uploads\/2023\/06\/ratioSb-copie-1536x864.jpg 1536w, https:\/\/olivierfelixisselin.com\/wp-content\/uploads\/2023\/06\/ratioSb-copie.jpg 1950w\" sizes=\"auto, (max-width: 1024px) 100vw, 1024px\" \/><\/figure>\n<\/div>\n<\/div>\n\n\n\n<figure class=\"wp-block-image size-large\"><img loading=\"lazy\" decoding=\"async\" width=\"1024\" height=\"577\" src=\"https:\/\/olivierfelixisselin.com\/wp-content\/uploads\/2023\/06\/DSC_0028-1024x577.jpeg\" alt=\"stainless-steel-pool-french-riviera-OFI\" class=\"wp-image-2820\" srcset=\"https:\/\/olivierfelixisselin.com\/wp-content\/uploads\/2023\/06\/DSC_0028-1024x577.jpeg 1024w, https:\/\/olivierfelixisselin.com\/wp-content\/uploads\/2023\/06\/DSC_0028-300x169.jpeg 300w, https:\/\/olivierfelixisselin.com\/wp-content\/uploads\/2023\/06\/DSC_0028-768x433.jpeg 768w, https:\/\/olivierfelixisselin.com\/wp-content\/uploads\/2023\/06\/DSC_0028-1536x866.jpeg 1536w, https:\/\/olivierfelixisselin.com\/wp-content\/uploads\/2023\/06\/DSC_0028.jpeg 1950w\" sizes=\"auto, (max-width: 1024px) 100vw, 1024px\" \/><\/figure>\n\n\n\n<div class=\"wp-block-columns is-layout-flex wp-container-core-columns-is-layout-28f84493 wp-block-columns-is-layout-flex\">\n<div class=\"wp-block-column is-layout-flow wp-block-column-is-layout-flow\">\n<figure class=\"wp-block-image size-large\"><img loading=\"lazy\" decoding=\"async\" width=\"1024\" height=\"1024\" src=\"https:\/\/olivierfelixisselin.com\/wp-content\/uploads\/2023\/06\/DSC_0023-1024x1024.jpeg\" alt=\"reflection of nature on inox pool - OFI design\" class=\"wp-image-2824\" srcset=\"https:\/\/olivierfelixisselin.com\/wp-content\/uploads\/2023\/06\/DSC_0023-1024x1024.jpeg 1024w, https:\/\/olivierfelixisselin.com\/wp-content\/uploads\/2023\/06\/DSC_0023-300x300.jpeg 300w, https:\/\/olivierfelixisselin.com\/wp-content\/uploads\/2023\/06\/DSC_0023-150x150.jpeg 150w, https:\/\/olivierfelixisselin.com\/wp-content\/uploads\/2023\/06\/DSC_0023-768x768.jpeg 768w, https:\/\/olivierfelixisselin.com\/wp-content\/uploads\/2023\/06\/DSC_0023-1536x1536.jpeg 1536w, https:\/\/olivierfelixisselin.com\/wp-content\/uploads\/2023\/06\/DSC_0023-600x600.jpeg 600w, https:\/\/olivierfelixisselin.com\/wp-content\/uploads\/2023\/06\/DSC_0023.jpeg 1950w\" sizes=\"auto, (max-width: 1024px) 100vw, 1024px\" \/><\/figure>\n<\/div>\n\n\n\n<div class=\"wp-block-column is-layout-flow wp-block-column-is-layout-flow\">\n<figure class=\"wp-block-image size-large\"><img loading=\"lazy\" decoding=\"async\" width=\"1024\" height=\"1024\" src=\"https:\/\/olivierfelixisselin.com\/wp-content\/uploads\/2023\/06\/DSC_0017-1-1024x1024.jpeg\" alt=\"stainless steel swimming pool - French Riviera - OFI design\" class=\"wp-image-2826\" srcset=\"https:\/\/olivierfelixisselin.com\/wp-content\/uploads\/2023\/06\/DSC_0017-1-1024x1024.jpeg 1024w, https:\/\/olivierfelixisselin.com\/wp-content\/uploads\/2023\/06\/DSC_0017-1-300x300.jpeg 300w, https:\/\/olivierfelixisselin.com\/wp-content\/uploads\/2023\/06\/DSC_0017-1-150x150.jpeg 150w, https:\/\/olivierfelixisselin.com\/wp-content\/uploads\/2023\/06\/DSC_0017-1-768x768.jpeg 768w, https:\/\/olivierfelixisselin.com\/wp-content\/uploads\/2023\/06\/DSC_0017-1-1536x1536.jpeg 1536w, https:\/\/olivierfelixisselin.com\/wp-content\/uploads\/2023\/06\/DSC_0017-1-600x600.jpeg 600w, https:\/\/olivierfelixisselin.com\/wp-content\/uploads\/2023\/06\/DSC_0017-1.jpeg 1950w\" sizes=\"auto, (max-width: 1024px) 100vw, 1024px\" \/><\/figure>\n<\/div>\n\n\n\n<div class=\"wp-block-column is-layout-flow wp-block-column-is-layout-flow\">\n<figure class=\"wp-block-image size-large\"><img loading=\"lazy\" decoding=\"async\" width=\"1024\" height=\"1024\" src=\"https:\/\/olivierfelixisselin.com\/wp-content\/uploads\/2023\/06\/DSC_0020-1024x1024.jpeg\" alt=\"stainless steel swimming pool and Mediterranean garden - OFI design\" class=\"wp-image-2828\" srcset=\"https:\/\/olivierfelixisselin.com\/wp-content\/uploads\/2023\/06\/DSC_0020-1024x1024.jpeg 1024w, https:\/\/olivierfelixisselin.com\/wp-content\/uploads\/2023\/06\/DSC_0020-300x300.jpeg 300w, https:\/\/olivierfelixisselin.com\/wp-content\/uploads\/2023\/06\/DSC_0020-150x150.jpeg 150w, https:\/\/olivierfelixisselin.com\/wp-content\/uploads\/2023\/06\/DSC_0020-768x768.jpeg 768w, https:\/\/olivierfelixisselin.com\/wp-content\/uploads\/2023\/06\/DSC_0020-1536x1536.jpeg 1536w, https:\/\/olivierfelixisselin.com\/wp-content\/uploads\/2023\/06\/DSC_0020-600x600.jpeg 600w, https:\/\/olivierfelixisselin.com\/wp-content\/uploads\/2023\/06\/DSC_0020.jpeg 1950w\" sizes=\"auto, (max-width: 1024px) 100vw, 1024px\" \/><\/figure>\n<\/div>\n<\/div>\n\n\n\n<hr class=\"wp-block-separator has-text-color has-black-color has-alpha-channel-opacity has-black-background-color has-background is-style-wide\"\/>\n\n\n\n<div class=\"wp-block-columns is-layout-flex wp-container-core-columns-is-layout-28f84493 wp-block-columns-is-layout-flex\">\n<div class=\"wp-block-column is-layout-flow wp-block-column-is-layout-flow\">\n<p><a href=\"https:\/\/olivierfelixisselin.com\/index.php\/pt\/\">&lt;&lt;&lt; Voltar \u00e0 p\u00e1gina inicial<\/a><\/p>\n<\/div>\n\n\n\n<div class=\"wp-block-column is-layout-flow wp-block-column-is-layout-flow\">\n<div class=\"wp-block-columns is-layout-flex wp-container-core-columns-is-layout-28f84493 wp-block-columns-is-layout-flex\">\n<div class=\"wp-block-column is-layout-flow wp-block-column-is-layout-flow\">\n<figure class=\"wp-block-image size-full is-resized\"><a href=\"https:\/\/www.instagram.com\/felix.isselin\/\"><img loading=\"lazy\" decoding=\"async\" width=\"180\" height=\"180\" src=\"https:\/\/olivierfelixisselin.com\/wp-content\/uploads\/2023\/06\/insta-1.jpg\" alt=\"instagram link Olivier Felix Isselin\" class=\"wp-image-2379\" style=\"object-fit:cover;width:45px;height:45px\" srcset=\"https:\/\/olivierfelixisselin.com\/wp-content\/uploads\/2023\/06\/insta-1.jpg 180w, https:\/\/olivierfelixisselin.com\/wp-content\/uploads\/2023\/06\/insta-1-150x150.jpg 150w\" sizes=\"auto, (max-width: 180px) 100vw, 180px\" \/><\/a><\/figure>\n<\/div>\n\n\n\n<div class=\"wp-block-column is-layout-flow wp-block-column-is-layout-flow\">\n<figure class=\"wp-block-image size-full is-resized\"><a href=\"https:\/\/www.facebook.com\/FelixIsselin\"><img loading=\"lazy\" decoding=\"async\" width=\"180\" height=\"180\" src=\"https:\/\/olivierfelixisselin.com\/wp-content\/uploads\/2023\/06\/logo-fcbk.jpg\" alt=\"\" class=\"wp-image-2378\" style=\"object-fit:cover;width:45px;height:45px\" srcset=\"https:\/\/olivierfelixisselin.com\/wp-content\/uploads\/2023\/06\/logo-fcbk.jpg 180w, https:\/\/olivierfelixisselin.com\/wp-content\/uploads\/2023\/06\/logo-fcbk-150x150.jpg 150w\" sizes=\"auto, (max-width: 180px) 100vw, 180px\" \/><\/a><\/figure>\n<\/div>\n\n\n\n<div class=\"wp-block-column is-layout-flow wp-block-column-is-layout-flow\">\n<figure class=\"wp-block-image size-full is-resized\"><a href=\"https:\/\/www.linkedin.com\/in\/olivier-felix-isselin-31915b84\/\"><img loading=\"lazy\" decoding=\"async\" width=\"180\" height=\"180\" src=\"https:\/\/olivierfelixisselin.com\/wp-content\/uploads\/2023\/06\/lkdn.jpg\" alt=\"\" class=\"wp-image-2377\" style=\"object-fit:cover;width:45px;height:45px\" srcset=\"https:\/\/olivierfelixisselin.com\/wp-content\/uploads\/2023\/06\/lkdn.jpg 180w, https:\/\/olivierfelixisselin.com\/wp-content\/uploads\/2023\/06\/lkdn-150x150.jpg 150w\" sizes=\"auto, (max-width: 180px) 100vw, 180px\" \/><\/a><\/figure>\n<\/div>\n<\/div>\n<\/div>\n\n\n\n<div class=\"wp-block-column is-layout-flow wp-block-column-is-layout-flow\">\n<div class=\"wp-block-columns is-layout-flex wp-container-core-columns-is-layout-28f84493 wp-block-columns-is-layout-flex\">\n<div class=\"wp-block-column is-layout-flow wp-block-column-is-layout-flow\"><\/div>\n\n\n\n<div class=\"wp-block-column is-layout-flow wp-block-column-is-layout-flow\">\n<figure class=\"wp-block-image size-full\"><a href=\"https:\/\/olivierfelixisselin.com\/index.php\/en\/stainless-steel-pools\/\"><img loading=\"lazy\" decoding=\"async\" width=\"50\" height=\"26\" src=\"https:\/\/olivierfelixisselin.com\/wp-content\/uploads\/2023\/06\/UK.png\" alt=\"\" class=\"wp-image-2386\"\/><\/a><\/figure>\n<\/div>\n\n\n\n<div class=\"wp-block-column is-layout-flow wp-block-column-is-layout-flow\">\n<figure class=\"wp-block-image size-full\"><a href=\"https:\/\/olivierfelixisselin.com\/index.php\/les-piscines-inox-olivier-felix-isselin\/\"><img loading=\"lazy\" decoding=\"async\" width=\"50\" height=\"26\" src=\"https:\/\/olivierfelixisselin.com\/wp-content\/uploads\/2023\/06\/france.png\" alt=\"\" class=\"wp-image-2385\"\/><\/a><\/figure>\n<\/div>\n<\/div>\n<\/div>\n<\/div>\n","protected":false},"excerpt":{"rendered":"<p>Distribu\u00eddas sob a marca Linoxydable, estas piscinas s\u00e3o fabricadas 100% em a\u00e7o inoxid\u00e1vel 316L, conhecido [&hellip;]<\/p>\n","protected":false},"author":1,"featured_media":0,"parent":0,"menu_order":0,"comment_status":"closed","ping_status":"closed","template":"","meta":{"footnotes":""},"class_list":["post-2924","page","type-page","status-publish","hentry"],"yoast_head":"<!-- This site is optimized with the Yoast SEO plugin v27.3 - https:\/\/yoast.com\/product\/yoast-seo-wordpress\/ -->\n<title>Piscinas em inox. - Olivier Felix Isselin<\/title>\n<meta name=\"description\" content=\"Piscinas Linoxydable\u00a9 100% a\u00e7o inoxid\u00e1vel 316L - design OFI -\" \/>\n<meta name=\"robots\" content=\"index, follow, max-snippet:-1, max-image-preview:large, max-video-preview:-1\" \/>\n<link rel=\"canonical\" href=\"https:\/\/olivierfelixisselin.com\/index.php\/pt\/piscinas-em-inox\/\" \/>\n<meta property=\"og:locale\" content=\"fr_FR\" \/>\n<meta property=\"og:type\" content=\"article\" \/>\n<meta property=\"og:title\" content=\"Piscinas em inox. - Olivier Felix Isselin\" \/>\n<meta property=\"og:description\" content=\"Piscinas Linoxydable\u00a9 100% a\u00e7o inoxid\u00e1vel 316L - design OFI -\" \/>\n<meta property=\"og:url\" content=\"https:\/\/olivierfelixisselin.com\/index.php\/pt\/piscinas-em-inox\/\" \/>\n<meta property=\"og:site_name\" content=\"Olivier Felix Isselin\" \/>\n<meta property=\"article:publisher\" content=\"https:\/\/www.facebook.com\/FelixIsselin\" \/>\n<meta property=\"article:modified_time\" content=\"2023-11-06T19:53:58+00:00\" \/>\n<meta property=\"og:image\" content=\"https:\/\/olivierfelixisselin.com\/wp-content\/uploads\/2023\/06\/COULOIR12b-1024x576.jpeg\" \/>\n<meta name=\"twitter:card\" content=\"summary_large_image\" \/>\n<meta name=\"twitter:site\" content=\"@FelixISSELIN\" \/>\n<meta name=\"twitter:label1\" content=\"Dur\u00e9e de lecture estim\u00e9e\" \/>\n\t<meta name=\"twitter:data1\" content=\"3 minutes\" \/>\n<script type=\"application\/ld+json\" class=\"yoast-schema-graph\">{\"@context\":\"https:\\\/\\\/schema.org\",\"@graph\":[{\"@type\":\"WebPage\",\"@id\":\"https:\\\/\\\/olivierfelixisselin.com\\\/index.php\\\/pt\\\/piscinas-em-inox\\\/\",\"url\":\"https:\\\/\\\/olivierfelixisselin.com\\\/index.php\\\/pt\\\/piscinas-em-inox\\\/\",\"name\":\"Piscinas em inox. - Olivier Felix Isselin\",\"isPartOf\":{\"@id\":\"https:\\\/\\\/olivierfelixisselin.com\\\/#website\"},\"primaryImageOfPage\":{\"@id\":\"https:\\\/\\\/olivierfelixisselin.com\\\/index.php\\\/pt\\\/piscinas-em-inox\\\/#primaryimage\"},\"image\":{\"@id\":\"https:\\\/\\\/olivierfelixisselin.com\\\/index.php\\\/pt\\\/piscinas-em-inox\\\/#primaryimage\"},\"thumbnailUrl\":\"https:\\\/\\\/olivierfelixisselin.com\\\/wp-content\\\/uploads\\\/2023\\\/06\\\/COULOIR12b-1024x576.jpeg\",\"datePublished\":\"2023-11-06T19:52:54+00:00\",\"dateModified\":\"2023-11-06T19:53:58+00:00\",\"description\":\"Piscinas Linoxydable\u00a9 100% a\u00e7o inoxid\u00e1vel 316L - design OFI -\",\"breadcrumb\":{\"@id\":\"https:\\\/\\\/olivierfelixisselin.com\\\/index.php\\\/pt\\\/piscinas-em-inox\\\/#breadcrumb\"},\"inLanguage\":\"fr-FR\",\"potentialAction\":[{\"@type\":\"ReadAction\",\"target\":[\"https:\\\/\\\/olivierfelixisselin.com\\\/index.php\\\/pt\\\/piscinas-em-inox\\\/\"]}]},{\"@type\":\"ImageObject\",\"inLanguage\":\"fr-FR\",\"@id\":\"https:\\\/\\\/olivierfelixisselin.com\\\/index.php\\\/pt\\\/piscinas-em-inox\\\/#primaryimage\",\"url\":\"https:\\\/\\\/olivierfelixisselin.com\\\/wp-content\\\/uploads\\\/2023\\\/06\\\/COULOIR12b-1024x576.jpeg\",\"contentUrl\":\"https:\\\/\\\/olivierfelixisselin.com\\\/wp-content\\\/uploads\\\/2023\\\/06\\\/COULOIR12b-1024x576.jpeg\"},{\"@type\":\"BreadcrumbList\",\"@id\":\"https:\\\/\\\/olivierfelixisselin.com\\\/index.php\\\/pt\\\/piscinas-em-inox\\\/#breadcrumb\",\"itemListElement\":[{\"@type\":\"ListItem\",\"position\":1,\"name\":\"Accueil\",\"item\":\"https:\\\/\\\/olivierfelixisselin.com\\\/\"},{\"@type\":\"ListItem\",\"position\":2,\"name\":\"Piscinas em inox.\"}]},{\"@type\":\"WebSite\",\"@id\":\"https:\\\/\\\/olivierfelixisselin.com\\\/#website\",\"url\":\"https:\\\/\\\/olivierfelixisselin.com\\\/\",\"name\":\"Olivier Felix Isselin\",\"description\":\"- - -\",\"publisher\":{\"@id\":\"https:\\\/\\\/olivierfelixisselin.com\\\/#organization\"},\"alternateName\":\"OFI\",\"potentialAction\":[{\"@type\":\"SearchAction\",\"target\":{\"@type\":\"EntryPoint\",\"urlTemplate\":\"https:\\\/\\\/olivierfelixisselin.com\\\/?s={search_term_string}\"},\"query-input\":{\"@type\":\"PropertyValueSpecification\",\"valueRequired\":true,\"valueName\":\"search_term_string\"}}],\"inLanguage\":\"fr-FR\"},{\"@type\":\"Organization\",\"@id\":\"https:\\\/\\\/olivierfelixisselin.com\\\/#organization\",\"name\":\"Olivier Felix Isselin\",\"alternateName\":\"OFI\",\"url\":\"https:\\\/\\\/olivierfelixisselin.com\\\/\",\"logo\":{\"@type\":\"ImageObject\",\"inLanguage\":\"fr-FR\",\"@id\":\"https:\\\/\\\/olivierfelixisselin.com\\\/#\\\/schema\\\/logo\\\/image\\\/\",\"url\":\"https:\\\/\\\/olivierfelixisselin.com\\\/wp-content\\\/uploads\\\/2023\\\/05\\\/cropped-cropped-logo-fourmiliere-ikb.png\",\"contentUrl\":\"https:\\\/\\\/olivierfelixisselin.com\\\/wp-content\\\/uploads\\\/2023\\\/05\\\/cropped-cropped-logo-fourmiliere-ikb.png\",\"width\":512,\"height\":512,\"caption\":\"Olivier Felix Isselin\"},\"image\":{\"@id\":\"https:\\\/\\\/olivierfelixisselin.com\\\/#\\\/schema\\\/logo\\\/image\\\/\"},\"sameAs\":[\"https:\\\/\\\/www.facebook.com\\\/FelixIsselin\",\"https:\\\/\\\/x.com\\\/FelixISSELIN\",\"https:\\\/\\\/www.instagram.com\\\/felix.isselin\\\/\",\"https:\\\/\\\/www.linkedin.com\\\/in\\\/olivier-felix-isselin-31915b84\\\/\"]}]}<\/script>\n<!-- \/ Yoast SEO plugin. -->","yoast_head_json":{"title":"Piscinas em inox. - Olivier Felix Isselin","description":"Piscinas Linoxydable\u00a9 100% a\u00e7o inoxid\u00e1vel 316L - design OFI -","robots":{"index":"index","follow":"follow","max-snippet":"max-snippet:-1","max-image-preview":"max-image-preview:large","max-video-preview":"max-video-preview:-1"},"canonical":"https:\/\/olivierfelixisselin.com\/index.php\/pt\/piscinas-em-inox\/","og_locale":"fr_FR","og_type":"article","og_title":"Piscinas em inox. - Olivier Felix Isselin","og_description":"Piscinas Linoxydable\u00a9 100% a\u00e7o inoxid\u00e1vel 316L - design OFI -","og_url":"https:\/\/olivierfelixisselin.com\/index.php\/pt\/piscinas-em-inox\/","og_site_name":"Olivier Felix Isselin","article_publisher":"https:\/\/www.facebook.com\/FelixIsselin","article_modified_time":"2023-11-06T19:53:58+00:00","og_image":[{"url":"https:\/\/olivierfelixisselin.com\/wp-content\/uploads\/2023\/06\/COULOIR12b-1024x576.jpeg","type":"","width":"","height":""}],"twitter_card":"summary_large_image","twitter_site":"@FelixISSELIN","twitter_misc":{"Dur\u00e9e de lecture estim\u00e9e":"3 minutes"},"schema":{"@context":"https:\/\/schema.org","@graph":[{"@type":"WebPage","@id":"https:\/\/olivierfelixisselin.com\/index.php\/pt\/piscinas-em-inox\/","url":"https:\/\/olivierfelixisselin.com\/index.php\/pt\/piscinas-em-inox\/","name":"Piscinas em inox. - Olivier Felix Isselin","isPartOf":{"@id":"https:\/\/olivierfelixisselin.com\/#website"},"primaryImageOfPage":{"@id":"https:\/\/olivierfelixisselin.com\/index.php\/pt\/piscinas-em-inox\/#primaryimage"},"image":{"@id":"https:\/\/olivierfelixisselin.com\/index.php\/pt\/piscinas-em-inox\/#primaryimage"},"thumbnailUrl":"https:\/\/olivierfelixisselin.com\/wp-content\/uploads\/2023\/06\/COULOIR12b-1024x576.jpeg","datePublished":"2023-11-06T19:52:54+00:00","dateModified":"2023-11-06T19:53:58+00:00","description":"Piscinas Linoxydable\u00a9 100% a\u00e7o inoxid\u00e1vel 316L - design OFI -","breadcrumb":{"@id":"https:\/\/olivierfelixisselin.com\/index.php\/pt\/piscinas-em-inox\/#breadcrumb"},"inLanguage":"fr-FR","potentialAction":[{"@type":"ReadAction","target":["https:\/\/olivierfelixisselin.com\/index.php\/pt\/piscinas-em-inox\/"]}]},{"@type":"ImageObject","inLanguage":"fr-FR","@id":"https:\/\/olivierfelixisselin.com\/index.php\/pt\/piscinas-em-inox\/#primaryimage","url":"https:\/\/olivierfelixisselin.com\/wp-content\/uploads\/2023\/06\/COULOIR12b-1024x576.jpeg","contentUrl":"https:\/\/olivierfelixisselin.com\/wp-content\/uploads\/2023\/06\/COULOIR12b-1024x576.jpeg"},{"@type":"BreadcrumbList","@id":"https:\/\/olivierfelixisselin.com\/index.php\/pt\/piscinas-em-inox\/#breadcrumb","itemListElement":[{"@type":"ListItem","position":1,"name":"Accueil","item":"https:\/\/olivierfelixisselin.com\/"},{"@type":"ListItem","position":2,"name":"Piscinas em inox."}]},{"@type":"WebSite","@id":"https:\/\/olivierfelixisselin.com\/#website","url":"https:\/\/olivierfelixisselin.com\/","name":"Olivier Felix Isselin","description":"- - -","publisher":{"@id":"https:\/\/olivierfelixisselin.com\/#organization"},"alternateName":"OFI","potentialAction":[{"@type":"SearchAction","target":{"@type":"EntryPoint","urlTemplate":"https:\/\/olivierfelixisselin.com\/?s={search_term_string}"},"query-input":{"@type":"PropertyValueSpecification","valueRequired":true,"valueName":"search_term_string"}}],"inLanguage":"fr-FR"},{"@type":"Organization","@id":"https:\/\/olivierfelixisselin.com\/#organization","name":"Olivier Felix Isselin","alternateName":"OFI","url":"https:\/\/olivierfelixisselin.com\/","logo":{"@type":"ImageObject","inLanguage":"fr-FR","@id":"https:\/\/olivierfelixisselin.com\/#\/schema\/logo\/image\/","url":"https:\/\/olivierfelixisselin.com\/wp-content\/uploads\/2023\/05\/cropped-cropped-logo-fourmiliere-ikb.png","contentUrl":"https:\/\/olivierfelixisselin.com\/wp-content\/uploads\/2023\/05\/cropped-cropped-logo-fourmiliere-ikb.png","width":512,"height":512,"caption":"Olivier Felix Isselin"},"image":{"@id":"https:\/\/olivierfelixisselin.com\/#\/schema\/logo\/image\/"},"sameAs":["https:\/\/www.facebook.com\/FelixIsselin","https:\/\/x.com\/FelixISSELIN","https:\/\/www.instagram.com\/felix.isselin\/","https:\/\/www.linkedin.com\/in\/olivier-felix-isselin-31915b84\/"]}]}},"_links":{"self":[{"href":"https:\/\/olivierfelixisselin.com\/index.php\/wp-json\/wp\/v2\/pages\/2924","targetHints":{"allow":["GET"]}}],"collection":[{"href":"https:\/\/olivierfelixisselin.com\/index.php\/wp-json\/wp\/v2\/pages"}],"about":[{"href":"https:\/\/olivierfelixisselin.com\/index.php\/wp-json\/wp\/v2\/types\/page"}],"author":[{"embeddable":true,"href":"https:\/\/olivierfelixisselin.com\/index.php\/wp-json\/wp\/v2\/users\/1"}],"replies":[{"embeddable":true,"href":"https:\/\/olivierfelixisselin.com\/index.php\/wp-json\/wp\/v2\/comments?post=2924"}],"version-history":[{"count":3,"href":"https:\/\/olivierfelixisselin.com\/index.php\/wp-json\/wp\/v2\/pages\/2924\/revisions"}],"predecessor-version":[{"id":2929,"href":"https:\/\/olivierfelixisselin.com\/index.php\/wp-json\/wp\/v2\/pages\/2924\/revisions\/2929"}],"wp:attachment":[{"href":"https:\/\/olivierfelixisselin.com\/index.php\/wp-json\/wp\/v2\/media?parent=2924"}],"curies":[{"name":"wp","href":"https:\/\/api.w.org\/{rel}","templated":true}]}}