{"id":2917,"date":"2023-11-06T20:34:32","date_gmt":"2023-11-06T19:34:32","guid":{"rendered":"https:\/\/olivierfelixisselin.com\/?page_id=2917"},"modified":"2024-01-21T22:20:32","modified_gmt":"2024-01-21T21:20:32","slug":"spas-de-acero-inoxidable-2","status":"publish","type":"page","link":"https:\/\/olivierfelixisselin.com\/index.php\/pt\/spas-de-acero-inoxidable-2\/","title":{"rendered":"Spas de a\u00e7o inoxid\u00e1vel:"},"content":{"rendered":"\n<p class=\"has-large-font-size\"><strong>Cole\u00e7\u00e3o de spas em a\u00e7o inoxid\u00e1vel da marca Linoxydable \/ design OFI.<\/strong><\/p>\n\n\n\n<div style=\"height:28px\" aria-hidden=\"true\" class=\"wp-block-spacer\"><\/div>\n\n\n\n<div class=\"wp-block-buttons is-layout-flex wp-block-buttons-is-layout-flex\">\n<div class=\"wp-block-button has-custom-font-size is-style-outline has-small-font-size is-style-outline--1\"><a class=\"wp-block-button__link wp-element-button\" href=\"https:\/\/linoxydablespa.com\/index.php\/pt\/linoxydable-spas-em-aco-inoxidavel\/\" style=\"border-radius:0px\">Visite o site do <em>Linoxydable<\/em><\/a><\/div>\n<\/div>\n\n\n\n<div style=\"height:30px\" aria-hidden=\"true\" class=\"wp-block-spacer\"><\/div>\n\n\n\n<hr class=\"wp-block-separator has-text-color has-black-color has-alpha-channel-opacity has-black-background-color has-background is-style-wide\"\/>\n\n\n\n<div class=\"wp-block-columns is-layout-flex wp-container-core-columns-is-layout-28f84493 wp-block-columns-is-layout-flex\">\n<div class=\"wp-block-column is-layout-flow wp-block-column-is-layout-flow\">\n<h3 class=\"wp-block-heading\">Space Oddity.<\/h3>\n\n\n\n<p><strong>O spa que veio de outro lugar\u2026<\/strong><\/p>\n\n\n\n<div style=\"height:50px\" aria-hidden=\"true\" class=\"wp-block-spacer\"><\/div>\n\n\n\n<div class=\"wp-block-buttons is-layout-flex wp-block-buttons-is-layout-flex\">\n<div class=\"wp-block-button has-custom-font-size is-style-outline has-small-font-size is-style-outline--2\"><a class=\"wp-block-button__link wp-element-button\" href=\"https:\/\/olivierfelixisselin.com\/index.php\/pt\/space-oddity-3\/\" style=\"border-radius:0px\">Saber mais<\/a><\/div>\n<\/div>\n<\/div>\n\n\n\n<div class=\"wp-block-column is-layout-flow wp-block-column-is-layout-flow\">\n<figure class=\"wp-block-image size-large\"><img loading=\"lazy\" decoding=\"async\" width=\"1024\" height=\"1024\" src=\"https:\/\/olivierfelixisselin.com\/wp-content\/uploads\/2023\/06\/Space-Oddity-spa-1024x1024.jpeg\" alt=\"design awarded stainless steel spa - OFI design\" class=\"wp-image-2830\" srcset=\"https:\/\/olivierfelixisselin.com\/wp-content\/uploads\/2023\/06\/Space-Oddity-spa-1024x1024.jpeg 1024w, https:\/\/olivierfelixisselin.com\/wp-content\/uploads\/2023\/06\/Space-Oddity-spa-300x300.jpeg 300w, https:\/\/olivierfelixisselin.com\/wp-content\/uploads\/2023\/06\/Space-Oddity-spa-150x150.jpeg 150w, https:\/\/olivierfelixisselin.com\/wp-content\/uploads\/2023\/06\/Space-Oddity-spa-768x768.jpeg 768w, https:\/\/olivierfelixisselin.com\/wp-content\/uploads\/2023\/06\/Space-Oddity-spa-1536x1536.jpeg 1536w, https:\/\/olivierfelixisselin.com\/wp-content\/uploads\/2023\/06\/Space-Oddity-spa-600x600.jpeg 600w, https:\/\/olivierfelixisselin.com\/wp-content\/uploads\/2023\/06\/Space-Oddity-spa.jpeg 1764w\" sizes=\"auto, (max-width: 1024px) 100vw, 1024px\" \/><\/figure>\n<\/div>\n<\/div>\n\n\n\n<hr class=\"wp-block-separator has-text-color has-black-color has-alpha-channel-opacity has-black-background-color has-background is-style-wide\"\/>\n\n\n\n<div class=\"wp-block-columns is-layout-flex wp-container-core-columns-is-layout-28f84493 wp-block-columns-is-layout-flex\">\n<div class=\"wp-block-column is-layout-flow wp-block-column-is-layout-flow\">\n<h3 class=\"wp-block-heading\">My Funny Valentine.<\/h3>\n\n\n\n<p><strong><strong>A eleg\u00e2ncia do a\u00e7o para relaxar a dois.<\/strong><\/strong><\/p>\n<\/div>\n\n\n\n<div class=\"wp-block-column is-layout-flow wp-block-column-is-layout-flow\">\n<figure class=\"wp-block-image size-large\"><img loading=\"lazy\" decoding=\"async\" width=\"1024\" height=\"576\" src=\"https:\/\/olivierfelixisselin.com\/wp-content\/uploads\/2023\/06\/MFV2-1024x576.jpeg\" alt=\"&quot;My Funny Valentine&quot; stainless steel hot tub for two people - OFI design\" class=\"wp-image-2832\" srcset=\"https:\/\/olivierfelixisselin.com\/wp-content\/uploads\/2023\/06\/MFV2-1024x576.jpeg 1024w, https:\/\/olivierfelixisselin.com\/wp-content\/uploads\/2023\/06\/MFV2-300x169.jpeg 300w, https:\/\/olivierfelixisselin.com\/wp-content\/uploads\/2023\/06\/MFV2-768x432.jpeg 768w, https:\/\/olivierfelixisselin.com\/wp-content\/uploads\/2023\/06\/MFV2-1536x864.jpeg 1536w, https:\/\/olivierfelixisselin.com\/wp-content\/uploads\/2023\/06\/MFV2.jpeg 1950w\" sizes=\"auto, (max-width: 1024px) 100vw, 1024px\" \/><\/figure>\n<\/div>\n<\/div>\n\n\n\n<hr class=\"wp-block-separator has-text-color has-black-color has-alpha-channel-opacity has-black-background-color has-background is-style-wide\"\/>\n\n\n\n<div class=\"wp-block-columns is-layout-flex wp-container-core-columns-is-layout-28f84493 wp-block-columns-is-layout-flex\">\n<div class=\"wp-block-column is-layout-flow wp-block-column-is-layout-flow\">\n<h3 class=\"wp-block-heading\">Perfect Day.<\/h3>\n\n\n\n<p><strong>O spa de a\u00e7o inoxid\u00e1vel altamente personaliz\u00e1vel.<\/strong><\/p>\n<\/div>\n\n\n\n<div class=\"wp-block-column is-layout-flow wp-block-column-is-layout-flow\">\n<figure class=\"wp-block-image size-large\"><img loading=\"lazy\" decoding=\"async\" width=\"1024\" height=\"1024\" src=\"https:\/\/olivierfelixisselin.com\/wp-content\/uploads\/2023\/06\/Perfect-Day-sous-bois-3-1024x1024.jpeg\" alt=\"spa inox &quot;Perfect Day&quot; - OFIdesign\" class=\"wp-image-2834\" srcset=\"https:\/\/olivierfelixisselin.com\/wp-content\/uploads\/2023\/06\/Perfect-Day-sous-bois-3-1024x1024.jpeg 1024w, https:\/\/olivierfelixisselin.com\/wp-content\/uploads\/2023\/06\/Perfect-Day-sous-bois-3-300x300.jpeg 300w, https:\/\/olivierfelixisselin.com\/wp-content\/uploads\/2023\/06\/Perfect-Day-sous-bois-3-150x150.jpeg 150w, https:\/\/olivierfelixisselin.com\/wp-content\/uploads\/2023\/06\/Perfect-Day-sous-bois-3-768x768.jpeg 768w, https:\/\/olivierfelixisselin.com\/wp-content\/uploads\/2023\/06\/Perfect-Day-sous-bois-3-1536x1536.jpeg 1536w, https:\/\/olivierfelixisselin.com\/wp-content\/uploads\/2023\/06\/Perfect-Day-sous-bois-3-600x600.jpeg 600w, https:\/\/olivierfelixisselin.com\/wp-content\/uploads\/2023\/06\/Perfect-Day-sous-bois-3.jpeg 1950w\" sizes=\"auto, (max-width: 1024px) 100vw, 1024px\" \/><\/figure>\n<\/div>\n<\/div>\n\n\n\n<hr class=\"wp-block-separator has-text-color has-black-color has-alpha-channel-opacity has-black-background-color has-background is-style-wide\"\/>\n\n\n\n<div class=\"wp-block-columns is-layout-flex wp-container-core-columns-is-layout-28f84493 wp-block-columns-is-layout-flex\">\n<div class=\"wp-block-column is-layout-flow wp-block-column-is-layout-flow\">\n<h3 class=\"wp-block-heading\">It\u2019s a Beautiful Day.<\/h3>\n\n\n\n<p><strong>Um design elegante que serve funcionalidade.<\/strong><\/p>\n<\/div>\n\n\n\n<div class=\"wp-block-column is-layout-flow wp-block-column-is-layout-flow\">\n<figure class=\"wp-block-image size-large\"><img loading=\"lazy\" decoding=\"async\" width=\"1024\" height=\"731\" src=\"https:\/\/olivierfelixisselin.com\/wp-content\/uploads\/2023\/06\/ibf1-1024x731.jpeg\" alt=\"stainless steel hot-tub - OFI design\" class=\"wp-image-2836\" srcset=\"https:\/\/olivierfelixisselin.com\/wp-content\/uploads\/2023\/06\/ibf1-1024x731.jpeg 1024w, https:\/\/olivierfelixisselin.com\/wp-content\/uploads\/2023\/06\/ibf1-300x214.jpeg 300w, https:\/\/olivierfelixisselin.com\/wp-content\/uploads\/2023\/06\/ibf1-768x548.jpeg 768w, https:\/\/olivierfelixisselin.com\/wp-content\/uploads\/2023\/06\/ibf1.jpeg 1298w\" sizes=\"auto, (max-width: 1024px) 100vw, 1024px\" \/><\/figure>\n<\/div>\n<\/div>\n\n\n\n<hr class=\"wp-block-separator has-text-color has-black-color has-alpha-channel-opacity has-black-background-color has-background is-style-wide\"\/>\n\n\n\n<div class=\"wp-block-columns is-layout-flex wp-container-core-columns-is-layout-28f84493 wp-block-columns-is-layout-flex\">\n<div class=\"wp-block-column is-layout-flow wp-block-column-is-layout-flow\">\n<h3 class=\"wp-block-heading\">Come together.<\/h3>\n\n\n\n<p><strong>O spa de a\u00e7o inoxid\u00e1vel XXL de f\u00e1cil utiliza\u00e7\u00e3o.<\/strong><\/p>\n<\/div>\n\n\n\n<div class=\"wp-block-column is-layout-flow wp-block-column-is-layout-flow\">\n<figure class=\"wp-block-image size-large\"><img loading=\"lazy\" decoding=\"async\" width=\"1024\" height=\"576\" src=\"https:\/\/olivierfelixisselin.com\/wp-content\/uploads\/2023\/06\/come-toguether-p-120-2-cotes-1024x576.jpeg\" alt=\"XXL stainless steel spa\" class=\"wp-image-2839\" srcset=\"https:\/\/olivierfelixisselin.com\/wp-content\/uploads\/2023\/06\/come-toguether-p-120-2-cotes-1024x576.jpeg 1024w, https:\/\/olivierfelixisselin.com\/wp-content\/uploads\/2023\/06\/come-toguether-p-120-2-cotes-300x169.jpeg 300w, https:\/\/olivierfelixisselin.com\/wp-content\/uploads\/2023\/06\/come-toguether-p-120-2-cotes-768x432.jpeg 768w, https:\/\/olivierfelixisselin.com\/wp-content\/uploads\/2023\/06\/come-toguether-p-120-2-cotes-1536x864.jpeg 1536w, https:\/\/olivierfelixisselin.com\/wp-content\/uploads\/2023\/06\/come-toguether-p-120-2-cotes.jpeg 1950w\" sizes=\"auto, (max-width: 1024px) 100vw, 1024px\" \/><\/figure>\n<\/div>\n<\/div>\n\n\n\n<hr class=\"wp-block-separator has-text-color has-black-color has-alpha-channel-opacity has-black-background-color has-background is-style-wide\"\/>\n\n\n\n<div class=\"wp-block-columns is-layout-flex wp-container-core-columns-is-layout-28f84493 wp-block-columns-is-layout-flex\">\n<div class=\"wp-block-column is-layout-flow wp-block-column-is-layout-flow\">\n<h3 class=\"wp-block-heading\">Hurricane.<\/h3>\n\n\n\n<p><strong>O spa de nata\u00e7\u00e3o em a\u00e7o inoxid\u00e1vel com turbina de nata\u00e7\u00e3o integrada.<\/strong><\/p>\n<\/div>\n\n\n\n<div class=\"wp-block-column is-layout-flow wp-block-column-is-layout-flow\">\n<figure class=\"wp-block-image size-full\"><img loading=\"lazy\" decoding=\"async\" width=\"800\" height=\"450\" src=\"https:\/\/olivierfelixisselin.com\/wp-content\/uploads\/2023\/06\/hurricaneHD1.jpeg\" alt=\"stainless steel plunge pool designed by OFI\" class=\"wp-image-2842\" srcset=\"https:\/\/olivierfelixisselin.com\/wp-content\/uploads\/2023\/06\/hurricaneHD1.jpeg 800w, https:\/\/olivierfelixisselin.com\/wp-content\/uploads\/2023\/06\/hurricaneHD1-300x169.jpeg 300w, https:\/\/olivierfelixisselin.com\/wp-content\/uploads\/2023\/06\/hurricaneHD1-768x432.jpeg 768w\" sizes=\"auto, (max-width: 800px) 100vw, 800px\" \/><\/figure>\n<\/div>\n<\/div>\n\n\n\n<hr class=\"wp-block-separator has-text-color has-black-color has-alpha-channel-opacity has-black-background-color has-background is-style-wide\"\/>\n\n\n\n<div class=\"wp-block-columns is-layout-flex wp-container-core-columns-is-layout-28f84493 wp-block-columns-is-layout-flex\">\n<div class=\"wp-block-column is-layout-flow wp-block-column-is-layout-flow\">\n<p><a href=\"https:\/\/olivierfelixisselin.com\/index.php\/pt\/\">&lt;&lt;&lt; Voltar \u00e0 p\u00e1gina inicial<\/a><\/p>\n<\/div>\n\n\n\n<div class=\"wp-block-column is-layout-flow wp-block-column-is-layout-flow\">\n<div class=\"wp-block-columns is-layout-flex wp-container-core-columns-is-layout-28f84493 wp-block-columns-is-layout-flex\">\n<div class=\"wp-block-column is-layout-flow wp-block-column-is-layout-flow\">\n<figure class=\"wp-block-image size-full is-resized\"><a href=\"https:\/\/www.instagram.com\/felix.isselin\/\"><img loading=\"lazy\" decoding=\"async\" width=\"180\" height=\"180\" src=\"https:\/\/olivierfelixisselin.com\/wp-content\/uploads\/2023\/06\/insta-1.jpg\" alt=\"instagram link Olivier Felix Isselin\" class=\"wp-image-2379\" style=\"object-fit:cover;width:45px;height:45px\" srcset=\"https:\/\/olivierfelixisselin.com\/wp-content\/uploads\/2023\/06\/insta-1.jpg 180w, https:\/\/olivierfelixisselin.com\/wp-content\/uploads\/2023\/06\/insta-1-150x150.jpg 150w\" sizes=\"auto, (max-width: 180px) 100vw, 180px\" \/><\/a><\/figure>\n<\/div>\n\n\n\n<div class=\"wp-block-column is-layout-flow wp-block-column-is-layout-flow\">\n<figure class=\"wp-block-image size-full is-resized\"><a href=\"https:\/\/www.facebook.com\/FelixIsselin\/\"><img loading=\"lazy\" decoding=\"async\" width=\"180\" height=\"180\" src=\"https:\/\/olivierfelixisselin.com\/wp-content\/uploads\/2023\/06\/logo-fcbk.jpg\" alt=\"\" class=\"wp-image-2378\" style=\"object-fit:cover;width:45px;height:45px\" srcset=\"https:\/\/olivierfelixisselin.com\/wp-content\/uploads\/2023\/06\/logo-fcbk.jpg 180w, https:\/\/olivierfelixisselin.com\/wp-content\/uploads\/2023\/06\/logo-fcbk-150x150.jpg 150w\" sizes=\"auto, (max-width: 180px) 100vw, 180px\" \/><\/a><\/figure>\n<\/div>\n\n\n\n<div class=\"wp-block-column is-layout-flow wp-block-column-is-layout-flow\">\n<figure class=\"wp-block-image size-full is-resized\"><a href=\"https:\/\/www.linkedin.com\/in\/olivier-felix-isselin-31915b84\/\"><img loading=\"lazy\" decoding=\"async\" width=\"180\" height=\"180\" src=\"https:\/\/olivierfelixisselin.com\/wp-content\/uploads\/2023\/06\/lkdn.jpg\" alt=\"\" class=\"wp-image-2377\" style=\"object-fit:cover;width:45px;height:45px\" srcset=\"https:\/\/olivierfelixisselin.com\/wp-content\/uploads\/2023\/06\/lkdn.jpg 180w, https:\/\/olivierfelixisselin.com\/wp-content\/uploads\/2023\/06\/lkdn-150x150.jpg 150w\" sizes=\"auto, (max-width: 180px) 100vw, 180px\" \/><\/a><\/figure>\n<\/div>\n<\/div>\n<\/div>\n\n\n\n<div class=\"wp-block-column is-layout-flow wp-block-column-is-layout-flow\">\n<div class=\"wp-block-columns is-layout-flex wp-container-core-columns-is-layout-28f84493 wp-block-columns-is-layout-flex\">\n<div class=\"wp-block-column is-layout-flow wp-block-column-is-layout-flow\"><\/div>\n\n\n\n<div class=\"wp-block-column is-layout-flow wp-block-column-is-layout-flow\">\n<figure class=\"wp-block-image size-full\"><a href=\"https:\/\/olivierfelixisselin.com\/index.php\/en\/inox-spas-olivier-felix-isselin-designer\/\"><img loading=\"lazy\" decoding=\"async\" width=\"50\" height=\"26\" src=\"https:\/\/olivierfelixisselin.com\/wp-content\/uploads\/2023\/06\/UK.png\" alt=\"\" class=\"wp-image-2386\"\/><\/a><\/figure>\n<\/div>\n\n\n\n<div class=\"wp-block-column is-layout-flow wp-block-column-is-layout-flow\">\n<figure class=\"wp-block-image size-full\"><a href=\"https:\/\/olivierfelixisselin.com\/index.php\/les-spas-designer-olivier-felix-isselin-ofi\/\"><img loading=\"lazy\" decoding=\"async\" width=\"50\" height=\"26\" src=\"https:\/\/olivierfelixisselin.com\/wp-content\/uploads\/2023\/06\/france.png\" alt=\"\" class=\"wp-image-2385\"\/><\/a><\/figure>\n<\/div>\n<\/div>\n<\/div>\n<\/div>\n","protected":false},"excerpt":{"rendered":"<p>Cole\u00e7\u00e3o de spas em a\u00e7o inoxid\u00e1vel da marca Linoxydable \/ design OFI. Space Oddity. O [&hellip;]<\/p>\n","protected":false},"author":1,"featured_media":0,"parent":0,"menu_order":0,"comment_status":"closed","ping_status":"closed","template":"","meta":{"footnotes":""},"class_list":["post-2917","page","type-page","status-publish","hentry"],"yoast_head":"<!-- This site is optimized with the Yoast SEO plugin v27.3 - https:\/\/yoast.com\/product\/yoast-seo-wordpress\/ -->\n<title>Spas de a\u00e7o inoxid\u00e1vel: - Design Olivier Felix Isselin<\/title>\n<meta name=\"description\" content=\"Colecci\u00f3n de spas de acero inoxidable de la marca Linoxydable \/ dise\u00f1o OFI.\" \/>\n<meta name=\"robots\" content=\"index, follow, max-snippet:-1, max-image-preview:large, max-video-preview:-1\" \/>\n<link rel=\"canonical\" href=\"https:\/\/olivierfelixisselin.com\/index.php\/pt\/spas-de-acero-inoxidable-2\/\" \/>\n<meta property=\"og:locale\" content=\"fr_FR\" \/>\n<meta property=\"og:type\" content=\"article\" \/>\n<meta property=\"og:title\" content=\"Spas de a\u00e7o inoxid\u00e1vel: - Design Olivier Felix Isselin\" \/>\n<meta property=\"og:description\" content=\"Colecci\u00f3n de spas de acero inoxidable de la marca Linoxydable \/ dise\u00f1o OFI.\" \/>\n<meta property=\"og:url\" content=\"https:\/\/olivierfelixisselin.com\/index.php\/pt\/spas-de-acero-inoxidable-2\/\" \/>\n<meta property=\"og:site_name\" content=\"Olivier Felix Isselin\" \/>\n<meta property=\"article:publisher\" content=\"https:\/\/www.facebook.com\/FelixIsselin\" \/>\n<meta property=\"article:modified_time\" content=\"2024-01-21T21:20:32+00:00\" \/>\n<meta property=\"og:image\" content=\"https:\/\/olivierfelixisselin.com\/wp-content\/uploads\/2023\/06\/Space-Oddity-spa-1024x1024.jpeg\" \/>\n<meta name=\"twitter:card\" content=\"summary_large_image\" \/>\n<meta name=\"twitter:site\" content=\"@FelixISSELIN\" \/>\n<meta name=\"twitter:label1\" content=\"Dur\u00e9e de lecture estim\u00e9e\" \/>\n\t<meta name=\"twitter:data1\" content=\"3 minutes\" \/>\n<script type=\"application\/ld+json\" class=\"yoast-schema-graph\">{\"@context\":\"https:\\\/\\\/schema.org\",\"@graph\":[{\"@type\":\"WebPage\",\"@id\":\"https:\\\/\\\/olivierfelixisselin.com\\\/index.php\\\/pt\\\/spas-de-acero-inoxidable-2\\\/\",\"url\":\"https:\\\/\\\/olivierfelixisselin.com\\\/index.php\\\/pt\\\/spas-de-acero-inoxidable-2\\\/\",\"name\":\"Spas de a\u00e7o inoxid\u00e1vel: - Design Olivier Felix Isselin\",\"isPartOf\":{\"@id\":\"https:\\\/\\\/olivierfelixisselin.com\\\/#website\"},\"primaryImageOfPage\":{\"@id\":\"https:\\\/\\\/olivierfelixisselin.com\\\/index.php\\\/pt\\\/spas-de-acero-inoxidable-2\\\/#primaryimage\"},\"image\":{\"@id\":\"https:\\\/\\\/olivierfelixisselin.com\\\/index.php\\\/pt\\\/spas-de-acero-inoxidable-2\\\/#primaryimage\"},\"thumbnailUrl\":\"https:\\\/\\\/olivierfelixisselin.com\\\/wp-content\\\/uploads\\\/2023\\\/06\\\/Space-Oddity-spa-1024x1024.jpeg\",\"datePublished\":\"2023-11-06T19:34:32+00:00\",\"dateModified\":\"2024-01-21T21:20:32+00:00\",\"description\":\"Colecci\u00f3n de spas de acero inoxidable de la marca Linoxydable \\\/ dise\u00f1o OFI.\",\"breadcrumb\":{\"@id\":\"https:\\\/\\\/olivierfelixisselin.com\\\/index.php\\\/pt\\\/spas-de-acero-inoxidable-2\\\/#breadcrumb\"},\"inLanguage\":\"fr-FR\",\"potentialAction\":[{\"@type\":\"ReadAction\",\"target\":[\"https:\\\/\\\/olivierfelixisselin.com\\\/index.php\\\/pt\\\/spas-de-acero-inoxidable-2\\\/\"]}]},{\"@type\":\"ImageObject\",\"inLanguage\":\"fr-FR\",\"@id\":\"https:\\\/\\\/olivierfelixisselin.com\\\/index.php\\\/pt\\\/spas-de-acero-inoxidable-2\\\/#primaryimage\",\"url\":\"https:\\\/\\\/olivierfelixisselin.com\\\/wp-content\\\/uploads\\\/2023\\\/06\\\/Space-Oddity-spa-1024x1024.jpeg\",\"contentUrl\":\"https:\\\/\\\/olivierfelixisselin.com\\\/wp-content\\\/uploads\\\/2023\\\/06\\\/Space-Oddity-spa-1024x1024.jpeg\"},{\"@type\":\"BreadcrumbList\",\"@id\":\"https:\\\/\\\/olivierfelixisselin.com\\\/index.php\\\/pt\\\/spas-de-acero-inoxidable-2\\\/#breadcrumb\",\"itemListElement\":[{\"@type\":\"ListItem\",\"position\":1,\"name\":\"Accueil\",\"item\":\"https:\\\/\\\/olivierfelixisselin.com\\\/\"},{\"@type\":\"ListItem\",\"position\":2,\"name\":\"Spas de a\u00e7o inoxid\u00e1vel:\"}]},{\"@type\":\"WebSite\",\"@id\":\"https:\\\/\\\/olivierfelixisselin.com\\\/#website\",\"url\":\"https:\\\/\\\/olivierfelixisselin.com\\\/\",\"name\":\"Olivier Felix Isselin\",\"description\":\"- - -\",\"publisher\":{\"@id\":\"https:\\\/\\\/olivierfelixisselin.com\\\/#organization\"},\"alternateName\":\"OFI\",\"potentialAction\":[{\"@type\":\"SearchAction\",\"target\":{\"@type\":\"EntryPoint\",\"urlTemplate\":\"https:\\\/\\\/olivierfelixisselin.com\\\/?s={search_term_string}\"},\"query-input\":{\"@type\":\"PropertyValueSpecification\",\"valueRequired\":true,\"valueName\":\"search_term_string\"}}],\"inLanguage\":\"fr-FR\"},{\"@type\":\"Organization\",\"@id\":\"https:\\\/\\\/olivierfelixisselin.com\\\/#organization\",\"name\":\"Olivier Felix Isselin\",\"alternateName\":\"OFI\",\"url\":\"https:\\\/\\\/olivierfelixisselin.com\\\/\",\"logo\":{\"@type\":\"ImageObject\",\"inLanguage\":\"fr-FR\",\"@id\":\"https:\\\/\\\/olivierfelixisselin.com\\\/#\\\/schema\\\/logo\\\/image\\\/\",\"url\":\"https:\\\/\\\/olivierfelixisselin.com\\\/wp-content\\\/uploads\\\/2023\\\/05\\\/cropped-cropped-logo-fourmiliere-ikb.png\",\"contentUrl\":\"https:\\\/\\\/olivierfelixisselin.com\\\/wp-content\\\/uploads\\\/2023\\\/05\\\/cropped-cropped-logo-fourmiliere-ikb.png\",\"width\":512,\"height\":512,\"caption\":\"Olivier Felix Isselin\"},\"image\":{\"@id\":\"https:\\\/\\\/olivierfelixisselin.com\\\/#\\\/schema\\\/logo\\\/image\\\/\"},\"sameAs\":[\"https:\\\/\\\/www.facebook.com\\\/FelixIsselin\",\"https:\\\/\\\/x.com\\\/FelixISSELIN\",\"https:\\\/\\\/www.instagram.com\\\/felix.isselin\\\/\",\"https:\\\/\\\/www.linkedin.com\\\/in\\\/olivier-felix-isselin-31915b84\\\/\"]}]}<\/script>\n<!-- \/ Yoast SEO plugin. -->","yoast_head_json":{"title":"Spas de a\u00e7o inoxid\u00e1vel: - Design Olivier Felix Isselin","description":"Colecci\u00f3n de spas de acero inoxidable de la marca Linoxydable \/ dise\u00f1o OFI.","robots":{"index":"index","follow":"follow","max-snippet":"max-snippet:-1","max-image-preview":"max-image-preview:large","max-video-preview":"max-video-preview:-1"},"canonical":"https:\/\/olivierfelixisselin.com\/index.php\/pt\/spas-de-acero-inoxidable-2\/","og_locale":"fr_FR","og_type":"article","og_title":"Spas de a\u00e7o inoxid\u00e1vel: - Design Olivier Felix Isselin","og_description":"Colecci\u00f3n de spas de acero inoxidable de la marca Linoxydable \/ dise\u00f1o OFI.","og_url":"https:\/\/olivierfelixisselin.com\/index.php\/pt\/spas-de-acero-inoxidable-2\/","og_site_name":"Olivier Felix Isselin","article_publisher":"https:\/\/www.facebook.com\/FelixIsselin","article_modified_time":"2024-01-21T21:20:32+00:00","og_image":[{"url":"https:\/\/olivierfelixisselin.com\/wp-content\/uploads\/2023\/06\/Space-Oddity-spa-1024x1024.jpeg","type":"","width":"","height":""}],"twitter_card":"summary_large_image","twitter_site":"@FelixISSELIN","twitter_misc":{"Dur\u00e9e de lecture estim\u00e9e":"3 minutes"},"schema":{"@context":"https:\/\/schema.org","@graph":[{"@type":"WebPage","@id":"https:\/\/olivierfelixisselin.com\/index.php\/pt\/spas-de-acero-inoxidable-2\/","url":"https:\/\/olivierfelixisselin.com\/index.php\/pt\/spas-de-acero-inoxidable-2\/","name":"Spas de a\u00e7o inoxid\u00e1vel: - Design Olivier Felix Isselin","isPartOf":{"@id":"https:\/\/olivierfelixisselin.com\/#website"},"primaryImageOfPage":{"@id":"https:\/\/olivierfelixisselin.com\/index.php\/pt\/spas-de-acero-inoxidable-2\/#primaryimage"},"image":{"@id":"https:\/\/olivierfelixisselin.com\/index.php\/pt\/spas-de-acero-inoxidable-2\/#primaryimage"},"thumbnailUrl":"https:\/\/olivierfelixisselin.com\/wp-content\/uploads\/2023\/06\/Space-Oddity-spa-1024x1024.jpeg","datePublished":"2023-11-06T19:34:32+00:00","dateModified":"2024-01-21T21:20:32+00:00","description":"Colecci\u00f3n de spas de acero inoxidable de la marca Linoxydable \/ dise\u00f1o OFI.","breadcrumb":{"@id":"https:\/\/olivierfelixisselin.com\/index.php\/pt\/spas-de-acero-inoxidable-2\/#breadcrumb"},"inLanguage":"fr-FR","potentialAction":[{"@type":"ReadAction","target":["https:\/\/olivierfelixisselin.com\/index.php\/pt\/spas-de-acero-inoxidable-2\/"]}]},{"@type":"ImageObject","inLanguage":"fr-FR","@id":"https:\/\/olivierfelixisselin.com\/index.php\/pt\/spas-de-acero-inoxidable-2\/#primaryimage","url":"https:\/\/olivierfelixisselin.com\/wp-content\/uploads\/2023\/06\/Space-Oddity-spa-1024x1024.jpeg","contentUrl":"https:\/\/olivierfelixisselin.com\/wp-content\/uploads\/2023\/06\/Space-Oddity-spa-1024x1024.jpeg"},{"@type":"BreadcrumbList","@id":"https:\/\/olivierfelixisselin.com\/index.php\/pt\/spas-de-acero-inoxidable-2\/#breadcrumb","itemListElement":[{"@type":"ListItem","position":1,"name":"Accueil","item":"https:\/\/olivierfelixisselin.com\/"},{"@type":"ListItem","position":2,"name":"Spas de a\u00e7o inoxid\u00e1vel:"}]},{"@type":"WebSite","@id":"https:\/\/olivierfelixisselin.com\/#website","url":"https:\/\/olivierfelixisselin.com\/","name":"Olivier Felix Isselin","description":"- - -","publisher":{"@id":"https:\/\/olivierfelixisselin.com\/#organization"},"alternateName":"OFI","potentialAction":[{"@type":"SearchAction","target":{"@type":"EntryPoint","urlTemplate":"https:\/\/olivierfelixisselin.com\/?s={search_term_string}"},"query-input":{"@type":"PropertyValueSpecification","valueRequired":true,"valueName":"search_term_string"}}],"inLanguage":"fr-FR"},{"@type":"Organization","@id":"https:\/\/olivierfelixisselin.com\/#organization","name":"Olivier Felix Isselin","alternateName":"OFI","url":"https:\/\/olivierfelixisselin.com\/","logo":{"@type":"ImageObject","inLanguage":"fr-FR","@id":"https:\/\/olivierfelixisselin.com\/#\/schema\/logo\/image\/","url":"https:\/\/olivierfelixisselin.com\/wp-content\/uploads\/2023\/05\/cropped-cropped-logo-fourmiliere-ikb.png","contentUrl":"https:\/\/olivierfelixisselin.com\/wp-content\/uploads\/2023\/05\/cropped-cropped-logo-fourmiliere-ikb.png","width":512,"height":512,"caption":"Olivier Felix Isselin"},"image":{"@id":"https:\/\/olivierfelixisselin.com\/#\/schema\/logo\/image\/"},"sameAs":["https:\/\/www.facebook.com\/FelixIsselin","https:\/\/x.com\/FelixISSELIN","https:\/\/www.instagram.com\/felix.isselin\/","https:\/\/www.linkedin.com\/in\/olivier-felix-isselin-31915b84\/"]}]}},"_links":{"self":[{"href":"https:\/\/olivierfelixisselin.com\/index.php\/wp-json\/wp\/v2\/pages\/2917","targetHints":{"allow":["GET"]}}],"collection":[{"href":"https:\/\/olivierfelixisselin.com\/index.php\/wp-json\/wp\/v2\/pages"}],"about":[{"href":"https:\/\/olivierfelixisselin.com\/index.php\/wp-json\/wp\/v2\/types\/page"}],"author":[{"embeddable":true,"href":"https:\/\/olivierfelixisselin.com\/index.php\/wp-json\/wp\/v2\/users\/1"}],"replies":[{"embeddable":true,"href":"https:\/\/olivierfelixisselin.com\/index.php\/wp-json\/wp\/v2\/comments?post=2917"}],"version-history":[{"count":9,"href":"https:\/\/olivierfelixisselin.com\/index.php\/wp-json\/wp\/v2\/pages\/2917\/revisions"}],"predecessor-version":[{"id":4658,"href":"https:\/\/olivierfelixisselin.com\/index.php\/wp-json\/wp\/v2\/pages\/2917\/revisions\/4658"}],"wp:attachment":[{"href":"https:\/\/olivierfelixisselin.com\/index.php\/wp-json\/wp\/v2\/media?parent=2917"}],"curies":[{"name":"wp","href":"https:\/\/api.w.org\/{rel}","templated":true}]}}