{"id":117,"date":"2023-05-27T06:00:53","date_gmt":"2023-05-27T04:00:53","guid":{"rendered":"http:\/\/olivierfelixisselin.com\/?page_id=117"},"modified":"2025-09-05T08:50:28","modified_gmt":"2025-09-05T06:50:28","slug":"space-oddity","status":"publish","type":"page","link":"https:\/\/olivierfelixisselin.com\/index.php\/space-oddity\/","title":{"rendered":"Space Oddity."},"content":{"rendered":"\n<h5 class=\"wp-block-heading\">Le Spa qui venait d&rsquo;ailleurs<\/h5>\n\n\n\n<figure class=\"wp-block-image size-large\"><img loading=\"lazy\" decoding=\"async\" width=\"1024\" height=\"389\" src=\"https:\/\/olivierfelixisselin.com\/wp-content\/uploads\/2023\/05\/Capture-decran-2023-04-20-a-19.41.41-1024x389.png\" alt=\"\" class=\"wp-image-118\" srcset=\"https:\/\/olivierfelixisselin.com\/wp-content\/uploads\/2023\/05\/Capture-decran-2023-04-20-a-19.41.41-1024x389.png 1024w, https:\/\/olivierfelixisselin.com\/wp-content\/uploads\/2023\/05\/Capture-decran-2023-04-20-a-19.41.41-300x114.png 300w, https:\/\/olivierfelixisselin.com\/wp-content\/uploads\/2023\/05\/Capture-decran-2023-04-20-a-19.41.41-768x292.png 768w, https:\/\/olivierfelixisselin.com\/wp-content\/uploads\/2023\/05\/Capture-decran-2023-04-20-a-19.41.41.png 1164w\" sizes=\"auto, (max-width: 1024px) 100vw, 1024px\" \/><\/figure>\n\n\n\n<p>Space Oddity joue avec la gravit\u00e9 gr\u00e2ce \u00e0 ses lignes \u00e9l\u00e9gantes et \u00e0 son utilisation de l&rsquo;acier inoxydable, lui permettant de se fondre harmonieusement dans tout environnement int\u00e9rieur ou ext\u00e9rieur, qu&rsquo;il soit contemporain ou classique. Ses esth\u00e9tiques ne compromettent pas le confort d&rsquo;utilisation, offrant un si\u00e8ge ergonomique, une surface int\u00e9rieure douce au toucher et la possibilit\u00e9 d&rsquo;ajouter blowers et des jets selon les besoins. Des options telles que le choix de la grille (forme et mat\u00e9riau) et la couleur du r\u00e9servoir rendent chaque Space Oddity unique. De plus, ce spa \u00e0 d\u00e9bordement en acier inoxydable est r\u00e9sistant aux intemp\u00e9ries et facile \u00e0 entretenir. Enfin, il est enti\u00e8rement recyclable.<\/p>\n\n\n\n<div class=\"wp-block-columns is-layout-flex wp-container-core-columns-is-layout-28f84493 wp-block-columns-is-layout-flex\">\n<div class=\"wp-block-column is-vertically-aligned-center is-layout-flow wp-block-column-is-layout-flow\"><div class=\"wp-block-image\">\n<figure class=\"aligncenter size-large is-resized\"><a href=\"https:\/\/competition.adesignaward.com\/gooddesign.php?ID=150247\"><img loading=\"lazy\" decoding=\"async\" width=\"1024\" height=\"1024\" src=\"https:\/\/olivierfelixisselin.com\/wp-content\/uploads\/2023\/05\/2023-150247-logo-badge-1024x1024.png\" alt=\"logo bathroom furniture &amp; sanitary ware A design award winner\" class=\"wp-image-99\" style=\"object-fit:cover;width:200px;height:200px\" srcset=\"https:\/\/olivierfelixisselin.com\/wp-content\/uploads\/2023\/05\/2023-150247-logo-badge-1024x1024.png 1024w, https:\/\/olivierfelixisselin.com\/wp-content\/uploads\/2023\/05\/2023-150247-logo-badge-300x300.png 300w, https:\/\/olivierfelixisselin.com\/wp-content\/uploads\/2023\/05\/2023-150247-logo-badge-150x150.png 150w, https:\/\/olivierfelixisselin.com\/wp-content\/uploads\/2023\/05\/2023-150247-logo-badge-768x768.png 768w, https:\/\/olivierfelixisselin.com\/wp-content\/uploads\/2023\/05\/2023-150247-logo-badge-1536x1536.png 1536w, https:\/\/olivierfelixisselin.com\/wp-content\/uploads\/2023\/05\/2023-150247-logo-badge-600x600.png 600w, https:\/\/olivierfelixisselin.com\/wp-content\/uploads\/2023\/05\/2023-150247-logo-badge.png 1800w\" sizes=\"auto, (max-width: 1024px) 100vw, 1024px\" \/><\/a><\/figure>\n<\/div><\/div>\n\n\n\n<div class=\"wp-block-column is-vertically-aligned-center is-layout-flow wp-block-column-is-layout-flow\"><div class=\"wp-block-image\">\n<figure class=\"aligncenter size-full is-resized\"><img loading=\"lazy\" decoding=\"async\" width=\"648\" height=\"576\" src=\"https:\/\/olivierfelixisselin.com\/wp-content\/uploads\/2024\/02\/EPDASeal.png\" alt=\"logo European product design award\" class=\"wp-image-4816\" style=\"width:auto;height:125px\" srcset=\"https:\/\/olivierfelixisselin.com\/wp-content\/uploads\/2024\/02\/EPDASeal.png 648w, https:\/\/olivierfelixisselin.com\/wp-content\/uploads\/2024\/02\/EPDASeal-300x267.png 300w\" sizes=\"auto, (max-width: 648px) 100vw, 648px\" \/><\/figure>\n<\/div><\/div>\n\n\n\n<div class=\"wp-block-column is-vertically-aligned-center is-layout-flow wp-block-column-is-layout-flow\"><div class=\"wp-block-image\">\n<figure class=\"aligncenter size-full is-resized\"><img loading=\"lazy\" decoding=\"async\" width=\"230\" height=\"197\" src=\"https:\/\/olivierfelixisselin.com\/wp-content\/uploads\/2024\/01\/SIGNATURE_Le-FD100-2.png\" alt=\"\" class=\"wp-image-4558\" style=\"width:auto;height:125px\"\/><\/figure>\n<\/div><\/div>\n<\/div>\n\n\n\n<div class=\"wp-block-columns is-layout-flex wp-container-core-columns-is-layout-28f84493 wp-block-columns-is-layout-flex\">\n<div class=\"wp-block-column is-layout-flow wp-block-column-is-layout-flow\"><div class=\"wp-block-image\">\n<figure class=\"aligncenter size-large is-resized\"><a href=\"https:\/\/gpdp-award.fr\/timeless-spa\/\"><img loading=\"lazy\" decoding=\"async\" width=\"1024\" height=\"529\" src=\"https:\/\/olivierfelixisselin.com\/wp-content\/uploads\/2024\/01\/logo-gpdp-2024-1024x529.png\" alt=\"\" class=\"wp-image-4518\" style=\"width:auto;height:135px\" srcset=\"https:\/\/olivierfelixisselin.com\/wp-content\/uploads\/2024\/01\/logo-gpdp-2024-1024x529.png 1024w, https:\/\/olivierfelixisselin.com\/wp-content\/uploads\/2024\/01\/logo-gpdp-2024-300x155.png 300w, https:\/\/olivierfelixisselin.com\/wp-content\/uploads\/2024\/01\/logo-gpdp-2024-768x397.png 768w, https:\/\/olivierfelixisselin.com\/wp-content\/uploads\/2024\/01\/logo-gpdp-2024-1536x793.png 1536w, https:\/\/olivierfelixisselin.com\/wp-content\/uploads\/2024\/01\/logo-gpdp-2024.png 1760w\" sizes=\"auto, (max-width: 1024px) 100vw, 1024px\" \/><\/a><\/figure>\n<\/div><\/div>\n\n\n\n<div class=\"wp-block-column is-layout-flow wp-block-column-is-layout-flow\"><div class=\"wp-block-image\">\n<figure class=\"aligncenter size-large is-resized\"><a href=\"https:\/\/dna.paris\/winner\/zoom.php?eid=71-90764-23\"><img loading=\"lazy\" decoding=\"async\" width=\"830\" height=\"1024\" src=\"https:\/\/olivierfelixisselin.com\/wp-content\/uploads\/2023\/07\/BADGE-WINNER-2023-830x1024.png\" alt=\"Paris design award logo vainqueur 2023\" class=\"wp-image-1619\" style=\"width:auto;height:140px\" srcset=\"https:\/\/olivierfelixisselin.com\/wp-content\/uploads\/2023\/07\/BADGE-WINNER-2023-830x1024.png 830w, https:\/\/olivierfelixisselin.com\/wp-content\/uploads\/2023\/07\/BADGE-WINNER-2023-243x300.png 243w, https:\/\/olivierfelixisselin.com\/wp-content\/uploads\/2023\/07\/BADGE-WINNER-2023-768x948.png 768w, https:\/\/olivierfelixisselin.com\/wp-content\/uploads\/2023\/07\/BADGE-WINNER-2023-1245x1536.png 1245w, https:\/\/olivierfelixisselin.com\/wp-content\/uploads\/2023\/07\/BADGE-WINNER-2023-1660x2048.png 1660w, https:\/\/olivierfelixisselin.com\/wp-content\/uploads\/2023\/07\/BADGE-WINNER-2023.png 2048w\" sizes=\"auto, (max-width: 830px) 100vw, 830px\" \/><\/a><\/figure>\n<\/div><\/div>\n\n\n\n<div class=\"wp-block-column is-layout-flow wp-block-column-is-layout-flow\"><div class=\"wp-block-image\">\n<figure class=\"aligncenter size-large is-resized\"><a href=\"https:\/\/idpa-japan.com\/timeless-spa\/\"><img loading=\"lazy\" decoding=\"async\" width=\"1024\" height=\"496\" src=\"https:\/\/olivierfelixisselin.com\/wp-content\/uploads\/2023\/06\/logo-japan-design-award-2023-1024x496.jpeg\" alt=\"logo Japan Design Awards\" class=\"wp-image-1119\" style=\"width:auto;height:135px\" srcset=\"https:\/\/olivierfelixisselin.com\/wp-content\/uploads\/2023\/06\/logo-japan-design-award-2023-1024x496.jpeg 1024w, https:\/\/olivierfelixisselin.com\/wp-content\/uploads\/2023\/06\/logo-japan-design-award-2023-300x145.jpeg 300w, https:\/\/olivierfelixisselin.com\/wp-content\/uploads\/2023\/06\/logo-japan-design-award-2023-768x372.jpeg 768w, https:\/\/olivierfelixisselin.com\/wp-content\/uploads\/2023\/06\/logo-japan-design-award-2023.jpeg 1238w\" sizes=\"auto, (max-width: 1024px) 100vw, 1024px\" \/><\/a><\/figure>\n<\/div><\/div>\n<\/div>\n\n\n\n<div style=\"height:30px\" aria-hidden=\"true\" class=\"wp-block-spacer\"><\/div>\n\n\n\n<div style=\"height:30px\" aria-hidden=\"true\" class=\"wp-block-spacer\"><\/div>\n\n\n\n<hr class=\"wp-block-separator has-text-color has-black-color has-alpha-channel-opacity has-black-background-color has-background is-style-wide\"\/>\n\n\n\n<div class=\"wp-block-columns is-layout-flex wp-container-core-columns-is-layout-28f84493 wp-block-columns-is-layout-flex\">\n<div class=\"wp-block-column is-layout-flow wp-block-column-is-layout-flow\">\n<p><a href=\"https:\/\/olivierfelixisselin.com\">&lt;&lt;&lt; Homepage.<\/a><\/p>\n<\/div>\n\n\n\n<div class=\"wp-block-column is-layout-flow wp-block-column-is-layout-flow\">\n<div class=\"wp-block-columns is-layout-flex wp-container-core-columns-is-layout-28f84493 wp-block-columns-is-layout-flex\">\n<div class=\"wp-block-column is-layout-flow wp-block-column-is-layout-flow\">\n<figure class=\"wp-block-image size-full is-resized\"><a href=\"https:\/\/www.instagram.com\/felix.isselin\/\"><img loading=\"lazy\" decoding=\"async\" width=\"180\" height=\"180\" src=\"https:\/\/olivierfelixisselin.com\/wp-content\/uploads\/2023\/06\/insta-1.jpg\" alt=\"lien insta Olivier Felix Isselin\" class=\"wp-image-396\" style=\"object-fit:cover;width:30px;height:30px\" srcset=\"https:\/\/olivierfelixisselin.com\/wp-content\/uploads\/2023\/06\/insta-1.jpg 180w, https:\/\/olivierfelixisselin.com\/wp-content\/uploads\/2023\/06\/insta-1-150x150.jpg 150w\" sizes=\"auto, (max-width: 180px) 100vw, 180px\" \/><\/a><\/figure>\n<\/div>\n\n\n\n<div class=\"wp-block-column is-layout-flow wp-block-column-is-layout-flow\">\n<figure class=\"wp-block-image size-full is-resized\"><a href=\"https:\/\/www.facebook.com\/FelixIsselin\/\"><img loading=\"lazy\" decoding=\"async\" width=\"180\" height=\"180\" src=\"https:\/\/olivierfelixisselin.com\/wp-content\/uploads\/2023\/06\/logo-fcbk.jpg\" alt=\"\" class=\"wp-image-393\" style=\"object-fit:cover;width:30px;height:30px\" srcset=\"https:\/\/olivierfelixisselin.com\/wp-content\/uploads\/2023\/06\/logo-fcbk.jpg 180w, https:\/\/olivierfelixisselin.com\/wp-content\/uploads\/2023\/06\/logo-fcbk-150x150.jpg 150w\" sizes=\"auto, (max-width: 180px) 100vw, 180px\" \/><\/a><\/figure>\n<\/div>\n\n\n\n<div class=\"wp-block-column is-layout-flow wp-block-column-is-layout-flow\">\n<figure class=\"wp-block-image size-full is-resized\"><a href=\"https:\/\/www.linkedin.com\/in\/olivier-felix-isselin-31915b84\/\"><img loading=\"lazy\" decoding=\"async\" width=\"180\" height=\"180\" src=\"https:\/\/olivierfelixisselin.com\/wp-content\/uploads\/2023\/06\/lkdn.jpg\" alt=\"\" class=\"wp-image-392\" style=\"object-fit:cover;width:30px;height:30px\" srcset=\"https:\/\/olivierfelixisselin.com\/wp-content\/uploads\/2023\/06\/lkdn.jpg 180w, https:\/\/olivierfelixisselin.com\/wp-content\/uploads\/2023\/06\/lkdn-150x150.jpg 150w\" sizes=\"auto, (max-width: 180px) 100vw, 180px\" \/><\/a><\/figure>\n<\/div>\n<\/div>\n<\/div>\n\n\n\n<div class=\"wp-block-column is-layout-flow wp-block-column-is-layout-flow\">\n<div class=\"wp-block-columns is-layout-flex wp-container-core-columns-is-layout-28f84493 wp-block-columns-is-layout-flex\">\n<div class=\"wp-block-column is-layout-flow wp-block-column-is-layout-flow\"><\/div>\n\n\n\n<div class=\"wp-block-column is-layout-flow wp-block-column-is-layout-flow\"><\/div>\n\n\n\n<div class=\"wp-block-column is-layout-flow wp-block-column-is-layout-flow\">\n<figure class=\"wp-block-image size-full is-resized\"><a href=\"https:\/\/olivierfelixisselin.com\/index.php\/en\/space-oddity-en\/\"><img loading=\"lazy\" decoding=\"async\" width=\"50\" height=\"26\" src=\"https:\/\/olivierfelixisselin.com\/wp-content\/uploads\/2023\/06\/UK.png\" alt=\"\" class=\"wp-image-582\" style=\"object-fit:cover;width:38px;height:20px\"\/><\/a><\/figure>\n<\/div>\n<\/div>\n<\/div>\n<\/div>\n","protected":false},"excerpt":{"rendered":"<p>Le Spa qui venait d&rsquo;ailleurs Space Oddity joue avec la gravit\u00e9 gr\u00e2ce \u00e0 ses lignes [&hellip;]<\/p>\n","protected":false},"author":1,"featured_media":0,"parent":0,"menu_order":0,"comment_status":"closed","ping_status":"closed","template":"","meta":{"footnotes":""},"class_list":["post-117","page","type-page","status-publish","hentry"],"yoast_head":"<!-- This site is optimized with the Yoast SEO plugin v27.4 - https:\/\/yoast.com\/product\/yoast-seo-wordpress\/ -->\n<title>Space Oddity. - Olivier Felix Isselin<\/title>\n<meta name=\"description\" content=\"Silhouette \u00e9l\u00e9gante tout en finesse, bords incurv\u00e9s et formes capsulaires conf\u00e8rent \u00e0 ce spa en inox son apparence l\u00e9g\u00e8re et joyeuse.\" \/>\n<meta name=\"robots\" content=\"index, follow, max-snippet:-1, max-image-preview:large, max-video-preview:-1\" \/>\n<link rel=\"canonical\" href=\"https:\/\/olivierfelixisselin.com\/index.php\/space-oddity\/\" \/>\n<meta property=\"og:locale\" content=\"fr_FR\" \/>\n<meta property=\"og:type\" content=\"article\" \/>\n<meta property=\"og:title\" content=\"Space Oddity. - Olivier Felix Isselin\" \/>\n<meta property=\"og:description\" content=\"Silhouette \u00e9l\u00e9gante tout en finesse, bords incurv\u00e9s et formes capsulaires conf\u00e8rent \u00e0 ce spa en inox son apparence l\u00e9g\u00e8re et joyeuse.\" \/>\n<meta property=\"og:url\" content=\"https:\/\/olivierfelixisselin.com\/index.php\/space-oddity\/\" \/>\n<meta property=\"og:site_name\" content=\"Olivier Felix Isselin\" \/>\n<meta property=\"article:publisher\" content=\"https:\/\/www.facebook.com\/FelixIsselin\" \/>\n<meta property=\"article:modified_time\" content=\"2025-09-05T06:50:28+00:00\" \/>\n<meta property=\"og:image\" content=\"http:\/\/olivierfelixisselin.com\/wp-content\/uploads\/2023\/05\/Capture-decran-2023-04-20-a-19.41.41-1024x389.png\" \/>\n<meta name=\"twitter:card\" content=\"summary_large_image\" \/>\n<meta name=\"twitter:site\" content=\"@FelixISSELIN\" \/>\n<meta name=\"twitter:label1\" content=\"Dur\u00e9e de lecture estim\u00e9e\" \/>\n\t<meta name=\"twitter:data1\" content=\"3 minutes\" \/>\n<script type=\"application\/ld+json\" class=\"yoast-schema-graph\">{\"@context\":\"https:\\\/\\\/schema.org\",\"@graph\":[{\"@type\":\"WebPage\",\"@id\":\"https:\\\/\\\/olivierfelixisselin.com\\\/index.php\\\/space-oddity\\\/\",\"url\":\"https:\\\/\\\/olivierfelixisselin.com\\\/index.php\\\/space-oddity\\\/\",\"name\":\"Space Oddity. - Olivier Felix Isselin\",\"isPartOf\":{\"@id\":\"https:\\\/\\\/olivierfelixisselin.com\\\/#website\"},\"primaryImageOfPage\":{\"@id\":\"https:\\\/\\\/olivierfelixisselin.com\\\/index.php\\\/space-oddity\\\/#primaryimage\"},\"image\":{\"@id\":\"https:\\\/\\\/olivierfelixisselin.com\\\/index.php\\\/space-oddity\\\/#primaryimage\"},\"thumbnailUrl\":\"http:\\\/\\\/olivierfelixisselin.com\\\/wp-content\\\/uploads\\\/2023\\\/05\\\/Capture-decran-2023-04-20-a-19.41.41-1024x389.png\",\"datePublished\":\"2023-05-27T04:00:53+00:00\",\"dateModified\":\"2025-09-05T06:50:28+00:00\",\"description\":\"Silhouette \u00e9l\u00e9gante tout en finesse, bords incurv\u00e9s et formes capsulaires conf\u00e8rent \u00e0 ce spa en inox son apparence l\u00e9g\u00e8re et joyeuse.\",\"breadcrumb\":{\"@id\":\"https:\\\/\\\/olivierfelixisselin.com\\\/index.php\\\/space-oddity\\\/#breadcrumb\"},\"inLanguage\":\"fr-FR\",\"potentialAction\":[{\"@type\":\"ReadAction\",\"target\":[\"https:\\\/\\\/olivierfelixisselin.com\\\/index.php\\\/space-oddity\\\/\"]}]},{\"@type\":\"ImageObject\",\"inLanguage\":\"fr-FR\",\"@id\":\"https:\\\/\\\/olivierfelixisselin.com\\\/index.php\\\/space-oddity\\\/#primaryimage\",\"url\":\"http:\\\/\\\/olivierfelixisselin.com\\\/wp-content\\\/uploads\\\/2023\\\/05\\\/Capture-decran-2023-04-20-a-19.41.41-1024x389.png\",\"contentUrl\":\"http:\\\/\\\/olivierfelixisselin.com\\\/wp-content\\\/uploads\\\/2023\\\/05\\\/Capture-decran-2023-04-20-a-19.41.41-1024x389.png\"},{\"@type\":\"BreadcrumbList\",\"@id\":\"https:\\\/\\\/olivierfelixisselin.com\\\/index.php\\\/space-oddity\\\/#breadcrumb\",\"itemListElement\":[{\"@type\":\"ListItem\",\"position\":1,\"name\":\"Accueil\",\"item\":\"https:\\\/\\\/olivierfelixisselin.com\\\/\"},{\"@type\":\"ListItem\",\"position\":2,\"name\":\"Space Oddity.\"}]},{\"@type\":\"WebSite\",\"@id\":\"https:\\\/\\\/olivierfelixisselin.com\\\/#website\",\"url\":\"https:\\\/\\\/olivierfelixisselin.com\\\/\",\"name\":\"Olivier Felix Isselin\",\"description\":\"- - -\",\"publisher\":{\"@id\":\"https:\\\/\\\/olivierfelixisselin.com\\\/#organization\"},\"alternateName\":\"OFI\",\"potentialAction\":[{\"@type\":\"SearchAction\",\"target\":{\"@type\":\"EntryPoint\",\"urlTemplate\":\"https:\\\/\\\/olivierfelixisselin.com\\\/?s={search_term_string}\"},\"query-input\":{\"@type\":\"PropertyValueSpecification\",\"valueRequired\":true,\"valueName\":\"search_term_string\"}}],\"inLanguage\":\"fr-FR\"},{\"@type\":\"Organization\",\"@id\":\"https:\\\/\\\/olivierfelixisselin.com\\\/#organization\",\"name\":\"Olivier Felix Isselin\",\"alternateName\":\"OFI\",\"url\":\"https:\\\/\\\/olivierfelixisselin.com\\\/\",\"logo\":{\"@type\":\"ImageObject\",\"inLanguage\":\"fr-FR\",\"@id\":\"https:\\\/\\\/olivierfelixisselin.com\\\/#\\\/schema\\\/logo\\\/image\\\/\",\"url\":\"https:\\\/\\\/olivierfelixisselin.com\\\/wp-content\\\/uploads\\\/2023\\\/05\\\/cropped-cropped-logo-fourmiliere-ikb.png\",\"contentUrl\":\"https:\\\/\\\/olivierfelixisselin.com\\\/wp-content\\\/uploads\\\/2023\\\/05\\\/cropped-cropped-logo-fourmiliere-ikb.png\",\"width\":512,\"height\":512,\"caption\":\"Olivier Felix Isselin\"},\"image\":{\"@id\":\"https:\\\/\\\/olivierfelixisselin.com\\\/#\\\/schema\\\/logo\\\/image\\\/\"},\"sameAs\":[\"https:\\\/\\\/www.facebook.com\\\/FelixIsselin\",\"https:\\\/\\\/x.com\\\/FelixISSELIN\",\"https:\\\/\\\/www.instagram.com\\\/felix.isselin\\\/\",\"https:\\\/\\\/www.linkedin.com\\\/in\\\/olivier-felix-isselin-31915b84\\\/\"]}]}<\/script>\n<!-- \/ Yoast SEO plugin. -->","yoast_head_json":{"title":"Space Oddity. - Olivier Felix Isselin","description":"Silhouette \u00e9l\u00e9gante tout en finesse, bords incurv\u00e9s et formes capsulaires conf\u00e8rent \u00e0 ce spa en inox son apparence l\u00e9g\u00e8re et joyeuse.","robots":{"index":"index","follow":"follow","max-snippet":"max-snippet:-1","max-image-preview":"max-image-preview:large","max-video-preview":"max-video-preview:-1"},"canonical":"https:\/\/olivierfelixisselin.com\/index.php\/space-oddity\/","og_locale":"fr_FR","og_type":"article","og_title":"Space Oddity. - Olivier Felix Isselin","og_description":"Silhouette \u00e9l\u00e9gante tout en finesse, bords incurv\u00e9s et formes capsulaires conf\u00e8rent \u00e0 ce spa en inox son apparence l\u00e9g\u00e8re et joyeuse.","og_url":"https:\/\/olivierfelixisselin.com\/index.php\/space-oddity\/","og_site_name":"Olivier Felix Isselin","article_publisher":"https:\/\/www.facebook.com\/FelixIsselin","article_modified_time":"2025-09-05T06:50:28+00:00","og_image":[{"url":"http:\/\/olivierfelixisselin.com\/wp-content\/uploads\/2023\/05\/Capture-decran-2023-04-20-a-19.41.41-1024x389.png","type":"","width":"","height":""}],"twitter_card":"summary_large_image","twitter_site":"@FelixISSELIN","twitter_misc":{"Dur\u00e9e de lecture estim\u00e9e":"3 minutes"},"schema":{"@context":"https:\/\/schema.org","@graph":[{"@type":"WebPage","@id":"https:\/\/olivierfelixisselin.com\/index.php\/space-oddity\/","url":"https:\/\/olivierfelixisselin.com\/index.php\/space-oddity\/","name":"Space Oddity. - Olivier Felix Isselin","isPartOf":{"@id":"https:\/\/olivierfelixisselin.com\/#website"},"primaryImageOfPage":{"@id":"https:\/\/olivierfelixisselin.com\/index.php\/space-oddity\/#primaryimage"},"image":{"@id":"https:\/\/olivierfelixisselin.com\/index.php\/space-oddity\/#primaryimage"},"thumbnailUrl":"http:\/\/olivierfelixisselin.com\/wp-content\/uploads\/2023\/05\/Capture-decran-2023-04-20-a-19.41.41-1024x389.png","datePublished":"2023-05-27T04:00:53+00:00","dateModified":"2025-09-05T06:50:28+00:00","description":"Silhouette \u00e9l\u00e9gante tout en finesse, bords incurv\u00e9s et formes capsulaires conf\u00e8rent \u00e0 ce spa en inox son apparence l\u00e9g\u00e8re et joyeuse.","breadcrumb":{"@id":"https:\/\/olivierfelixisselin.com\/index.php\/space-oddity\/#breadcrumb"},"inLanguage":"fr-FR","potentialAction":[{"@type":"ReadAction","target":["https:\/\/olivierfelixisselin.com\/index.php\/space-oddity\/"]}]},{"@type":"ImageObject","inLanguage":"fr-FR","@id":"https:\/\/olivierfelixisselin.com\/index.php\/space-oddity\/#primaryimage","url":"http:\/\/olivierfelixisselin.com\/wp-content\/uploads\/2023\/05\/Capture-decran-2023-04-20-a-19.41.41-1024x389.png","contentUrl":"http:\/\/olivierfelixisselin.com\/wp-content\/uploads\/2023\/05\/Capture-decran-2023-04-20-a-19.41.41-1024x389.png"},{"@type":"BreadcrumbList","@id":"https:\/\/olivierfelixisselin.com\/index.php\/space-oddity\/#breadcrumb","itemListElement":[{"@type":"ListItem","position":1,"name":"Accueil","item":"https:\/\/olivierfelixisselin.com\/"},{"@type":"ListItem","position":2,"name":"Space Oddity."}]},{"@type":"WebSite","@id":"https:\/\/olivierfelixisselin.com\/#website","url":"https:\/\/olivierfelixisselin.com\/","name":"Olivier Felix Isselin","description":"- - -","publisher":{"@id":"https:\/\/olivierfelixisselin.com\/#organization"},"alternateName":"OFI","potentialAction":[{"@type":"SearchAction","target":{"@type":"EntryPoint","urlTemplate":"https:\/\/olivierfelixisselin.com\/?s={search_term_string}"},"query-input":{"@type":"PropertyValueSpecification","valueRequired":true,"valueName":"search_term_string"}}],"inLanguage":"fr-FR"},{"@type":"Organization","@id":"https:\/\/olivierfelixisselin.com\/#organization","name":"Olivier Felix Isselin","alternateName":"OFI","url":"https:\/\/olivierfelixisselin.com\/","logo":{"@type":"ImageObject","inLanguage":"fr-FR","@id":"https:\/\/olivierfelixisselin.com\/#\/schema\/logo\/image\/","url":"https:\/\/olivierfelixisselin.com\/wp-content\/uploads\/2023\/05\/cropped-cropped-logo-fourmiliere-ikb.png","contentUrl":"https:\/\/olivierfelixisselin.com\/wp-content\/uploads\/2023\/05\/cropped-cropped-logo-fourmiliere-ikb.png","width":512,"height":512,"caption":"Olivier Felix Isselin"},"image":{"@id":"https:\/\/olivierfelixisselin.com\/#\/schema\/logo\/image\/"},"sameAs":["https:\/\/www.facebook.com\/FelixIsselin","https:\/\/x.com\/FelixISSELIN","https:\/\/www.instagram.com\/felix.isselin\/","https:\/\/www.linkedin.com\/in\/olivier-felix-isselin-31915b84\/"]}]}},"_links":{"self":[{"href":"https:\/\/olivierfelixisselin.com\/index.php\/wp-json\/wp\/v2\/pages\/117","targetHints":{"allow":["GET"]}}],"collection":[{"href":"https:\/\/olivierfelixisselin.com\/index.php\/wp-json\/wp\/v2\/pages"}],"about":[{"href":"https:\/\/olivierfelixisselin.com\/index.php\/wp-json\/wp\/v2\/types\/page"}],"author":[{"embeddable":true,"href":"https:\/\/olivierfelixisselin.com\/index.php\/wp-json\/wp\/v2\/users\/1"}],"replies":[{"embeddable":true,"href":"https:\/\/olivierfelixisselin.com\/index.php\/wp-json\/wp\/v2\/comments?post=117"}],"version-history":[{"count":19,"href":"https:\/\/olivierfelixisselin.com\/index.php\/wp-json\/wp\/v2\/pages\/117\/revisions"}],"predecessor-version":[{"id":4980,"href":"https:\/\/olivierfelixisselin.com\/index.php\/wp-json\/wp\/v2\/pages\/117\/revisions\/4980"}],"wp:attachment":[{"href":"https:\/\/olivierfelixisselin.com\/index.php\/wp-json\/wp\/v2\/media?parent=117"}],"curies":[{"name":"wp","href":"https:\/\/api.w.org\/{rel}","templated":true}]}}